{"id":66891,"date":"2026-01-20T20:15:08","date_gmt":"2026-01-21T00:15:08","guid":{"rendered":"https:\/\/mvbabes.com\/?post_type=product&#038;p=66891"},"modified":"2026-01-22T10:57:58","modified_gmt":"2026-01-22T14:57:58","slug":"caurel-triad-pendant","status":"publish","type":"product","link":"https:\/\/mvbabes.com\/es\/product\/caurel-triad-pendant\/","title":{"rendered":"Caurel Triad Pendant"},"content":{"rendered":"<p><a class=\"confirm_avail2\" href=\"https:\/\/wa.me\/18093508629?text=Hi,I%20am%20interested%20in%20the%Caurel%20Triad%20Pendant...https:\/\/mvbabes.com\/product\/caurel-triad-pendant\" target=\"_blank\" rel=\"noopener\">CONTACTA UNA MVAJADORA<\/a><\/p>\n<p class=\"mobile_desc\">Suspendidas en equilibrio, las esferas Hurit\u00e1 del Caurel Triad Pendant trazan una composici\u00f3n vertical que desciende con intenci\u00f3n. La triada se convierte en s\u00edmbolo de continuidad, capturando el instante en que la forma se manifiesta con calma.a<\/p>","protected":false},"excerpt":{"rendered":"<p>Suspendidas en equilibrio, las esferas Hurit\u00e1 del Caurel Triad Pendant trazan una composici\u00f3n vertical que desciende con intenci\u00f3n. La triada se convierte en s\u00edmbolo de continuidad, capturando el instante en que la forma se manifiesta con calma.a<\/p>","protected":false},"featured_media":66935,"template":"","meta":{"footnotes":"","_links_to":"","_links_to_target":""},"product_brand":[],"product_cat":[1035,1042,1007,1041,1058],"product_tag":[1059],"giftcard-category":[],"class_list":{"0":"post-66891","1":"product","2":"type-product","3":"status-publish","4":"has-post-thumbnail","6":"product_cat-caurel","7":"product_cat-for-her","8":"product_cat-shop","9":"product_cat-the-mv-edit","10":"product_cat-the-valentines-edit","11":"product_tag-valentines","12":"pa_by-type-neckpieces","13":"pa_collection-caurel","14":"pa_color-blazing-burgundy-dote-red","15":"pa_color-jazzy-green-electric-blue","16":"pa_material-18k-gold-micron-plating","17":"pa_shop-for-babes","18":"pa_short-material-18k-micron-plating","20":"first","21":"instock","22":"shipping-taxable","23":"purchasable","24":"product-type-variable","25":"has-default-attributes","26":"add-to-wishlist-before_image"},"_links":{"self":[{"href":"https:\/\/mvbabes.com\/es\/wp-json\/wp\/v2\/product\/66891","targetHints":{"allow":["GET"]}}],"collection":[{"href":"https:\/\/mvbabes.com\/es\/wp-json\/wp\/v2\/product"}],"about":[{"href":"https:\/\/mvbabes.com\/es\/wp-json\/wp\/v2\/types\/product"}],"version-history":[{"count":0,"href":"https:\/\/mvbabes.com\/es\/wp-json\/wp\/v2\/product\/66891\/revisions"}],"wp:featuredmedia":[{"embeddable":true,"href":"https:\/\/mvbabes.com\/es\/wp-json\/wp\/v2\/media\/66935"}],"wp:attachment":[{"href":"https:\/\/mvbabes.com\/es\/wp-json\/wp\/v2\/media?parent=66891"}],"wp:term":[{"taxonomy":"product_brand","embeddable":true,"href":"https:\/\/mvbabes.com\/es\/wp-json\/wp\/v2\/product_brand?post=66891"},{"taxonomy":"product_cat","embeddable":true,"href":"https:\/\/mvbabes.com\/es\/wp-json\/wp\/v2\/product_cat?post=66891"},{"taxonomy":"product_tag","embeddable":true,"href":"https:\/\/mvbabes.com\/es\/wp-json\/wp\/v2\/product_tag?post=66891"},{"taxonomy":"giftcard-category","embeddable":true,"href":"https:\/\/mvbabes.com\/es\/wp-json\/wp\/v2\/giftcard-category?post=66891"}],"curies":[{"name":"wp","href":"https:\/\/api.w.org\/{rel}","templated":true}]}}