{"id":65406,"date":"2025-11-16T15:47:08","date_gmt":"2025-11-16T19:47:08","guid":{"rendered":"https:\/\/mvbabes.com\/?post_type=product&#038;p=65406"},"modified":"2026-01-20T20:41:18","modified_gmt":"2026-01-21T00:41:18","slug":"caurel-mist-drop-necklace-silver","status":"publish","type":"product","link":"https:\/\/mvbabes.com\/es\/product\/caurel-mist-drop-necklace-silver\/","title":{"rendered":"Caurel Mist Drop Necklace"},"content":{"rendered":"<p><a class=\"confirm_avail2\" href=\"https:\/\/wa.me\/18093508629?text=Hi,I%20am%20interested%20in%20the%20Caurel%20Mist%20Drop%20Necklace...https:\/\/mvbabes.com\/product\/caurel-mist-drop-necklace-silver\" target=\"_blank\" rel=\"noopener\">CONTACTA UNA MVAJADORA<\/a><\/p>\n<p class=\"mobile_desc\">El Caurel Mist Drop Necklace captura el instante exacto en que una esfera Hurit\u00e1 toca la piel, uniendo lo et\u00e9reo y lo sentido. Un emblema del arte escult\u00f3rico de Monica Varela Jewelry, donde cada ca\u00edda se transforma en bendici\u00f3n.<\/p>","protected":false},"excerpt":{"rendered":"<p>El Caurel Mist Drop Necklace captura el instante exacto en que una esfera Hurit\u00e1 toca la piel, uniendo lo et\u00e9reo y lo sentido. Un emblema del arte escult\u00f3rico de Monica Varela Jewelry, donde cada ca\u00edda se transforma en bendici\u00f3n.<\/p>","protected":false},"featured_media":65728,"template":"","meta":{"footnotes":"","_links_to":"","_links_to_target":""},"product_brand":[],"product_cat":[1035,1042,1007,1041],"product_tag":[1010,991,1050,1054,1056],"giftcard-category":[],"class_list":{"0":"post-65406","1":"product","2":"type-product","3":"status-publish","4":"has-post-thumbnail","6":"product_cat-caurel","7":"product_cat-for-her","8":"product_cat-shop","9":"product_cat-the-mv-edit","10":"product_tag-catalogo","11":"product_tag-for-her","12":"product_tag-new-in","13":"product_tag-platinum-micron-plating","14":"product_tag-silver","15":"pa_by-type-neckpieces","16":"pa_collection-caurel","17":"pa_color-blazing-burgundy-dote-red","18":"pa_color-jazzy-green-electric-blue","19":"pa_material-925-sterling-silver","20":"pa_shop-for-babes","21":"pa_short-material-platinum-micron-plating","23":"first","24":"instock","25":"shipping-taxable","26":"purchasable","27":"product-type-variable","28":"has-default-attributes","29":"add-to-wishlist-before_image"},"_links":{"self":[{"href":"https:\/\/mvbabes.com\/es\/wp-json\/wp\/v2\/product\/65406","targetHints":{"allow":["GET"]}}],"collection":[{"href":"https:\/\/mvbabes.com\/es\/wp-json\/wp\/v2\/product"}],"about":[{"href":"https:\/\/mvbabes.com\/es\/wp-json\/wp\/v2\/types\/product"}],"version-history":[{"count":0,"href":"https:\/\/mvbabes.com\/es\/wp-json\/wp\/v2\/product\/65406\/revisions"}],"wp:featuredmedia":[{"embeddable":true,"href":"https:\/\/mvbabes.com\/es\/wp-json\/wp\/v2\/media\/65728"}],"wp:attachment":[{"href":"https:\/\/mvbabes.com\/es\/wp-json\/wp\/v2\/media?parent=65406"}],"wp:term":[{"taxonomy":"product_brand","embeddable":true,"href":"https:\/\/mvbabes.com\/es\/wp-json\/wp\/v2\/product_brand?post=65406"},{"taxonomy":"product_cat","embeddable":true,"href":"https:\/\/mvbabes.com\/es\/wp-json\/wp\/v2\/product_cat?post=65406"},{"taxonomy":"product_tag","embeddable":true,"href":"https:\/\/mvbabes.com\/es\/wp-json\/wp\/v2\/product_tag?post=65406"},{"taxonomy":"giftcard-category","embeddable":true,"href":"https:\/\/mvbabes.com\/es\/wp-json\/wp\/v2\/giftcard-category?post=65406"}],"curies":[{"name":"wp","href":"https:\/\/api.w.org\/{rel}","templated":true}]}}