{"id":65386,"date":"2025-11-16T14:59:30","date_gmt":"2025-11-16T18:59:30","guid":{"rendered":"https:\/\/mvbabes.com\/?post_type=product&#038;p=65386"},"modified":"2026-01-20T20:40:56","modified_gmt":"2026-01-21T00:40:56","slug":"caurel-mist-bracelet","status":"publish","type":"product","link":"https:\/\/mvbabes.com\/es\/product\/caurel-mist-bracelet\/","title":{"rendered":"Caurel Mist Bracelet"},"content":{"rendered":"<p><a class=\"confirm_avail2\" href=\"https:\/\/wa.me\/18093508629?text=Hi,I%20am%20interested%20in%20the%20Caurel%20Mist%20Bracelet...https:\/\/mvbabes.com\/product\/caurel-mist-bracelet\" target=\"_blank\" rel=\"noopener\">CONTACTA UNA MVAJADORA<\/a><\/p>\n<p class=\"mobile_desc\">El Caurel Mist Bracelet traduce la suavidad de la lluvia Hurit\u00e1 en un movimiento sereno y continuo sobre la piel. Cada esfera enlaza intenci\u00f3n y bendici\u00f3n, recordando que toda conexi\u00f3n, como toda gota, deja una huella de gratitud. Una creaci\u00f3n de Monica Varela Jewelry donde el movimiento se transforma en emoci\u00f3n.<\/p>","protected":false},"excerpt":{"rendered":"<p>El Caurel Mist Bracelet traduce la suavidad de la lluvia Hurit\u00e1 en un movimiento sereno y continuo sobre la piel. Cada esfera enlaza intenci\u00f3n y bendici\u00f3n, recordando que toda conexi\u00f3n, como toda gota, deja una huella de gratitud. Una creaci\u00f3n de Monica Varela Jewelry donde el movimiento se transforma en emoci\u00f3n.<\/p>","protected":false},"featured_media":65711,"template":"","meta":{"footnotes":"","_links_to":"","_links_to_target":""},"product_brand":[],"product_cat":[1035,1042,1007,1041],"product_tag":[1053,1010,991,1055,1050,1038],"giftcard-category":[],"class_list":{"0":"post-65386","1":"product","2":"type-product","3":"status-publish","4":"has-post-thumbnail","6":"product_cat-caurel","7":"product_cat-for-her","8":"product_cat-shop","9":"product_cat-the-mv-edit","10":"product_tag-18k-micron-plating","11":"product_tag-catalogo","12":"product_tag-for-her","13":"product_tag-gold","14":"product_tag-new-in","15":"product_tag-holiday-edit","16":"pa_by-type-bracelets","17":"pa_collection-caurel","18":"pa_color-blazing-burgundy-dote-red","19":"pa_color-jazzy-green-electric-blue","20":"pa_material-18k-gold-micron-plating","21":"pa_shop-for-babes","22":"pa_short-material-18k-micron-plating","24":"first","25":"instock","26":"shipping-taxable","27":"purchasable","28":"product-type-variable","29":"has-default-attributes","30":"add-to-wishlist-before_image"},"_links":{"self":[{"href":"https:\/\/mvbabes.com\/es\/wp-json\/wp\/v2\/product\/65386","targetHints":{"allow":["GET"]}}],"collection":[{"href":"https:\/\/mvbabes.com\/es\/wp-json\/wp\/v2\/product"}],"about":[{"href":"https:\/\/mvbabes.com\/es\/wp-json\/wp\/v2\/types\/product"}],"version-history":[{"count":0,"href":"https:\/\/mvbabes.com\/es\/wp-json\/wp\/v2\/product\/65386\/revisions"}],"wp:featuredmedia":[{"embeddable":true,"href":"https:\/\/mvbabes.com\/es\/wp-json\/wp\/v2\/media\/65711"}],"wp:attachment":[{"href":"https:\/\/mvbabes.com\/es\/wp-json\/wp\/v2\/media?parent=65386"}],"wp:term":[{"taxonomy":"product_brand","embeddable":true,"href":"https:\/\/mvbabes.com\/es\/wp-json\/wp\/v2\/product_brand?post=65386"},{"taxonomy":"product_cat","embeddable":true,"href":"https:\/\/mvbabes.com\/es\/wp-json\/wp\/v2\/product_cat?post=65386"},{"taxonomy":"product_tag","embeddable":true,"href":"https:\/\/mvbabes.com\/es\/wp-json\/wp\/v2\/product_tag?post=65386"},{"taxonomy":"giftcard-category","embeddable":true,"href":"https:\/\/mvbabes.com\/es\/wp-json\/wp\/v2\/giftcard-category?post=65386"}],"curies":[{"name":"wp","href":"https:\/\/api.w.org\/{rel}","templated":true}]}}