{"id":64842,"date":"2025-10-07T22:30:23","date_gmt":"2025-10-08T02:30:23","guid":{"rendered":"https:\/\/mvbabes.com\/?post_type=product&#038;p=64842"},"modified":"2026-01-19T19:59:38","modified_gmt":"2026-01-19T23:59:38","slug":"petite-minute-larimar-amber-necklace-copy","status":"publish","type":"product","link":"https:\/\/mvbabes.com\/es\/product\/petite-minute-larimar-amber-necklace-copy\/","title":{"rendered":"Petite Minute Larimar &amp; Amber Necklace (Copy)"},"content":{"rendered":"<p><a class=\"confirm_avail\" href=\"https:\/\/wa.me\/18093505622?text=Hi,I%20am%20interested%20in%20the%20Petite%20Larimar%20&amp;%20Amber%20Dangle\u2026https:\/\/mvbabes.com\/product\/petite-larimar-amber-dangle\/\" target=\"_blank\" rel=\"noopener\">CONTACTA UNA MVAJADORA<\/a><\/p>\n<p class=\"mobile_desc\">Elaborada con artesan\u00eda distinguida, cada pieza de la joyer\u00eda fina de Monica Varela se convierte en una sinfon\u00eda de elegancia, invitando a llevar la esencia del amor duradero y la sofisticaci\u00f3n caribe\u00f1a.\u2028<br \/>\nEmbellece tus looks de d\u00eda y noche con destellos de elegancia, mientras que estos pares de aretes se convierten en un reflejo luminoso de tu propio encanto atemporal.<\/p>\n<\/p>\n<p class=\"\u2018stone_vary\u2019\">La piedra puede variar en forma y tama\u00f1o.<\/p>","protected":false},"excerpt":{"rendered":"<p>Elaborada con artesan\u00eda distinguida, cada pieza de la joyer\u00eda fina de Monica Varela se convierte en una sinfon\u00eda de elegancia, invitando a llevar la esencia del amor duradero y la sofisticaci\u00f3n caribe\u00f1a.\u2028<br \/>\nEmbellece tus looks de d\u00eda y noche con destellos de elegancia, mientras que estos pares de aretes se convierten en un reflejo luminoso de tu propio encanto atemporal.<\/p>\n<\/p>\n<p class=\"\u2018stone_vary\u2019\">La piedra puede variar en forma y tama\u00f1o.<\/p>","protected":false},"featured_media":44545,"template":"","meta":{"footnotes":"","_links_to":"","_links_to_target":""},"product_brand":[],"product_cat":[766],"product_tag":[991,749],"giftcard-category":[],"class_list":{"0":"post-64842","1":"product","2":"type-product","3":"status-publish","4":"has-post-thumbnail","6":"product_cat-fine-jewelry","7":"product_tag-for-her","8":"product_tag-preorder","9":"pa_by-type-neckpieces","10":"pa_collection-cauni","11":"pa_material-18k-gold","12":"pa_short-material-18k-gold","14":"first","15":"outofstock","16":"shipping-taxable","17":"purchasable","18":"product-type-variable","19":"has-default-attributes","20":"add-to-wishlist-before_image"},"_links":{"self":[{"href":"https:\/\/mvbabes.com\/es\/wp-json\/wp\/v2\/product\/64842","targetHints":{"allow":["GET"]}}],"collection":[{"href":"https:\/\/mvbabes.com\/es\/wp-json\/wp\/v2\/product"}],"about":[{"href":"https:\/\/mvbabes.com\/es\/wp-json\/wp\/v2\/types\/product"}],"version-history":[{"count":0,"href":"https:\/\/mvbabes.com\/es\/wp-json\/wp\/v2\/product\/64842\/revisions"}],"wp:featuredmedia":[{"embeddable":true,"href":"https:\/\/mvbabes.com\/es\/wp-json\/wp\/v2\/media\/44545"}],"wp:attachment":[{"href":"https:\/\/mvbabes.com\/es\/wp-json\/wp\/v2\/media?parent=64842"}],"wp:term":[{"taxonomy":"product_brand","embeddable":true,"href":"https:\/\/mvbabes.com\/es\/wp-json\/wp\/v2\/product_brand?post=64842"},{"taxonomy":"product_cat","embeddable":true,"href":"https:\/\/mvbabes.com\/es\/wp-json\/wp\/v2\/product_cat?post=64842"},{"taxonomy":"product_tag","embeddable":true,"href":"https:\/\/mvbabes.com\/es\/wp-json\/wp\/v2\/product_tag?post=64842"},{"taxonomy":"giftcard-category","embeddable":true,"href":"https:\/\/mvbabes.com\/es\/wp-json\/wp\/v2\/giftcard-category?post=64842"}],"curies":[{"name":"wp","href":"https:\/\/api.w.org\/{rel}","templated":true}]}}