{"id":64198,"date":"2025-09-16T13:39:34","date_gmt":"2025-09-16T17:39:34","guid":{"rendered":"https:\/\/mvbabes.com\/?post_type=product&#038;p=64198"},"modified":"2026-01-20T20:41:29","modified_gmt":"2026-01-21T00:41:29","slug":"saria-teeny-larimar-pendant-silver","status":"publish","type":"product","link":"https:\/\/mvbabes.com\/es\/product\/saria-teeny-larimar-pendant-silver\/","title":{"rendered":"Saria Teeny Larimar Pendant"},"content":{"rendered":"<p><a class=\"confirm_avail2\" href=\"https:\/\/wa.me\/18093508629?text=Hi,I%20would%20like%20to%20confirm%20availability%20of%20the%20Saria%20Teeny%20Larimar%20Necklace\u2026https:\/\/mvbabes.com\/product\/saria-teeny-larimar-pendant-silver\" target=\"_blank\" rel=\"noopener\">Confirma Disponibilidad<\/a><\/p>\n<p class=\"mobile_desc\">Este delicado colgante acoge el brillo puro del Larimar, descansando suavemente sobre tu pecho. Su forma refleja el silencioso encuentro entre lo interno y lo externo, un recordatorio de que incluso los detalles m\u00e1s peque\u00f1os albergan la fuerza del origen. Ll\u00e9valo solo o combinado con otras piezas, dejando que su sutil resplandor transmita significado y elegancia serena en cada movimiento.<\/p>","protected":false},"excerpt":{"rendered":"<p>Este delicado colgante acoge el brillo puro del Larimar, descansando suavemente sobre tu pecho. Su forma refleja el silencioso encuentro entre lo interno y lo externo, un recordatorio de que incluso los detalles m\u00e1s peque\u00f1os albergan la fuerza del origen. Ll\u00e9valo solo o combinado con otras piezas, dejando que su sutil resplandor transmita significado y elegancia serena en cada movimiento.<\/p>","protected":false},"featured_media":64247,"template":"","meta":{"footnotes":"","_links_to":"","_links_to_target":""},"product_brand":[],"product_cat":[659,1007],"product_tag":[1010,991,633,1054,1056],"giftcard-category":[],"class_list":{"0":"post-64198","1":"product","2":"type-product","3":"status-publish","4":"has-post-thumbnail","6":"product_cat-saria","7":"product_cat-shop","8":"product_tag-catalogo","9":"product_tag-for-her","10":"product_tag-hot","11":"product_tag-platinum-micron-plating","12":"product_tag-silver","13":"pa_by-type-neckpieces","14":"pa_collection-saria","15":"pa_color-blazing-burgundy","16":"pa_color-jazzy-green","17":"pa_color-electric-blue","18":"pa_color-dote-red","19":"pa_color-thorne-black","20":"pa_material-925-sterling-silver","21":"pa_shop-for-babes","22":"pa_short-material-platinum-micron-plating","23":"pa_stone-larimar","25":"first","26":"instock","27":"featured","28":"shipping-taxable","29":"purchasable","30":"product-type-variable","31":"has-default-attributes","32":"add-to-wishlist-before_image"},"_links":{"self":[{"href":"https:\/\/mvbabes.com\/es\/wp-json\/wp\/v2\/product\/64198","targetHints":{"allow":["GET"]}}],"collection":[{"href":"https:\/\/mvbabes.com\/es\/wp-json\/wp\/v2\/product"}],"about":[{"href":"https:\/\/mvbabes.com\/es\/wp-json\/wp\/v2\/types\/product"}],"version-history":[{"count":0,"href":"https:\/\/mvbabes.com\/es\/wp-json\/wp\/v2\/product\/64198\/revisions"}],"wp:featuredmedia":[{"embeddable":true,"href":"https:\/\/mvbabes.com\/es\/wp-json\/wp\/v2\/media\/64247"}],"wp:attachment":[{"href":"https:\/\/mvbabes.com\/es\/wp-json\/wp\/v2\/media?parent=64198"}],"wp:term":[{"taxonomy":"product_brand","embeddable":true,"href":"https:\/\/mvbabes.com\/es\/wp-json\/wp\/v2\/product_brand?post=64198"},{"taxonomy":"product_cat","embeddable":true,"href":"https:\/\/mvbabes.com\/es\/wp-json\/wp\/v2\/product_cat?post=64198"},{"taxonomy":"product_tag","embeddable":true,"href":"https:\/\/mvbabes.com\/es\/wp-json\/wp\/v2\/product_tag?post=64198"},{"taxonomy":"giftcard-category","embeddable":true,"href":"https:\/\/mvbabes.com\/es\/wp-json\/wp\/v2\/giftcard-category?post=64198"}],"curies":[{"name":"wp","href":"https:\/\/api.w.org\/{rel}","templated":true}]}}