{"id":64173,"date":"2025-09-16T13:00:44","date_gmt":"2025-09-16T17:00:44","guid":{"rendered":"https:\/\/mvbabes.com\/?post_type=product&#038;p=64173"},"modified":"2026-01-22T10:58:00","modified_gmt":"2026-01-22T14:58:00","slug":"saria-teeny-larimar-earrings-silver","status":"publish","type":"product","link":"https:\/\/mvbabes.com\/es\/product\/saria-teeny-larimar-earrings-silver\/","title":{"rendered":"Saria Teeny  Larimar Earrings"},"content":{"rendered":"<p><a class=\"confirm_avail2\" href=\"https:\/\/wa.me\/18093508629?text=Hi,I%20would%20like%20to%20confirm%20availability%20of%20the%20Saria%20Teeny%20Larimar%20Earrings\u2026https:\/\/mvbabes.com\/product\/saria-teeny-larimar-earrings-silver\" target=\"_blank\" rel=\"noopener\">Confirma Disponibilidad<\/a><\/p>\n<p class=\"mobile_desc\">Estos delicados aretes en Larimar forman parte de la extensi\u00f3n SARIA, inspirada en el eje de tu ser: el punto donde lo interno y lo externo se encuentran en equilibrio.<\/p>\n<p>Sutiles y ligeros, celebran la serenidad y la fuerza del origen, convirti\u00e9ndose en un detalle vers\u00e1til para acompa\u00f1arte en cualquier ocasi\u00f3n.<\/p>","protected":false},"excerpt":{"rendered":"<p>Estos delicados aretes en Larimar forman parte de la extensi\u00f3n SARIA, inspirada en el eje de tu ser: el punto donde lo interno y lo externo se encuentran en equilibrio.<\/p>\n<p>Sutiles y ligeros, celebran la serenidad y la fuerza del origen, convirti\u00e9ndose en un detalle vers\u00e1til para acompa\u00f1arte en cualquier ocasi\u00f3n.<\/p>","protected":false},"featured_media":64255,"template":"","meta":{"footnotes":"","_links_to":"","_links_to_target":""},"product_brand":[],"product_cat":[659,1007,1058],"product_tag":[1059],"giftcard-category":[],"class_list":{"0":"post-64173","1":"product","2":"type-product","3":"status-publish","4":"has-post-thumbnail","6":"product_cat-saria","7":"product_cat-shop","8":"product_cat-the-valentines-edit","9":"product_tag-valentines","10":"pa_by-type-earrings","11":"pa_collection-saria","12":"pa_color-blazing-burgundy","13":"pa_color-jazzy-green","14":"pa_color-electric-blue","15":"pa_color-dote-red","16":"pa_color-thorne-black","17":"pa_material-925-sterling-silver","18":"pa_shop-for-babes","19":"pa_short-material-platinum-micron-plating","20":"pa_stone-larimar","22":"first","23":"instock","24":"shipping-taxable","25":"purchasable","26":"product-type-variable","27":"has-default-attributes","28":"add-to-wishlist-before_image"},"_links":{"self":[{"href":"https:\/\/mvbabes.com\/es\/wp-json\/wp\/v2\/product\/64173","targetHints":{"allow":["GET"]}}],"collection":[{"href":"https:\/\/mvbabes.com\/es\/wp-json\/wp\/v2\/product"}],"about":[{"href":"https:\/\/mvbabes.com\/es\/wp-json\/wp\/v2\/types\/product"}],"version-history":[{"count":0,"href":"https:\/\/mvbabes.com\/es\/wp-json\/wp\/v2\/product\/64173\/revisions"}],"wp:featuredmedia":[{"embeddable":true,"href":"https:\/\/mvbabes.com\/es\/wp-json\/wp\/v2\/media\/64255"}],"wp:attachment":[{"href":"https:\/\/mvbabes.com\/es\/wp-json\/wp\/v2\/media?parent=64173"}],"wp:term":[{"taxonomy":"product_brand","embeddable":true,"href":"https:\/\/mvbabes.com\/es\/wp-json\/wp\/v2\/product_brand?post=64173"},{"taxonomy":"product_cat","embeddable":true,"href":"https:\/\/mvbabes.com\/es\/wp-json\/wp\/v2\/product_cat?post=64173"},{"taxonomy":"product_tag","embeddable":true,"href":"https:\/\/mvbabes.com\/es\/wp-json\/wp\/v2\/product_tag?post=64173"},{"taxonomy":"giftcard-category","embeddable":true,"href":"https:\/\/mvbabes.com\/es\/wp-json\/wp\/v2\/giftcard-category?post=64173"}],"curies":[{"name":"wp","href":"https:\/\/api.w.org\/{rel}","templated":true}]}}