{"id":61093,"date":"2025-07-22T15:45:56","date_gmt":"2025-07-22T19:45:56","guid":{"rendered":"https:\/\/mvbabes.com\/?post_type=product&#038;p=61093"},"modified":"2026-01-09T15:40:25","modified_gmt":"2026-01-09T19:40:25","slug":"key-ring-medalla-de-la-altagracia-silver","status":"publish","type":"product","link":"https:\/\/mvbabes.com\/es\/product\/key-ring-medalla-de-la-altagracia-silver\/","title":{"rendered":"Key Ring Medalla de la Altagracia"},"content":{"rendered":"<p><a class=\"confirm_avail2\" href=\"https:\/\/wa.me\/18093508629?text=Hi,I%20am%20interested%20in%20the%20Key%20Ring%20Medalla%20de%20La%20Altagracia...https:\/\/mvbabes.com\/product\/key-ring-medalla-de-la-altagracia-silver\" rel=\"noopener\" target=\"_blank\">CONTACTA UNA MVAJADORA<\/a><\/p>","protected":false},"excerpt":{"rendered":"<p>Descripci\u00f3n: Una pieza dise\u00f1ada en homenaje al MVGent que siempre ha estado. Inspirada en la protecci\u00f3n y la gu\u00eda de Nuestra Se\u00f1ora de la Altagracia, esta medalla simboliza fortaleza espiritual y conexi\u00f3n personal, con un dise\u00f1o sobrio y significativo.<\/p>\n<p>&nbsp;<\/p>\n<p>Elaborada en acero inoxidable, celebra la presencia constante y el valor de quien la lleva. Su acabado duradero y elegante est\u00e1 pensado para acompa\u00f1arlo en cada paso, convirti\u00e9ndose en un recordatorio de fe y prop\u00f3sito.<\/p>","protected":false},"featured_media":61098,"template":"","meta":{"footnotes":"","_links_to":"","_links_to_target":""},"product_brand":[],"product_cat":[916,1044,1007],"product_tag":[1010,993,987,1021],"giftcard-category":[],"class_list":{"0":"post-61093","1":"product","2":"type-product","3":"status-publish","4":"has-post-thumbnail","6":"product_cat-divine-reflections","7":"product_cat-for-him","8":"product_cat-shop","9":"product_tag-catalogo","10":"product_tag-for-him","11":"product_tag-under-300","12":"product_tag-under-400","13":"pa_material-stainless-steel","14":"pa_shop-for-babes","15":"pa_shop-for-gents","16":"pa_short-material-stainless-steel","18":"first","19":"instock","20":"featured","21":"shipping-taxable","22":"purchasable","23":"product-type-simple","24":"add-to-wishlist-before_image"},"_links":{"self":[{"href":"https:\/\/mvbabes.com\/es\/wp-json\/wp\/v2\/product\/61093","targetHints":{"allow":["GET"]}}],"collection":[{"href":"https:\/\/mvbabes.com\/es\/wp-json\/wp\/v2\/product"}],"about":[{"href":"https:\/\/mvbabes.com\/es\/wp-json\/wp\/v2\/types\/product"}],"version-history":[{"count":0,"href":"https:\/\/mvbabes.com\/es\/wp-json\/wp\/v2\/product\/61093\/revisions"}],"wp:featuredmedia":[{"embeddable":true,"href":"https:\/\/mvbabes.com\/es\/wp-json\/wp\/v2\/media\/61098"}],"wp:attachment":[{"href":"https:\/\/mvbabes.com\/es\/wp-json\/wp\/v2\/media?parent=61093"}],"wp:term":[{"taxonomy":"product_brand","embeddable":true,"href":"https:\/\/mvbabes.com\/es\/wp-json\/wp\/v2\/product_brand?post=61093"},{"taxonomy":"product_cat","embeddable":true,"href":"https:\/\/mvbabes.com\/es\/wp-json\/wp\/v2\/product_cat?post=61093"},{"taxonomy":"product_tag","embeddable":true,"href":"https:\/\/mvbabes.com\/es\/wp-json\/wp\/v2\/product_tag?post=61093"},{"taxonomy":"giftcard-category","embeddable":true,"href":"https:\/\/mvbabes.com\/es\/wp-json\/wp\/v2\/giftcard-category?post=61093"}],"curies":[{"name":"wp","href":"https:\/\/api.w.org\/{rel}","templated":true}]}}