{"id":59417,"date":"2025-05-06T19:39:58","date_gmt":"2025-05-06T23:39:58","guid":{"rendered":"https:\/\/mvbabes.com\/?post_type=product&#038;p=59417"},"modified":"2026-01-20T20:41:07","modified_gmt":"2026-01-21T00:41:07","slug":"duet-amber-ring-2","status":"publish","type":"product","link":"https:\/\/mvbabes.com\/es\/product\/duet-amber-ring-2\/","title":{"rendered":"Duet Amber Ring"},"content":{"rendered":"<p><a class=\"confirm_avail2\" href=\"https:\/\/wa.me\/18093508629?text=Hi,I%20am%20interested%20in%20the%20Duet%20Amber%20Ring...https:\/\/mvbabes.com\/product\/duet-amber-ring-2\" rel=\"noopener\" target=\"_blank\">CONTACTA UNA MVAJADORA<\/a><\/p>\n<p class=\"mobile_desc\">La Serie Duet es una celebraci\u00f3n de la transformaci\u00f3n femenina \u2014 donde su crecimiento personal y la inspiraci\u00f3n que despierta en otros se reflejan mutuamente. S\u00edmbolo de v\u00ednculos especiales, este anillo refleja la belleza de los caminos compartidos, ideal para llevar a diario o en momentos memorables.<\/p>","protected":false},"excerpt":{"rendered":"<p>La Serie Duet es una celebraci\u00f3n de la transformaci\u00f3n femenina \u2014 donde su crecimiento personal y la inspiraci\u00f3n que despierta en otros se reflejan mutuamente. S\u00edmbolo de v\u00ednculos especiales, este anillo refleja la belleza de los caminos compartidos, ideal para llevar a diario o en momentos memorables.<\/p>","protected":false},"featured_media":59601,"template":"","meta":{"footnotes":"","_links_to":"","_links_to_target":""},"product_brand":[],"product_cat":[983,1007],"product_tag":[1053,1010,991,992,987,1021,1055],"giftcard-category":[],"class_list":{"0":"post-59417","1":"product","2":"type-product","3":"status-publish","4":"has-post-thumbnail","6":"product_cat-duet","7":"product_cat-shop","8":"product_tag-18k-micron-plating","9":"product_tag-catalogo","10":"product_tag-for-her","11":"product_tag-gifts-for-her","12":"product_tag-under-300","13":"product_tag-under-400","14":"product_tag-gold","15":"pa_by-type-rings","16":"pa_collection-duet","17":"pa_color-blazing-burgundy","18":"pa_color-jazzy-green","19":"pa_color-electric-blue","20":"pa_material-18k-gold-micron-plating","21":"pa_ring-size-221","22":"pa_ring-size-4-5","23":"pa_ring-size-223","24":"pa_ring-size-5-5","25":"pa_ring-size-225","26":"pa_ring-size-6-5","27":"pa_ring-size-227","28":"pa_ring-size-7-5","29":"pa_ring-size-229","30":"pa_ring-size-8-5","31":"pa_ring-size-231","32":"pa_ring-size-9-5","33":"pa_ring-size-233","34":"pa_shop-for-babes","35":"pa_short-material-18k-micron-plating","36":"pa_stone-ambar","38":"first","39":"instock","40":"shipping-taxable","41":"purchasable","42":"product-type-variable","43":"has-default-attributes","44":"add-to-wishlist-before_image"},"_links":{"self":[{"href":"https:\/\/mvbabes.com\/es\/wp-json\/wp\/v2\/product\/59417","targetHints":{"allow":["GET"]}}],"collection":[{"href":"https:\/\/mvbabes.com\/es\/wp-json\/wp\/v2\/product"}],"about":[{"href":"https:\/\/mvbabes.com\/es\/wp-json\/wp\/v2\/types\/product"}],"version-history":[{"count":0,"href":"https:\/\/mvbabes.com\/es\/wp-json\/wp\/v2\/product\/59417\/revisions"}],"wp:featuredmedia":[{"embeddable":true,"href":"https:\/\/mvbabes.com\/es\/wp-json\/wp\/v2\/media\/59601"}],"wp:attachment":[{"href":"https:\/\/mvbabes.com\/es\/wp-json\/wp\/v2\/media?parent=59417"}],"wp:term":[{"taxonomy":"product_brand","embeddable":true,"href":"https:\/\/mvbabes.com\/es\/wp-json\/wp\/v2\/product_brand?post=59417"},{"taxonomy":"product_cat","embeddable":true,"href":"https:\/\/mvbabes.com\/es\/wp-json\/wp\/v2\/product_cat?post=59417"},{"taxonomy":"product_tag","embeddable":true,"href":"https:\/\/mvbabes.com\/es\/wp-json\/wp\/v2\/product_tag?post=59417"},{"taxonomy":"giftcard-category","embeddable":true,"href":"https:\/\/mvbabes.com\/es\/wp-json\/wp\/v2\/giftcard-category?post=59417"}],"curies":[{"name":"wp","href":"https:\/\/api.w.org\/{rel}","templated":true}]}}