{"id":59401,"date":"2025-05-06T19:40:29","date_gmt":"2025-05-06T23:40:29","guid":{"rendered":"https:\/\/mvbabes.com\/?post_type=product&#038;p=59401"},"modified":"2026-01-20T20:41:06","modified_gmt":"2026-01-21T00:41:06","slug":"duet-larimar-amber-dangle-earrings-2","status":"publish","type":"product","link":"https:\/\/mvbabes.com\/es\/product\/duet-larimar-amber-dangle-earrings-2\/","title":{"rendered":"Duet Larimar &amp; Amber Dangle Earrings"},"content":{"rendered":"<p><a class=\"confirm_avail2\" href=\"https:\/\/wa.me\/18093508629?text=Hi,I%20am%20interested%20in%20the%20Duet%20Larimar%20&amp;%20Amber%20Dangle%20Earrings...https:\/\/mvbabes.com\/product\/duet-larimar-amber-dangle-earrings-2\" rel=\"noopener\" target=\"_blank\">CONTACTA UNA MVAJADORA<\/a><\/p>\n<p class=\"mobile_desc\">La Serie Duet es una celebraci\u00f3n de la transformaci\u00f3n femenina \u2014 donde su crecimiento personal y la inspiraci\u00f3n que despierta en otros se reflejan mutuamente.  Estos aretes se mueven con gracia, simbolizando la naturaleza din\u00e1mica y en constante evoluci\u00f3n de quien los lleva, perfectos para esos d\u00edas en que quieres sentirte a\u00fan m\u00e1s radiante.<\/p>","protected":false},"excerpt":{"rendered":"<p>La Serie Duet es una celebraci\u00f3n de la transformaci\u00f3n femenina \u2014 donde su crecimiento personal y la inspiraci\u00f3n que despierta en otros se reflejan mutuamente.  Estos aretes se mueven con gracia, simbolizando la naturaleza din\u00e1mica y en constante evoluci\u00f3n de quien los lleva, perfectos para esos d\u00edas en que quieres sentirte a\u00fan m\u00e1s radiante.<\/p>","protected":false},"featured_media":60459,"template":"","meta":{"footnotes":"","_links_to":"","_links_to_target":""},"product_brand":[],"product_cat":[983,1007],"product_tag":[1053,1010,991,1055,1022,1009],"giftcard-category":[],"class_list":{"0":"post-59401","1":"product","2":"type-product","3":"status-publish","4":"has-post-thumbnail","6":"product_cat-duet","7":"product_cat-shop","8":"product_tag-18k-micron-plating","9":"product_tag-catalogo","10":"product_tag-for-her","11":"product_tag-gold","12":"product_tag-fall-edit","13":"product_tag-the-summer-edit","14":"pa_by-type-earrings","15":"pa_collection-duet","16":"pa_color-blazing-burgundy","17":"pa_color-jazzy-green","18":"pa_color-electric-blue","19":"pa_material-18k-gold-micron-plating","20":"pa_shop-for-babes","21":"pa_short-material-18k-micron-plating","22":"pa_stone-ambar","23":"pa_stone-larimar","25":"first","26":"instock","27":"shipping-taxable","28":"purchasable","29":"product-type-variable","30":"has-default-attributes","31":"add-to-wishlist-before_image"},"_links":{"self":[{"href":"https:\/\/mvbabes.com\/es\/wp-json\/wp\/v2\/product\/59401","targetHints":{"allow":["GET"]}}],"collection":[{"href":"https:\/\/mvbabes.com\/es\/wp-json\/wp\/v2\/product"}],"about":[{"href":"https:\/\/mvbabes.com\/es\/wp-json\/wp\/v2\/types\/product"}],"version-history":[{"count":0,"href":"https:\/\/mvbabes.com\/es\/wp-json\/wp\/v2\/product\/59401\/revisions"}],"wp:featuredmedia":[{"embeddable":true,"href":"https:\/\/mvbabes.com\/es\/wp-json\/wp\/v2\/media\/60459"}],"wp:attachment":[{"href":"https:\/\/mvbabes.com\/es\/wp-json\/wp\/v2\/media?parent=59401"}],"wp:term":[{"taxonomy":"product_brand","embeddable":true,"href":"https:\/\/mvbabes.com\/es\/wp-json\/wp\/v2\/product_brand?post=59401"},{"taxonomy":"product_cat","embeddable":true,"href":"https:\/\/mvbabes.com\/es\/wp-json\/wp\/v2\/product_cat?post=59401"},{"taxonomy":"product_tag","embeddable":true,"href":"https:\/\/mvbabes.com\/es\/wp-json\/wp\/v2\/product_tag?post=59401"},{"taxonomy":"giftcard-category","embeddable":true,"href":"https:\/\/mvbabes.com\/es\/wp-json\/wp\/v2\/giftcard-category?post=59401"}],"curies":[{"name":"wp","href":"https:\/\/api.w.org\/{rel}","templated":true}]}}