{"id":57021,"date":"2025-03-21T10:15:56","date_gmt":"2025-03-21T14:15:56","guid":{"rendered":"https:\/\/mvbabes.com\/product\/golden-hour-drop-amber-pendant-2\/"},"modified":"2026-01-20T20:41:31","modified_gmt":"2026-01-21T00:41:31","slug":"golden-hour-drop-amber-pendant-2","status":"publish","type":"product","link":"https:\/\/mvbabes.com\/es\/product\/golden-hour-drop-amber-pendant-2\/","title":{"rendered":"Golden Hour Drop Amber  Pendant"},"content":{"rendered":"<p><a class=\"confirm_avail2\" href=\"https:\/\/wa.me\/18093508629?text=Hi,I%20am%20interested%20in%20the%20Golden%20Hour%20Drop%20Amber%20%20Pendant...https:\/\/mvbabes.com\/product\/golden-hour-drop-amber-pendant-2\" rel=\"noopener\" target=\"_blank\">CONTACTA UNA MVAJADORA<\/a><\/p>\n<p class=\"mobile_desc\">Este colgante de \u00e1mbar captura la calidez y la intensidad de la hora dorada. Con su dise\u00f1o audaz y el resplandor c\u00e1lido del \u00e1mbar, refleja la energ\u00eda vibrante del atardecer, creando una pieza \u00fanica que atrae todas las miradas<\/p>","protected":false},"excerpt":{"rendered":"<p>Este colgante de \u00e1mbar captura la calidez y la intensidad de la hora dorada. Con su dise\u00f1o audaz y el resplandor c\u00e1lido del \u00e1mbar, refleja la energ\u00eda vibrante del atardecer, creando una pieza \u00fanica que atrae todas las miradas<\/p>","protected":false},"featured_media":59157,"template":"","meta":{"footnotes":"","_links_to":"","_links_to_target":""},"product_brand":[],"product_cat":[93,982,1007],"product_tag":[979,991,1054,1056],"giftcard-category":[],"class_list":{"0":"post-57021","1":"product","2":"type-product","3":"status-publish","4":"has-post-thumbnail","6":"product_cat-falie","7":"product_cat-nuevos","8":"product_cat-shop","9":"product_tag-fix","10":"product_tag-for-her","11":"product_tag-platinum-micron-plating","12":"product_tag-silver","13":"pa_by-type-neckpieces","14":"pa_collection-falie","15":"pa_material-925-sterling-silver","16":"pa_shop-for-babes","17":"pa_short-material-platinum-micron-plating","18":"pa_stone-ambar","20":"first","21":"outofstock","22":"shipping-taxable","23":"purchasable","24":"product-type-simple","25":"add-to-wishlist-before_image"},"_links":{"self":[{"href":"https:\/\/mvbabes.com\/es\/wp-json\/wp\/v2\/product\/57021","targetHints":{"allow":["GET"]}}],"collection":[{"href":"https:\/\/mvbabes.com\/es\/wp-json\/wp\/v2\/product"}],"about":[{"href":"https:\/\/mvbabes.com\/es\/wp-json\/wp\/v2\/types\/product"}],"version-history":[{"count":0,"href":"https:\/\/mvbabes.com\/es\/wp-json\/wp\/v2\/product\/57021\/revisions"}],"wp:featuredmedia":[{"embeddable":true,"href":"https:\/\/mvbabes.com\/es\/wp-json\/wp\/v2\/media\/59157"}],"wp:attachment":[{"href":"https:\/\/mvbabes.com\/es\/wp-json\/wp\/v2\/media?parent=57021"}],"wp:term":[{"taxonomy":"product_brand","embeddable":true,"href":"https:\/\/mvbabes.com\/es\/wp-json\/wp\/v2\/product_brand?post=57021"},{"taxonomy":"product_cat","embeddable":true,"href":"https:\/\/mvbabes.com\/es\/wp-json\/wp\/v2\/product_cat?post=57021"},{"taxonomy":"product_tag","embeddable":true,"href":"https:\/\/mvbabes.com\/es\/wp-json\/wp\/v2\/product_tag?post=57021"},{"taxonomy":"giftcard-category","embeddable":true,"href":"https:\/\/mvbabes.com\/es\/wp-json\/wp\/v2\/giftcard-category?post=57021"}],"curies":[{"name":"wp","href":"https:\/\/api.w.org\/{rel}","templated":true}]}}