{"id":57014,"date":"2025-03-21T10:10:40","date_gmt":"2025-03-21T14:10:40","guid":{"rendered":"https:\/\/mvbabes.com\/product\/golden-magnet-3d-hoops-1\/"},"modified":"2026-01-20T20:41:07","modified_gmt":"2026-01-21T00:41:07","slug":"golden-magnet-3d-hoops-1","status":"publish","type":"product","link":"https:\/\/mvbabes.com\/es\/product\/golden-magnet-3d-hoops-1\/","title":{"rendered":"Golden Magnet 3D Mini Hoops"},"content":{"rendered":"<p><a class=\"confirm_avail2\" href=\"https:\/\/wa.me\/18093508629?text=Hi,I%20am%20interested%20in%20the%20Golden%20Magnet%203D%20Mini%20Hoops...https:\/\/mvbabes.com\/product\/golden-magnet-3d-hoops-1\" rel=\"noopener\" target=\"_blank\">CONTACTA UNA MVAJADORA<\/a><\/p>\n<p class=\"mobile_desc\">Estas argollas 3D presentan un dise\u00f1o innovador y audaz. Su estructura tridimensional crea un efecto visual \u00fanico, mientras que su acabado dorado les otorga un toque de sofisticaci\u00f3n y modernidad.<\/p>","protected":false},"excerpt":{"rendered":"<p>Estas argollas 3D presentan un dise\u00f1o innovador y audaz. Su estructura tridimensional crea un efecto visual \u00fanico, mientras que su acabado dorado les otorga un toque de sofisticaci\u00f3n y modernidad.<\/p>","protected":false},"featured_media":59153,"template":"","meta":{"footnotes":"","_links_to":"","_links_to_target":""},"product_brand":[],"product_cat":[93,982,1007],"product_tag":[1053,979,991,987,1021,1055],"giftcard-category":[],"class_list":{"0":"post-57014","1":"product","2":"type-product","3":"status-publish","4":"has-post-thumbnail","6":"product_cat-falie","7":"product_cat-nuevos","8":"product_cat-shop","9":"product_tag-18k-micron-plating","10":"product_tag-fix","11":"product_tag-for-her","12":"product_tag-under-300","13":"product_tag-under-400","14":"product_tag-gold","15":"pa_by-type-earrings","16":"pa_collection-falie","17":"pa_material-18k-gold-micron-plating","18":"pa_shop-for-babes","19":"pa_short-material-18k-micron-plating","21":"first","22":"outofstock","23":"shipping-taxable","24":"purchasable","25":"product-type-simple","26":"add-to-wishlist-before_image"},"_links":{"self":[{"href":"https:\/\/mvbabes.com\/es\/wp-json\/wp\/v2\/product\/57014","targetHints":{"allow":["GET"]}}],"collection":[{"href":"https:\/\/mvbabes.com\/es\/wp-json\/wp\/v2\/product"}],"about":[{"href":"https:\/\/mvbabes.com\/es\/wp-json\/wp\/v2\/types\/product"}],"version-history":[{"count":0,"href":"https:\/\/mvbabes.com\/es\/wp-json\/wp\/v2\/product\/57014\/revisions"}],"wp:featuredmedia":[{"embeddable":true,"href":"https:\/\/mvbabes.com\/es\/wp-json\/wp\/v2\/media\/59153"}],"wp:attachment":[{"href":"https:\/\/mvbabes.com\/es\/wp-json\/wp\/v2\/media?parent=57014"}],"wp:term":[{"taxonomy":"product_brand","embeddable":true,"href":"https:\/\/mvbabes.com\/es\/wp-json\/wp\/v2\/product_brand?post=57014"},{"taxonomy":"product_cat","embeddable":true,"href":"https:\/\/mvbabes.com\/es\/wp-json\/wp\/v2\/product_cat?post=57014"},{"taxonomy":"product_tag","embeddable":true,"href":"https:\/\/mvbabes.com\/es\/wp-json\/wp\/v2\/product_tag?post=57014"},{"taxonomy":"giftcard-category","embeddable":true,"href":"https:\/\/mvbabes.com\/es\/wp-json\/wp\/v2\/giftcard-category?post=57014"}],"curies":[{"name":"wp","href":"https:\/\/api.w.org\/{rel}","templated":true}]}}