{"id":57007,"date":"2025-03-21T10:02:45","date_gmt":"2025-03-21T14:02:45","guid":{"rendered":"https:\/\/mvbabes.com\/product\/rise-larimar-cufflinks-2\/"},"modified":"2026-01-20T20:41:31","modified_gmt":"2026-01-21T00:41:31","slug":"rise-larimar-cufflinks-2","status":"publish","type":"product","link":"https:\/\/mvbabes.com\/es\/product\/rise-larimar-cufflinks-2\/","title":{"rendered":"Rise Larimar Cufflinks"},"content":{"rendered":"<p><a class=\"confirm_avail2\" href=\"https:\/\/wa.me\/18093508629?text=Hi,I%20am%20interested%20in%20the%20Rise%20Larimar%20Cufflinks...https:\/\/mvbabes.com\/product\/rise-larimar-cufflinks-2\" rel=\"noopener\" target=\"_blank\">CONTACTA UNA MVAJADORA<\/a><\/p>\n<p class=\"mobile_desc\">Con su azul profundo, la piedra larimar evoca la serenidad del mar, transmitiendo la calma y la fuerza de las olas. Estos gemelos capturan esa esencia, creando un dise\u00f1o \u00fanico que combina tranquilidad y distinci\u00f3n<\/p>","protected":false},"excerpt":{"rendered":"<p>Con su azul profundo, la piedra larimar evoca la serenidad del mar, transmitiendo la calma y la fuerza de las olas. Estos gemelos capturan esa esencia, creando un dise\u00f1o \u00fanico que combina tranquilidad y distinci\u00f3n<\/p>","protected":false},"featured_media":57588,"template":"","meta":{"footnotes":"","_links_to":"","_links_to_target":""},"product_brand":[],"product_cat":[1044,236,982,1007],"product_tag":[979,993,1054,1056],"giftcard-category":[],"class_list":{"0":"post-57007","1":"product","2":"type-product","3":"status-publish","4":"has-post-thumbnail","6":"product_cat-for-him","7":"product_cat-minute","8":"product_cat-nuevos","9":"product_cat-shop","10":"product_tag-fix","11":"product_tag-for-him","12":"product_tag-platinum-micron-plating","13":"product_tag-silver","14":"pa_by-type-cufflinks","15":"pa_collection-minute-capsule","16":"pa_color-blazing-burgundy","17":"pa_color-jazzy-green","18":"pa_color-electric-blue","19":"pa_color-dote-red","20":"pa_color-thorne-black","21":"pa_material-925-sterling-silver","22":"pa_shop-for-gents","23":"pa_short-material-platinum-micron-plating","24":"pa_stone-larimar","26":"first","27":"instock","28":"shipping-taxable","29":"purchasable","30":"product-type-variable","31":"has-default-attributes","32":"add-to-wishlist-before_image"},"_links":{"self":[{"href":"https:\/\/mvbabes.com\/es\/wp-json\/wp\/v2\/product\/57007","targetHints":{"allow":["GET"]}}],"collection":[{"href":"https:\/\/mvbabes.com\/es\/wp-json\/wp\/v2\/product"}],"about":[{"href":"https:\/\/mvbabes.com\/es\/wp-json\/wp\/v2\/types\/product"}],"version-history":[{"count":0,"href":"https:\/\/mvbabes.com\/es\/wp-json\/wp\/v2\/product\/57007\/revisions"}],"wp:featuredmedia":[{"embeddable":true,"href":"https:\/\/mvbabes.com\/es\/wp-json\/wp\/v2\/media\/57588"}],"wp:attachment":[{"href":"https:\/\/mvbabes.com\/es\/wp-json\/wp\/v2\/media?parent=57007"}],"wp:term":[{"taxonomy":"product_brand","embeddable":true,"href":"https:\/\/mvbabes.com\/es\/wp-json\/wp\/v2\/product_brand?post=57007"},{"taxonomy":"product_cat","embeddable":true,"href":"https:\/\/mvbabes.com\/es\/wp-json\/wp\/v2\/product_cat?post=57007"},{"taxonomy":"product_tag","embeddable":true,"href":"https:\/\/mvbabes.com\/es\/wp-json\/wp\/v2\/product_tag?post=57007"},{"taxonomy":"giftcard-category","embeddable":true,"href":"https:\/\/mvbabes.com\/es\/wp-json\/wp\/v2\/giftcard-category?post=57007"}],"curies":[{"name":"wp","href":"https:\/\/api.w.org\/{rel}","templated":true}]}}