{"id":52893,"date":"2024-12-12T15:19:49","date_gmt":"2024-12-12T19:19:49","guid":{"rendered":"https:\/\/mvbabes.com\/?post_type=product&#038;p=52893"},"modified":"2026-01-20T20:41:32","modified_gmt":"2026-01-21T00:41:32","slug":"union-back-cufflink-2","status":"publish","type":"product","link":"https:\/\/mvbabes.com\/es\/product\/union-back-cufflink-2\/","title":{"rendered":"Gemelos Union Back"},"content":{"rendered":"<p>Estos gemelos simbolizan la profunda conexi\u00f3n y la sinergia que existe entre padre e hija. Cada detalle de la pieza refleja la fuerza de su v\u00ednculo art\u00edstico y el amor compartido.<br \/>\nnorte<\/p>\n<h4 class=\"preorder\">Esta pieza estar\u00e1 disponible a partir del <strong>5 de diciembre<\/strong>.<\/h4>","protected":false},"excerpt":{"rendered":"<p>Estos gemelos simbolizan la profunda conexi\u00f3n y la sinergia que existe entre padre e hija. Cada detalle de la pieza refleja la fuerza de su v\u00ednculo art\u00edstico y el amor compartido.<br \/>\nnorte<\/p>\n<h4 class=\"preorder\">Esta pieza estar\u00e1 disponible a partir del <strong>5 de diciembre<\/strong>.<\/h4>","protected":false},"featured_media":52897,"template":"","meta":{"footnotes":"","_links_to":"","_links_to_target":""},"product_brand":[],"product_cat":[1044,735,1032,1007],"product_tag":[993,1021,1054,1056],"giftcard-category":[],"class_list":{"0":"post-52893","1":"product","2":"type-product","3":"status-publish","4":"has-post-thumbnail","6":"product_cat-for-him","7":"product_cat-forma-y-vacio","8":"product_cat-inspire","9":"product_cat-shop","10":"product_tag-for-him","11":"product_tag-under-400","12":"product_tag-platinum-micron-plating","13":"product_tag-silver","14":"pa_by-type-cufflinks","15":"pa_collection-forma-y-vacio","16":"pa_material-925-sterling-silver","17":"pa_short-material-platinum-micron-plating","19":"first","20":"instock","21":"shipping-taxable","22":"purchasable","23":"product-type-simple","24":"add-to-wishlist-before_image"},"_links":{"self":[{"href":"https:\/\/mvbabes.com\/es\/wp-json\/wp\/v2\/product\/52893","targetHints":{"allow":["GET"]}}],"collection":[{"href":"https:\/\/mvbabes.com\/es\/wp-json\/wp\/v2\/product"}],"about":[{"href":"https:\/\/mvbabes.com\/es\/wp-json\/wp\/v2\/types\/product"}],"version-history":[{"count":0,"href":"https:\/\/mvbabes.com\/es\/wp-json\/wp\/v2\/product\/52893\/revisions"}],"wp:featuredmedia":[{"embeddable":true,"href":"https:\/\/mvbabes.com\/es\/wp-json\/wp\/v2\/media\/52897"}],"wp:attachment":[{"href":"https:\/\/mvbabes.com\/es\/wp-json\/wp\/v2\/media?parent=52893"}],"wp:term":[{"taxonomy":"product_brand","embeddable":true,"href":"https:\/\/mvbabes.com\/es\/wp-json\/wp\/v2\/product_brand?post=52893"},{"taxonomy":"product_cat","embeddable":true,"href":"https:\/\/mvbabes.com\/es\/wp-json\/wp\/v2\/product_cat?post=52893"},{"taxonomy":"product_tag","embeddable":true,"href":"https:\/\/mvbabes.com\/es\/wp-json\/wp\/v2\/product_tag?post=52893"},{"taxonomy":"giftcard-category","embeddable":true,"href":"https:\/\/mvbabes.com\/es\/wp-json\/wp\/v2\/giftcard-category?post=52893"}],"curies":[{"name":"wp","href":"https:\/\/api.w.org\/{rel}","templated":true}]}}