{"id":49951,"date":"2024-11-11T21:45:28","date_gmt":"2024-11-12T01:45:28","guid":{"rendered":"https:\/\/mvbabes.com\/?post_type=product&#038;p=49951"},"modified":"2026-01-20T20:41:33","modified_gmt":"2026-01-21T00:41:33","slug":"nova-whimsical-pendant-silver","status":"publish","type":"product","link":"https:\/\/mvbabes.com\/es\/product\/nova-whimsical-pendant-silver\/","title":{"rendered":"Colgante caprichoso de Nova"},"content":{"rendered":"<p><a class=\"confirm_avail2\" href=\"https:\/\/wa.me\/18093508629?text=Hi,I%20would%20like%20to%20confirm%20availability%20of%20the%20Nova%20Whimsical%20Pendant...https:\/\/mvbabes.com\/product\/nova-whimsical-pendant-silver\" rel=\"noopener\" target=\"_blank\">Confirma Disponibilidad<\/a><\/p>\n<p class=\"mobile_desc\">Con su forma distintiva y presencia llamativa, el pendiente Nova Whimsical transforma la joyer\u00eda en arte port\u00e1til que refleja energ\u00e9ticamente la individualidad.<\/p>","protected":false},"excerpt":{"rendered":"<p>Con su forma distintiva y presencia llamativa, el pendiente Nova Whimsical transforma la joyer\u00eda en arte port\u00e1til que refleja energ\u00e9ticamente la individualidad.<\/p>","protected":false},"featured_media":50164,"template":"","meta":{"footnotes":"","_links_to":"","_links_to_target":""},"product_brand":[],"product_cat":[1032,937,1007],"product_tag":[991,633,1054,1056],"giftcard-category":[],"class_list":{"0":"post-49951","1":"product","2":"type-product","3":"status-publish","4":"has-post-thumbnail","6":"product_cat-inspire","7":"product_cat-nova","8":"product_cat-shop","9":"product_tag-for-her","10":"product_tag-hot","11":"product_tag-platinum-micron-plating","12":"product_tag-silver","13":"pa_by-type-neckpieces","14":"pa_collection-nova","15":"pa_color-blazing-burgundy","16":"pa_color-jazzy-green","17":"pa_color-electric-blue","18":"pa_color-dote-red","19":"pa_color-thorne-black","20":"pa_material-925-sterling-silver","21":"pa_shop-for-babes","22":"pa_short-material-platinum-micron-plating","24":"first","25":"instock","26":"featured","27":"shipping-taxable","28":"purchasable","29":"product-type-variable","30":"has-default-attributes","31":"add-to-wishlist-before_image"},"_links":{"self":[{"href":"https:\/\/mvbabes.com\/es\/wp-json\/wp\/v2\/product\/49951","targetHints":{"allow":["GET"]}}],"collection":[{"href":"https:\/\/mvbabes.com\/es\/wp-json\/wp\/v2\/product"}],"about":[{"href":"https:\/\/mvbabes.com\/es\/wp-json\/wp\/v2\/types\/product"}],"version-history":[{"count":0,"href":"https:\/\/mvbabes.com\/es\/wp-json\/wp\/v2\/product\/49951\/revisions"}],"wp:featuredmedia":[{"embeddable":true,"href":"https:\/\/mvbabes.com\/es\/wp-json\/wp\/v2\/media\/50164"}],"wp:attachment":[{"href":"https:\/\/mvbabes.com\/es\/wp-json\/wp\/v2\/media?parent=49951"}],"wp:term":[{"taxonomy":"product_brand","embeddable":true,"href":"https:\/\/mvbabes.com\/es\/wp-json\/wp\/v2\/product_brand?post=49951"},{"taxonomy":"product_cat","embeddable":true,"href":"https:\/\/mvbabes.com\/es\/wp-json\/wp\/v2\/product_cat?post=49951"},{"taxonomy":"product_tag","embeddable":true,"href":"https:\/\/mvbabes.com\/es\/wp-json\/wp\/v2\/product_tag?post=49951"},{"taxonomy":"giftcard-category","embeddable":true,"href":"https:\/\/mvbabes.com\/es\/wp-json\/wp\/v2\/giftcard-category?post=49951"}],"curies":[{"name":"wp","href":"https:\/\/api.w.org\/{rel}","templated":true}]}}