{"id":49930,"date":"2024-11-11T21:38:23","date_gmt":"2024-11-12T01:38:23","guid":{"rendered":"https:\/\/mvbabes.com\/?post_type=product&#038;p=49930"},"modified":"2026-01-23T15:51:30","modified_gmt":"2026-01-23T19:51:30","slug":"nova-whimsical-earrings","status":"publish","type":"product","link":"https:\/\/mvbabes.com\/es\/product\/nova-whimsical-earrings\/","title":{"rendered":"Pendientes caprichosos de Nova"},"content":{"rendered":"<p><a class=\"confirm_avail2\" href=\"https:\/\/wa.me\/18093508629?text=Hi,I%20would%20like%20to%20confirm%20availability%20of%20the%20Nova%20Whimsical%20Earrings...https:\/\/mvbabes.com\/product\/nova-whimsical-earrings\" rel=\"noopener\" target=\"_blank\">Confirma Disponibilidad<\/a><\/p>\n<p class=\"mobile_desc\">Los aretes Nova Whimsical hacen una declaraci\u00f3n atrevida, capturando la energ\u00eda desbordante del Caribe en una creaci\u00f3n \u00fanica que atrae todas las miradas.<\/p>","protected":false},"excerpt":{"rendered":"<p>Los aretes Nova Whimsical hacen una declaraci\u00f3n atrevida, capturando la energ\u00eda desbordante del Caribe en una creaci\u00f3n \u00fanica que atrae todas las miradas.<\/p>","protected":false},"featured_media":50108,"template":"","meta":{"footnotes":"","_links_to":"","_links_to_target":""},"product_brand":[],"product_cat":[1032,937,1007,1041],"product_tag":[1053,1010,991,1055,1038],"giftcard-category":[],"class_list":{"0":"post-49930","1":"product","2":"type-product","3":"status-publish","4":"has-post-thumbnail","6":"product_cat-inspire","7":"product_cat-nova","8":"product_cat-shop","9":"product_cat-the-mv-edit","10":"product_tag-18k-micron-plating","11":"product_tag-catalogo","12":"product_tag-for-her","13":"product_tag-gold","14":"product_tag-holiday-edit","15":"pa_by-type-earrings","16":"pa_collection-nova","17":"pa_color-blazing-burgundy","18":"pa_color-jazzy-green","19":"pa_color-electric-blue","20":"pa_color-dote-red","21":"pa_color-thorne-black","22":"pa_material-18k-gold-micron-plating","23":"pa_shop-for-babes","24":"pa_short-material-18k-micron-plating","26":"first","27":"instock","28":"featured","29":"shipping-taxable","30":"purchasable","31":"product-type-variable","32":"has-default-attributes","33":"add-to-wishlist-before_image"},"_links":{"self":[{"href":"https:\/\/mvbabes.com\/es\/wp-json\/wp\/v2\/product\/49930","targetHints":{"allow":["GET"]}}],"collection":[{"href":"https:\/\/mvbabes.com\/es\/wp-json\/wp\/v2\/product"}],"about":[{"href":"https:\/\/mvbabes.com\/es\/wp-json\/wp\/v2\/types\/product"}],"version-history":[{"count":0,"href":"https:\/\/mvbabes.com\/es\/wp-json\/wp\/v2\/product\/49930\/revisions"}],"wp:featuredmedia":[{"embeddable":true,"href":"https:\/\/mvbabes.com\/es\/wp-json\/wp\/v2\/media\/50108"}],"wp:attachment":[{"href":"https:\/\/mvbabes.com\/es\/wp-json\/wp\/v2\/media?parent=49930"}],"wp:term":[{"taxonomy":"product_brand","embeddable":true,"href":"https:\/\/mvbabes.com\/es\/wp-json\/wp\/v2\/product_brand?post=49930"},{"taxonomy":"product_cat","embeddable":true,"href":"https:\/\/mvbabes.com\/es\/wp-json\/wp\/v2\/product_cat?post=49930"},{"taxonomy":"product_tag","embeddable":true,"href":"https:\/\/mvbabes.com\/es\/wp-json\/wp\/v2\/product_tag?post=49930"},{"taxonomy":"giftcard-category","embeddable":true,"href":"https:\/\/mvbabes.com\/es\/wp-json\/wp\/v2\/giftcard-category?post=49930"}],"curies":[{"name":"wp","href":"https:\/\/api.w.org\/{rel}","templated":true}]}}