{"id":46921,"date":"2024-04-30T17:41:38","date_gmt":"2024-04-30T21:41:38","guid":{"rendered":"https:\/\/mvbabes.com\/?post_type=product&#038;p=46921"},"modified":"2026-01-20T20:41:34","modified_gmt":"2026-01-21T00:41:34","slug":"seaglass-frosted-pendant-silver","status":"publish","type":"product","link":"https:\/\/mvbabes.com\/es\/product\/seaglass-frosted-pendant-silver\/","title":{"rendered":"Colgante de vidrio marino esmerilado"},"content":{"rendered":"<p><a class=\"confirm_avail2\" href=\"https:\/\/wa.me\/18093505622?text=Hi,I%20am%20interested%20in%20the%20Seaglass%20Frosted%20Pendant\u2026https:\/\/mvbabes.com\/product\/seaglass-frosted-pendant-silver\/\" rel=\"noopener\" target=\"_blank\">CONTACTA UNA MVAJADORA<\/a><\/p>\n<p class=\"mobile_desc\">Mant\u00e9n la esencia de la serenidad marina cerca de tu coraz\u00f3n con nuestro collar colgante, una fusi\u00f3n del encanto del vidrio marino y la artesan\u00eda art\u00edstica, que encapsula el esp\u00edritu de la joyer\u00eda consciente.<\/p>\n<p class=\"second\"><em>Descubre la magia en esta pieza seleccionada por la energ\u00eda divina para conectarse con tu individualidad; ofreciendo una variedad de colores y formas limitadas del vidrio marino, asegurando que cada pieza sea tan \u00fanica como t\u00fa.<\/em><\/p>","protected":false},"excerpt":{"rendered":"<p>Mant\u00e9n la esencia de la serenidad marina cerca de tu coraz\u00f3n con nuestro collar colgante, una fusi\u00f3n del encanto del vidrio marino y la artesan\u00eda art\u00edstica, que encapsula el esp\u00edritu de la joyer\u00eda consciente.<\/p>\n<p class=\"second\"><em>Descubre la magia en esta pieza seleccionada por la energ\u00eda divina para conectarse con tu individualidad; ofreciendo una variedad de colores y formas limitadas del vidrio marino, asegurando que cada pieza sea tan \u00fanica como t\u00fa.<\/em><\/p>","protected":false},"featured_media":47052,"template":"","meta":{"footnotes":"","_links_to":"","_links_to_target":""},"product_brand":[],"product_cat":[1042,904,1007],"product_tag":[953,991,914,987,1021,1039,1054,1056,1009],"giftcard-category":[],"class_list":{"0":"post-46921","1":"product","2":"type-product","3":"status-publish","4":"has-post-thumbnail","6":"product_cat-for-her","7":"product_cat-seaglass","8":"product_cat-shop","9":"product_tag-bestsellers","10":"product_tag-for-her","11":"product_tag-for-mom","12":"product_tag-under-300","13":"product_tag-under-400","14":"product_tag-mvbabes","15":"product_tag-platinum-micron-plating","16":"product_tag-silver","17":"product_tag-the-summer-edit","18":"pa_by-type-neckpieces","19":"pa_collection-seaglass","20":"pa_color-blazing-burgundy","21":"pa_color-jazzy-green","22":"pa_color-electric-blue","23":"pa_color-dote-red","24":"pa_color-thorne-black","25":"pa_material-925-sterling-silver","26":"pa_short-material-platinum-micron-plating","27":"pa_stone-seaglass","29":"first","30":"instock","31":"shipping-taxable","32":"purchasable","33":"product-type-variable","34":"has-default-attributes","35":"add-to-wishlist-before_image"},"_links":{"self":[{"href":"https:\/\/mvbabes.com\/es\/wp-json\/wp\/v2\/product\/46921","targetHints":{"allow":["GET"]}}],"collection":[{"href":"https:\/\/mvbabes.com\/es\/wp-json\/wp\/v2\/product"}],"about":[{"href":"https:\/\/mvbabes.com\/es\/wp-json\/wp\/v2\/types\/product"}],"version-history":[{"count":0,"href":"https:\/\/mvbabes.com\/es\/wp-json\/wp\/v2\/product\/46921\/revisions"}],"wp:featuredmedia":[{"embeddable":true,"href":"https:\/\/mvbabes.com\/es\/wp-json\/wp\/v2\/media\/47052"}],"wp:attachment":[{"href":"https:\/\/mvbabes.com\/es\/wp-json\/wp\/v2\/media?parent=46921"}],"wp:term":[{"taxonomy":"product_brand","embeddable":true,"href":"https:\/\/mvbabes.com\/es\/wp-json\/wp\/v2\/product_brand?post=46921"},{"taxonomy":"product_cat","embeddable":true,"href":"https:\/\/mvbabes.com\/es\/wp-json\/wp\/v2\/product_cat?post=46921"},{"taxonomy":"product_tag","embeddable":true,"href":"https:\/\/mvbabes.com\/es\/wp-json\/wp\/v2\/product_tag?post=46921"},{"taxonomy":"giftcard-category","embeddable":true,"href":"https:\/\/mvbabes.com\/es\/wp-json\/wp\/v2\/giftcard-category?post=46921"}],"curies":[{"name":"wp","href":"https:\/\/api.w.org\/{rel}","templated":true}]}}