{"id":44331,"date":"2024-02-09T12:54:28","date_gmt":"2024-02-09T16:54:28","guid":{"rendered":"https:\/\/mvbabes.com\/product\/hislu-courage-larimar-charm\/"},"modified":"2025-12-21T12:51:44","modified_gmt":"2025-12-21T16:51:44","slug":"hislu-courage-larimar-charm","status":"publish","type":"product","link":"https:\/\/mvbabes.com\/es\/product\/hislu-courage-larimar-charm\/","title":{"rendered":"Colgante Hisl\u00fa Coraje Larimar"},"content":{"rendered":"<p><a class=\"confirm_avail\" href=\"https:\/\/wa.me\/18093505622?text=Hi,I%20am%20interested%20in%20the%20Hisl\u00fa%20Courage%20Larimar%20Charm\u2026https:\/\/mvbabes.com\/product\/hislu-courage-larimar-charm\/\" rel=\"noopener\" target=\"_blank\">CONTACTA UNA MVAJADORA<\/a><\/p>\n<p class=\"mobile_desc\">Elaborada con un arte meticuloso, cada pieza de joyer\u00eda fina de M\u00f3nica Varela se convierte en una sinfon\u00eda de elegancia, invit\u00e1ndote a usar la esencia del amor duradero y la sofisticaci\u00f3n caribe\u00f1a. Adorne su escote con el encanto caribe\u00f1o y deje que nuestros finos collares sean la encarnaci\u00f3n radiante de historias no contadas, envueltas en autenticidad y belleza refinada.<\/p>\n<p class=\"stone_vary\" style=\"font-weight: bold;margin-top: 30px\">La piedra puede variar en forma y tama\u00f1o.<\/p>","protected":false},"excerpt":{"rendered":"<p>Elaborada con un arte meticuloso, cada pieza de joyer\u00eda fina de M\u00f3nica Varela se convierte en una sinfon\u00eda de elegancia, invit\u00e1ndote a usar la esencia del amor duradero y la sofisticaci\u00f3n caribe\u00f1a. Adorne su escote con el encanto caribe\u00f1o y deje que nuestros finos collares sean la encarnaci\u00f3n radiante de historias no contadas, envueltas en autenticidad y belleza refinada.<\/p>\n<p class=\"stone_vary\" style=\"font-weight: bold;margin-top: 30px\">La piedra puede variar en forma y tama\u00f1o.<\/p>","protected":false},"featured_media":44540,"template":"","meta":{"footnotes":"","_links_to":"","_links_to_target":""},"product_brand":[],"product_cat":[766],"product_tag":[991,749,980],"giftcard-category":[],"class_list":{"0":"post-44331","1":"product","2":"type-product","3":"status-publish","4":"has-post-thumbnail","6":"product_cat-fine-jewelry","7":"product_tag-for-her","8":"product_tag-preorder","9":"product_tag-yes","10":"pa_by-type-neckpieces","11":"pa_collection-hislu","12":"pa_material-18k-gold","13":"pa_short-material-18k-gold","14":"pa_stone-larimar","16":"first","17":"instock","18":"shipping-taxable","19":"purchasable","20":"product-type-simple","21":"add-to-wishlist-before_image"},"_links":{"self":[{"href":"https:\/\/mvbabes.com\/es\/wp-json\/wp\/v2\/product\/44331","targetHints":{"allow":["GET"]}}],"collection":[{"href":"https:\/\/mvbabes.com\/es\/wp-json\/wp\/v2\/product"}],"about":[{"href":"https:\/\/mvbabes.com\/es\/wp-json\/wp\/v2\/types\/product"}],"version-history":[{"count":0,"href":"https:\/\/mvbabes.com\/es\/wp-json\/wp\/v2\/product\/44331\/revisions"}],"wp:featuredmedia":[{"embeddable":true,"href":"https:\/\/mvbabes.com\/es\/wp-json\/wp\/v2\/media\/44540"}],"wp:attachment":[{"href":"https:\/\/mvbabes.com\/es\/wp-json\/wp\/v2\/media?parent=44331"}],"wp:term":[{"taxonomy":"product_brand","embeddable":true,"href":"https:\/\/mvbabes.com\/es\/wp-json\/wp\/v2\/product_brand?post=44331"},{"taxonomy":"product_cat","embeddable":true,"href":"https:\/\/mvbabes.com\/es\/wp-json\/wp\/v2\/product_cat?post=44331"},{"taxonomy":"product_tag","embeddable":true,"href":"https:\/\/mvbabes.com\/es\/wp-json\/wp\/v2\/product_tag?post=44331"},{"taxonomy":"giftcard-category","embeddable":true,"href":"https:\/\/mvbabes.com\/es\/wp-json\/wp\/v2\/giftcard-category?post=44331"}],"curies":[{"name":"wp","href":"https:\/\/api.w.org\/{rel}","templated":true}]}}