{"id":44323,"date":"2024-02-09T12:54:23","date_gmt":"2024-02-09T16:54:23","guid":{"rendered":"https:\/\/mvbabes.com\/product\/fauli-two-cloud-ring\/"},"modified":"2025-12-21T12:51:41","modified_gmt":"2025-12-21T16:51:41","slug":"fauli-two-cloud-ring","status":"publish","type":"product","link":"https:\/\/mvbabes.com\/es\/product\/fauli-two-cloud-ring\/","title":{"rendered":"Anillo de dos nubes de Fauli"},"content":{"rendered":"<p><a class=\"confirm_avail\" href=\"https:\/\/wa.me\/18093505622?text=Hi,I%20am%20interested%20in%20the%20Fauli%20Two%20Cloud%20Ring\u2026https:\/\/mvbabes.com\/product\/fauli-two-cloud-ring\/\" rel=\"noopener\" target=\"_blank\">CONTACTA UNA MVAJADORA<\/a><\/p>\n<p class=\"mobile_desc\">Emb\u00e1rcate en un viaje a medida con M\u00f3nica Varela.<br \/>\nNuestro dise\u00f1ador crea meticulosamente anillos de compromiso y de boda \u00fanicos que reflejan su \u00edntima historia de amor y enamoran con nuestro ic\u00f3nico sentido de pertenencia.<\/p>","protected":false},"excerpt":{"rendered":"<p>Emb\u00e1rcate en un viaje a medida con M\u00f3nica Varela.<br \/>\nNuestro dise\u00f1ador crea meticulosamente anillos de compromiso y de boda \u00fanicos que reflejan su \u00edntima historia de amor y enamoran con nuestro ic\u00f3nico sentido de pertenencia.<\/p>","protected":false},"featured_media":44469,"template":"","meta":{"footnotes":"","_links_to":"","_links_to_target":""},"product_brand":[],"product_cat":[766],"product_tag":[991,749,934,980],"giftcard-category":[],"class_list":{"0":"post-44323","1":"product","2":"type-product","3":"status-publish","4":"has-post-thumbnail","6":"product_cat-fine-jewelry","7":"product_tag-for-her","8":"product_tag-preorder","9":"product_tag-rings","10":"product_tag-yes","11":"pa_by-type-rings","12":"pa_collection-engagement-rings","13":"pa_material-18k-gold","14":"pa_ring-size-10-1","15":"pa_ring-size-221","16":"pa_ring-size-4-5","17":"pa_ring-size-223","18":"pa_ring-size-5-5","19":"pa_ring-size-225","20":"pa_ring-size-6-5","21":"pa_ring-size-227","22":"pa_ring-size-7-5","23":"pa_ring-size-229","24":"pa_ring-size-8-5","25":"pa_ring-size-231","26":"pa_ring-size-233","27":"pa_short-material-18k-gold","28":"pa_stone-diamond","30":"first","31":"instock","32":"shipping-taxable","33":"purchasable","34":"product-type-simple","35":"add-to-wishlist-before_image"},"_links":{"self":[{"href":"https:\/\/mvbabes.com\/es\/wp-json\/wp\/v2\/product\/44323","targetHints":{"allow":["GET"]}}],"collection":[{"href":"https:\/\/mvbabes.com\/es\/wp-json\/wp\/v2\/product"}],"about":[{"href":"https:\/\/mvbabes.com\/es\/wp-json\/wp\/v2\/types\/product"}],"version-history":[{"count":0,"href":"https:\/\/mvbabes.com\/es\/wp-json\/wp\/v2\/product\/44323\/revisions"}],"wp:featuredmedia":[{"embeddable":true,"href":"https:\/\/mvbabes.com\/es\/wp-json\/wp\/v2\/media\/44469"}],"wp:attachment":[{"href":"https:\/\/mvbabes.com\/es\/wp-json\/wp\/v2\/media?parent=44323"}],"wp:term":[{"taxonomy":"product_brand","embeddable":true,"href":"https:\/\/mvbabes.com\/es\/wp-json\/wp\/v2\/product_brand?post=44323"},{"taxonomy":"product_cat","embeddable":true,"href":"https:\/\/mvbabes.com\/es\/wp-json\/wp\/v2\/product_cat?post=44323"},{"taxonomy":"product_tag","embeddable":true,"href":"https:\/\/mvbabes.com\/es\/wp-json\/wp\/v2\/product_tag?post=44323"},{"taxonomy":"giftcard-category","embeddable":true,"href":"https:\/\/mvbabes.com\/es\/wp-json\/wp\/v2\/giftcard-category?post=44323"}],"curies":[{"name":"wp","href":"https:\/\/api.w.org\/{rel}","templated":true}]}}