{"id":44308,"date":"2024-02-09T12:54:16","date_gmt":"2024-02-09T16:54:16","guid":{"rendered":"https:\/\/mvbabes.com\/product\/love-earrings\/"},"modified":"2025-12-21T12:51:38","modified_gmt":"2025-12-21T16:51:38","slug":"love-earrings","status":"publish","type":"product","link":"https:\/\/mvbabes.com\/es\/product\/love-earrings\/","title":{"rendered":"Pendientes de amor"},"content":{"rendered":"<p><a class=\"confirm_avail\" href=\"https:\/\/wa.me\/18093505622?text=Hi,I%20am%20interested%20in%20the%20Love%20Earrings\u2026https:\/\/mvbabes.com\/product\/love-earrings\/\" rel=\"noopener\" target=\"_blank\">CONTACTA UNA MVAJADORA<\/a><\/p>\n<p class=\"mobile_desc\">Elaboradas con un arte meticuloso, cada pieza de joyer\u00eda fina de M\u00f3nica Varela se convierte en una sinfon\u00eda de elegancia, invit\u00e1ndote a usar la esencia del amor duradero y la sofisticaci\u00f3n caribe\u00f1a. Adorna tus looks de d\u00eda con susurros de elegancia, mientras estos pares de aretes se convierten en un reflejo luminoso de tu propio encanto eterno.<\/p>","protected":false},"excerpt":{"rendered":"<p>Elaboradas con un arte meticuloso, cada pieza de joyer\u00eda fina de M\u00f3nica Varela se convierte en una sinfon\u00eda de elegancia, invit\u00e1ndote a usar la esencia del amor duradero y la sofisticaci\u00f3n caribe\u00f1a. Adorna tus looks de d\u00eda con susurros de elegancia, mientras estos pares de aretes se convierten en un reflejo luminoso de tu propio encanto eterno.<\/p>","protected":false},"featured_media":44441,"template":"","meta":{"footnotes":"","_links_to":"","_links_to_target":""},"product_brand":[],"product_cat":[766],"product_tag":[991,749,980],"giftcard-category":[],"class_list":{"0":"post-44308","1":"product","2":"type-product","3":"status-publish","4":"has-post-thumbnail","6":"product_cat-fine-jewelry","7":"product_tag-for-her","8":"product_tag-preorder","9":"product_tag-yes","10":"pa_by-type-earrings","11":"pa_collection-hislu","12":"pa_material-18k-gold","13":"pa_short-material-18k-gold","14":"pa_stone-emerald","16":"first","17":"instock","18":"shipping-taxable","19":"purchasable","20":"product-type-simple","21":"add-to-wishlist-before_image"},"_links":{"self":[{"href":"https:\/\/mvbabes.com\/es\/wp-json\/wp\/v2\/product\/44308","targetHints":{"allow":["GET"]}}],"collection":[{"href":"https:\/\/mvbabes.com\/es\/wp-json\/wp\/v2\/product"}],"about":[{"href":"https:\/\/mvbabes.com\/es\/wp-json\/wp\/v2\/types\/product"}],"version-history":[{"count":0,"href":"https:\/\/mvbabes.com\/es\/wp-json\/wp\/v2\/product\/44308\/revisions"}],"wp:featuredmedia":[{"embeddable":true,"href":"https:\/\/mvbabes.com\/es\/wp-json\/wp\/v2\/media\/44441"}],"wp:attachment":[{"href":"https:\/\/mvbabes.com\/es\/wp-json\/wp\/v2\/media?parent=44308"}],"wp:term":[{"taxonomy":"product_brand","embeddable":true,"href":"https:\/\/mvbabes.com\/es\/wp-json\/wp\/v2\/product_brand?post=44308"},{"taxonomy":"product_cat","embeddable":true,"href":"https:\/\/mvbabes.com\/es\/wp-json\/wp\/v2\/product_cat?post=44308"},{"taxonomy":"product_tag","embeddable":true,"href":"https:\/\/mvbabes.com\/es\/wp-json\/wp\/v2\/product_tag?post=44308"},{"taxonomy":"giftcard-category","embeddable":true,"href":"https:\/\/mvbabes.com\/es\/wp-json\/wp\/v2\/giftcard-category?post=44308"}],"curies":[{"name":"wp","href":"https:\/\/api.w.org\/{rel}","templated":true}]}}