{"id":42913,"date":"2023-12-07T17:49:14","date_gmt":"2023-12-07T21:49:14","guid":{"rendered":"https:\/\/mvbabes.com\/?post_type=product&#038;p=42913"},"modified":"2026-01-19T13:49:38","modified_gmt":"2026-01-19T17:49:38","slug":"mvtreasuresbox","status":"publish","type":"product","link":"https:\/\/mvbabes.com\/es\/product\/mvtreasuresbox\/","title":{"rendered":"MVTreasure Box"},"content":{"rendered":"<p><a class=\"confirm_avail2\" href=\"https:\/\/wa.me\/18093508629?text=Hi,I%20would%20like%20to%20confirm%20availability%20of%20the%20MVTreasure%20Box...https:\/\/mvbabes.com\/product\/mvtreasuresbox\" target=\"_blank\" rel=\"noopener\">Confirma Disponibilidad<\/a><\/p>\n<p class=\"mobile_desc\">Joyero elegante \u00e0 la MVBabes hecho con terciopelo, ideal para organizar y guardar tus  MVJewels. Su dise\u00f1o moderno, cierre seguro y tama\u00f1o compacto lo convierte en la soluci\u00f3n de almacenamiento perfecta, incluso para viajar.<\/p>","protected":false},"excerpt":{"rendered":"<p>Joyero elegante \u00e0 la MVBabes hecho con terciopelo, ideal para organizar y guardar tus  MVJewels. Su dise\u00f1o moderno, cierre seguro y tama\u00f1o compacto lo convierte en la soluci\u00f3n de almacenamiento perfecta, incluso para viajar.<\/p>","protected":false},"featured_media":46887,"template":"","meta":{"footnotes":"","_links_to":"","_links_to_target":""},"product_brand":[],"product_cat":[933,1007],"product_tag":[991,987,1021,980],"giftcard-category":[],"class_list":{"0":"post-42913","1":"product","2":"type-product","3":"status-publish","4":"has-post-thumbnail","6":"product_cat-accessories","7":"product_cat-shop","8":"product_tag-for-her","9":"product_tag-under-300","10":"product_tag-under-400","11":"product_tag-yes","13":"first","14":"outofstock","15":"shipping-taxable","16":"purchasable","17":"product-type-simple","18":"add-to-wishlist-before_image"},"_links":{"self":[{"href":"https:\/\/mvbabes.com\/es\/wp-json\/wp\/v2\/product\/42913","targetHints":{"allow":["GET"]}}],"collection":[{"href":"https:\/\/mvbabes.com\/es\/wp-json\/wp\/v2\/product"}],"about":[{"href":"https:\/\/mvbabes.com\/es\/wp-json\/wp\/v2\/types\/product"}],"version-history":[{"count":0,"href":"https:\/\/mvbabes.com\/es\/wp-json\/wp\/v2\/product\/42913\/revisions"}],"wp:featuredmedia":[{"embeddable":true,"href":"https:\/\/mvbabes.com\/es\/wp-json\/wp\/v2\/media\/46887"}],"wp:attachment":[{"href":"https:\/\/mvbabes.com\/es\/wp-json\/wp\/v2\/media?parent=42913"}],"wp:term":[{"taxonomy":"product_brand","embeddable":true,"href":"https:\/\/mvbabes.com\/es\/wp-json\/wp\/v2\/product_brand?post=42913"},{"taxonomy":"product_cat","embeddable":true,"href":"https:\/\/mvbabes.com\/es\/wp-json\/wp\/v2\/product_cat?post=42913"},{"taxonomy":"product_tag","embeddable":true,"href":"https:\/\/mvbabes.com\/es\/wp-json\/wp\/v2\/product_tag?post=42913"},{"taxonomy":"giftcard-category","embeddable":true,"href":"https:\/\/mvbabes.com\/es\/wp-json\/wp\/v2\/giftcard-category?post=42913"}],"curies":[{"name":"wp","href":"https:\/\/api.w.org\/{rel}","templated":true}]}}