{"id":42277,"date":"2025-10-07T23:41:24","date_gmt":"2025-10-08T03:41:24","guid":{"rendered":"https:\/\/mvbabes.com\/?post_type=product&#038;p=42277"},"modified":"2026-01-20T20:41:26","modified_gmt":"2026-01-21T00:41:26","slug":"union-pin-s","status":"publish","type":"product","link":"https:\/\/mvbabes.com\/es\/product\/union-pin-s\/","title":{"rendered":"Union Pin"},"content":{"rendered":"<p><a class=\"confirm_avail2\"  href=\"\/es\/\u201chttps:\/\/wa.me\/18093508629\/?text=Hi,I%20would%20like%20to%20confirm%20availability%20of%20the%20Union%20Pin\u2026https:\/\/mvbabes.com\/product\/union-pin-s\"\" target=\"_blank\">Confirma Disponibilidad<\/a><\/p>\n<p class=\"mobile_desc\">Este broche simboliza la profunda conexi\u00f3n y la sinergia que existe entre padre e hija. Cada detalle de la pieza refleja la fuerza de su v\u00ednculo art\u00edstico y el amor compartido.<\/p>","protected":false},"excerpt":{"rendered":"<p>Este broche simboliza la profunda conexi\u00f3n y la sinergia que existe entre padre e hija. Cada detalle de la pieza refleja la fuerza de su v\u00ednculo art\u00edstico y el amor compartido.<\/p>","protected":false},"featured_media":42387,"template":"","meta":{"footnotes":"","_links_to":"","_links_to_target":""},"product_brand":[],"product_cat":[1044,735,1032,1007],"product_tag":[991,993,987,1021,1054,1056],"giftcard-category":[],"class_list":{"0":"post-42277","1":"product","2":"type-product","3":"status-publish","4":"has-post-thumbnail","6":"product_cat-for-him","7":"product_cat-forma-y-vacio","8":"product_cat-inspire","9":"product_cat-shop","10":"product_tag-for-her","11":"product_tag-for-him","12":"product_tag-under-300","13":"product_tag-under-400","14":"product_tag-platinum-micron-plating","15":"product_tag-silver","16":"pa_by-type-pins","17":"pa_collection-forma-y-vacio","18":"pa_material-925-sterling-silver","19":"pa_short-material-platinum-micron-plating","20":"pa_size-s","21":"pa_size-m","23":"first","24":"instock","25":"shipping-taxable","26":"purchasable","27":"product-type-variable","28":"has-default-attributes","29":"add-to-wishlist-before_image"},"_links":{"self":[{"href":"https:\/\/mvbabes.com\/es\/wp-json\/wp\/v2\/product\/42277","targetHints":{"allow":["GET"]}}],"collection":[{"href":"https:\/\/mvbabes.com\/es\/wp-json\/wp\/v2\/product"}],"about":[{"href":"https:\/\/mvbabes.com\/es\/wp-json\/wp\/v2\/types\/product"}],"version-history":[{"count":0,"href":"https:\/\/mvbabes.com\/es\/wp-json\/wp\/v2\/product\/42277\/revisions"}],"wp:featuredmedia":[{"embeddable":true,"href":"https:\/\/mvbabes.com\/es\/wp-json\/wp\/v2\/media\/42387"}],"wp:attachment":[{"href":"https:\/\/mvbabes.com\/es\/wp-json\/wp\/v2\/media?parent=42277"}],"wp:term":[{"taxonomy":"product_brand","embeddable":true,"href":"https:\/\/mvbabes.com\/es\/wp-json\/wp\/v2\/product_brand?post=42277"},{"taxonomy":"product_cat","embeddable":true,"href":"https:\/\/mvbabes.com\/es\/wp-json\/wp\/v2\/product_cat?post=42277"},{"taxonomy":"product_tag","embeddable":true,"href":"https:\/\/mvbabes.com\/es\/wp-json\/wp\/v2\/product_tag?post=42277"},{"taxonomy":"giftcard-category","embeddable":true,"href":"https:\/\/mvbabes.com\/es\/wp-json\/wp\/v2\/giftcard-category?post=42277"}],"curies":[{"name":"wp","href":"https:\/\/api.w.org\/{rel}","templated":true}]}}