{"id":42272,"date":"2023-11-28T19:14:23","date_gmt":"2023-11-28T23:14:23","guid":{"rendered":"https:\/\/mvbabes.com\/?post_type=product&#038;p=42272"},"modified":"2026-01-20T20:47:53","modified_gmt":"2026-01-21T00:47:53","slug":"tribute-necklace-s","status":"publish","type":"product","link":"https:\/\/mvbabes.com\/es\/product\/tribute-necklace-s\/","title":{"rendered":"Tribute Necklace"},"content":{"rendered":"<p>Este collar es un tributo al amor por la m\u00fasica cl\u00e1sica que los artistas comparten. Inspirado en la elegancia de una aria, a\u00f1ade un toque de magia musical, destacando la belleza y emotividad en cada detalle.<\/p>\n<h4 class=\"preorder\">Esta pieza estar\u00e1 disponible a partir del <strong>5 de diciembre<\/strong>.<\/h4>\n<p class=\"mobile_desc\">Este collar es un tributo al amor por la m\u00fasica cl\u00e1sica que los artistas comparten. Inspirado en la elegancia de una aria, a\u00f1ade un toque de magia musical, destacando la belleza y emotividad en cada detalle.<\/p>","protected":false},"excerpt":{"rendered":"<p>Este collar es un tributo al amor por la m\u00fasica cl\u00e1sica que los artistas comparten. Inspirado en la elegancia de una aria, a\u00f1ade un toque de magia musical, destacando la belleza y emotividad en cada detalle.<\/p>","protected":false},"featured_media":42378,"template":"","meta":{"footnotes":"","_links_to":"","_links_to_target":""},"product_brand":[],"product_cat":[735,1032,1007],"product_tag":[991,1054,1056],"giftcard-category":[],"class_list":{"0":"post-42272","1":"product","2":"type-product","3":"status-publish","4":"has-post-thumbnail","6":"product_cat-forma-y-vacio","7":"product_cat-inspire","8":"product_cat-shop","9":"product_tag-for-her","10":"product_tag-platinum-micron-plating","11":"product_tag-silver","12":"pa_by-type-neckpieces","13":"pa_collection-forma-y-vacio","14":"pa_material-925-sterling-silver","15":"pa_short-material-platinum-micron-plating","17":"first","18":"outofstock","19":"shipping-taxable","20":"purchasable","21":"product-type-simple","22":"add-to-wishlist-before_image"},"_links":{"self":[{"href":"https:\/\/mvbabes.com\/es\/wp-json\/wp\/v2\/product\/42272","targetHints":{"allow":["GET"]}}],"collection":[{"href":"https:\/\/mvbabes.com\/es\/wp-json\/wp\/v2\/product"}],"about":[{"href":"https:\/\/mvbabes.com\/es\/wp-json\/wp\/v2\/types\/product"}],"version-history":[{"count":0,"href":"https:\/\/mvbabes.com\/es\/wp-json\/wp\/v2\/product\/42272\/revisions"}],"wp:featuredmedia":[{"embeddable":true,"href":"https:\/\/mvbabes.com\/es\/wp-json\/wp\/v2\/media\/42378"}],"wp:attachment":[{"href":"https:\/\/mvbabes.com\/es\/wp-json\/wp\/v2\/media?parent=42272"}],"wp:term":[{"taxonomy":"product_brand","embeddable":true,"href":"https:\/\/mvbabes.com\/es\/wp-json\/wp\/v2\/product_brand?post=42272"},{"taxonomy":"product_cat","embeddable":true,"href":"https:\/\/mvbabes.com\/es\/wp-json\/wp\/v2\/product_cat?post=42272"},{"taxonomy":"product_tag","embeddable":true,"href":"https:\/\/mvbabes.com\/es\/wp-json\/wp\/v2\/product_tag?post=42272"},{"taxonomy":"giftcard-category","embeddable":true,"href":"https:\/\/mvbabes.com\/es\/wp-json\/wp\/v2\/giftcard-category?post=42272"}],"curies":[{"name":"wp","href":"https:\/\/api.w.org\/{rel}","templated":true}]}}