{"id":42238,"date":"2023-11-28T18:33:43","date_gmt":"2023-11-28T22:33:43","guid":{"rendered":"https:\/\/mvbabes.com\/?post_type=product&#038;p=42238"},"modified":"2026-01-20T20:42:07","modified_gmt":"2026-01-21T00:42:07","slug":"union-pin","status":"publish","type":"product","link":"https:\/\/mvbabes.com\/es\/product\/union-pin\/","title":{"rendered":"Union Pin"},"content":{"rendered":"<p><a class=\"confirm_avail2\"  href=\"\/es\/\u201chttps:\/\/wa.me\/18093508629\/?text=Hi,I%20would%20like%20to%20confirm%20availability%20of%20the%20Union%20Pin\u2026https:\/\/mvbabes.com\/product\/union-pin\/\"\" rel=\"noopener\" target=\"_blank\">Confirma Disponibilidad<\/a><\/p>\n<p class=\"mobile_desc\">Este broche simboliza la profunda conexi\u00f3n y la sinergia que existe entre padre e hija. Cada detalle de la pieza refleja la fuerza de su v\u00ednculo art\u00edstico y el amor compartido.<\/p>","protected":false},"excerpt":{"rendered":"<p>Este broche simboliza la profunda conexi\u00f3n y la sinergia que existe entre padre e hija. Cada detalle de la pieza refleja la fuerza de su v\u00ednculo art\u00edstico y el amor compartido.<\/p>","protected":false},"featured_media":42382,"template":"","meta":{"footnotes":"","_links_to":"","_links_to_target":""},"product_brand":[],"product_cat":[1044,735,1032,1007],"product_tag":[1053,1010,991,993,987,1021,1055],"giftcard-category":[],"class_list":{"0":"post-42238","1":"product","2":"type-product","3":"status-publish","4":"has-post-thumbnail","6":"product_cat-for-him","7":"product_cat-forma-y-vacio","8":"product_cat-inspire","9":"product_cat-shop","10":"product_tag-18k-micron-plating","11":"product_tag-catalogo","12":"product_tag-for-her","13":"product_tag-for-him","14":"product_tag-under-300","15":"product_tag-under-400","16":"product_tag-gold","17":"pa_by-type-pins","18":"pa_collection-forma-y-vacio","19":"pa_material-18k-gold-micron-plating","20":"pa_short-material-18k-micron-plating","21":"pa_size-s","22":"pa_size-m","24":"first","25":"instock","26":"shipping-taxable","27":"purchasable","28":"product-type-variable","29":"has-default-attributes","30":"add-to-wishlist-before_image"},"_links":{"self":[{"href":"https:\/\/mvbabes.com\/es\/wp-json\/wp\/v2\/product\/42238","targetHints":{"allow":["GET"]}}],"collection":[{"href":"https:\/\/mvbabes.com\/es\/wp-json\/wp\/v2\/product"}],"about":[{"href":"https:\/\/mvbabes.com\/es\/wp-json\/wp\/v2\/types\/product"}],"version-history":[{"count":0,"href":"https:\/\/mvbabes.com\/es\/wp-json\/wp\/v2\/product\/42238\/revisions"}],"wp:featuredmedia":[{"embeddable":true,"href":"https:\/\/mvbabes.com\/es\/wp-json\/wp\/v2\/media\/42382"}],"wp:attachment":[{"href":"https:\/\/mvbabes.com\/es\/wp-json\/wp\/v2\/media?parent=42238"}],"wp:term":[{"taxonomy":"product_brand","embeddable":true,"href":"https:\/\/mvbabes.com\/es\/wp-json\/wp\/v2\/product_brand?post=42238"},{"taxonomy":"product_cat","embeddable":true,"href":"https:\/\/mvbabes.com\/es\/wp-json\/wp\/v2\/product_cat?post=42238"},{"taxonomy":"product_tag","embeddable":true,"href":"https:\/\/mvbabes.com\/es\/wp-json\/wp\/v2\/product_tag?post=42238"},{"taxonomy":"giftcard-category","embeddable":true,"href":"https:\/\/mvbabes.com\/es\/wp-json\/wp\/v2\/giftcard-category?post=42238"}],"curies":[{"name":"wp","href":"https:\/\/api.w.org\/{rel}","templated":true}]}}