{"id":42232,"date":"2023-11-28T18:30:42","date_gmt":"2023-11-28T22:30:42","guid":{"rendered":"https:\/\/mvbabes.com\/?post_type=product&#038;p=42232"},"modified":"2026-01-22T10:56:51","modified_gmt":"2026-01-22T14:56:51","slug":"tribute-ring","status":"publish","type":"product","link":"https:\/\/mvbabes.com\/es\/product\/tribute-ring\/","title":{"rendered":"Tribute Ring"},"content":{"rendered":"<div data-elementor-type=\"product-post\" data-elementor-id=\"42232\" class=\"elementor elementor-42232\" data-elementor-post-type=\"product\">\n\t\t\t\t\t\t<section class=\"wd-negative-gap elementor-section elementor-top-section elementor-element elementor-element-86a583c elementor-section-boxed elementor-section-height-default elementor-section-height-default\" data-id=\"86a583c\" data-element_type=\"section\" data-e-type=\"section\">\n\t\t\t\t\t\t<div class=\"elementor-container elementor-column-gap-default\">\n\t\t\t\t\t<div class=\"elementor-column elementor-col-100 elementor-top-column elementor-element elementor-element-17a96098\" data-id=\"17a96098\" data-element_type=\"column\" data-e-type=\"column\">\n\t\t\t<div class=\"elementor-widget-wrap elementor-element-populated\">\n\t\t\t\t\t\t<div class=\"elementor-element elementor-element-ca2ac64 elementor-align-left elementor-widget elementor-widget-button\" data-id=\"ca2ac64\" data-element_type=\"widget\" data-e-type=\"widget\" data-widget_type=\"button.default\">\n\t\t\t\t\t\t\t\t\t\t<a class=\"elementor-button elementor-button-link elementor-size-sm\" href=\"https:\/\/wa.me\/18093508629?text=Hi,I%20am%20interested%20in%20the%20Tribute%20Ring...https:\/\/mvbabes.com\/product\/tribute-ring\" target=\"_blank\">\n\t\t\t\t\t\t<span class=\"elementor-button-content-wrapper\">\n\t\t\t\t\t\t\t\t\t<span class=\"elementor-button-text\">Hacer un pedido<\/span>\n\t\t\t\t\t<\/span>\n\t\t\t\t\t<\/a>\n\t\t\t\t\t\t\t\t<\/div>\n\t\t\t\t\t<\/div>\n\t\t<\/div>\n\t\t\t\t\t<\/div>\n\t\t<\/section>\n\t\t\t\t<\/div>","protected":false},"excerpt":{"rendered":"<p>Este anillo es un tributo al amor por la m\u00fasica cl\u00e1sica que los artistas comparten. Inspirado en la elegancia de una aria, a\u00f1ade un toque de magia musical, destacando la belleza y emotividad en cada detalle.<\/p>","protected":false},"featured_media":42415,"template":"","meta":{"footnotes":"","_links_to":"","_links_to_target":""},"product_brand":[],"product_cat":[735,1032,1007],"product_tag":[1053,1010,991,1021,1055,943],"giftcard-category":[],"class_list":{"0":"post-42232","1":"product","2":"type-product","3":"status-publish","4":"has-post-thumbnail","6":"product_cat-forma-y-vacio","7":"product_cat-inspire","8":"product_cat-shop","9":"product_tag-18k-micron-plating","10":"product_tag-catalogo","11":"product_tag-for-her","12":"product_tag-under-400","13":"product_tag-gold","14":"product_tag-designeredit","15":"product_shipping_class-y","16":"pa_by-type-rings","17":"pa_collection-forma-y-vacio","18":"pa_material-18k-gold-micron-plating","19":"pa_ring-size-221","20":"pa_ring-size-4-5","21":"pa_ring-size-223","22":"pa_ring-size-5-5","23":"pa_ring-size-225","24":"pa_ring-size-6-5","25":"pa_ring-size-227","26":"pa_ring-size-7-5","27":"pa_ring-size-229","28":"pa_ring-size-8-5","29":"pa_ring-size-231","30":"pa_ring-size-9-5","31":"pa_ring-size-233","32":"pa_short-material-18k-micron-plating","34":"first","35":"instock","36":"shipping-taxable","37":"purchasable","38":"product-type-variable","39":"has-default-attributes","40":"add-to-wishlist-before_image"},"_links":{"self":[{"href":"https:\/\/mvbabes.com\/es\/wp-json\/wp\/v2\/product\/42232","targetHints":{"allow":["GET"]}}],"collection":[{"href":"https:\/\/mvbabes.com\/es\/wp-json\/wp\/v2\/product"}],"about":[{"href":"https:\/\/mvbabes.com\/es\/wp-json\/wp\/v2\/types\/product"}],"version-history":[{"count":0,"href":"https:\/\/mvbabes.com\/es\/wp-json\/wp\/v2\/product\/42232\/revisions"}],"wp:featuredmedia":[{"embeddable":true,"href":"https:\/\/mvbabes.com\/es\/wp-json\/wp\/v2\/media\/42415"}],"wp:attachment":[{"href":"https:\/\/mvbabes.com\/es\/wp-json\/wp\/v2\/media?parent=42232"}],"wp:term":[{"taxonomy":"product_brand","embeddable":true,"href":"https:\/\/mvbabes.com\/es\/wp-json\/wp\/v2\/product_brand?post=42232"},{"taxonomy":"product_cat","embeddable":true,"href":"https:\/\/mvbabes.com\/es\/wp-json\/wp\/v2\/product_cat?post=42232"},{"taxonomy":"product_tag","embeddable":true,"href":"https:\/\/mvbabes.com\/es\/wp-json\/wp\/v2\/product_tag?post=42232"},{"taxonomy":"giftcard-category","embeddable":true,"href":"https:\/\/mvbabes.com\/es\/wp-json\/wp\/v2\/giftcard-category?post=42232"}],"curies":[{"name":"wp","href":"https:\/\/api.w.org\/{rel}","templated":true}]}}