{"id":42197,"date":"2023-11-28T17:53:52","date_gmt":"2023-11-28T21:53:52","guid":{"rendered":"https:\/\/mvbabes.com\/?post_type=product&#038;p=42197"},"modified":"2026-01-20T20:42:08","modified_gmt":"2026-01-21T00:42:08","slug":"union-studs","status":"publish","type":"product","link":"https:\/\/mvbabes.com\/es\/product\/union-studs\/","title":{"rendered":"Union Studs"},"content":{"rendered":"<p>Estos aretes simbolizan la profunda conexi\u00f3n y la sinergia que existe entre padre e hija. Cada detalle de la pieza refleja la fuerza de su v\u00ednculo art\u00edstico y el amor compartido.<br \/>\nnorte<\/p>\n<h4 class=\"preorder\">Esta pieza estar\u00e1 disponible a partir del <strong>5 de diciembre<\/strong>.<\/h4>","protected":false},"excerpt":{"rendered":"<p>Estos aretes simbolizan la profunda conexi\u00f3n y la sinergia que existe entre padre e hija. Cada detalle de la pieza refleja la fuerza de su v\u00ednculo art\u00edstico y el amor compartido.<br \/>\nnorte<\/p>\n<h4 class=\"preorder\">Esta pieza estar\u00e1 disponible a partir del <strong>5 de diciembre<\/strong>.<\/h4>","protected":false},"featured_media":42357,"template":"","meta":{"footnotes":"","_links_to":"","_links_to_target":""},"product_brand":[],"product_cat":[735,1032,1007],"product_tag":[1053,1010,991,992,1021,1055],"giftcard-category":[],"class_list":{"0":"post-42197","1":"product","2":"type-product","3":"status-publish","4":"has-post-thumbnail","6":"product_cat-forma-y-vacio","7":"product_cat-inspire","8":"product_cat-shop","9":"product_tag-18k-micron-plating","10":"product_tag-catalogo","11":"product_tag-for-her","12":"product_tag-gifts-for-her","13":"product_tag-under-400","14":"product_tag-gold","15":"pa_by-type-earrings","16":"pa_collection-forma-y-vacio","17":"pa_material-18k-gold-micron-plating","18":"pa_short-material-18k-micron-plating","20":"first","21":"instock","22":"shipping-taxable","23":"purchasable","24":"product-type-simple","25":"add-to-wishlist-before_image"},"_links":{"self":[{"href":"https:\/\/mvbabes.com\/es\/wp-json\/wp\/v2\/product\/42197","targetHints":{"allow":["GET"]}}],"collection":[{"href":"https:\/\/mvbabes.com\/es\/wp-json\/wp\/v2\/product"}],"about":[{"href":"https:\/\/mvbabes.com\/es\/wp-json\/wp\/v2\/types\/product"}],"version-history":[{"count":0,"href":"https:\/\/mvbabes.com\/es\/wp-json\/wp\/v2\/product\/42197\/revisions"}],"wp:featuredmedia":[{"embeddable":true,"href":"https:\/\/mvbabes.com\/es\/wp-json\/wp\/v2\/media\/42357"}],"wp:attachment":[{"href":"https:\/\/mvbabes.com\/es\/wp-json\/wp\/v2\/media?parent=42197"}],"wp:term":[{"taxonomy":"product_brand","embeddable":true,"href":"https:\/\/mvbabes.com\/es\/wp-json\/wp\/v2\/product_brand?post=42197"},{"taxonomy":"product_cat","embeddable":true,"href":"https:\/\/mvbabes.com\/es\/wp-json\/wp\/v2\/product_cat?post=42197"},{"taxonomy":"product_tag","embeddable":true,"href":"https:\/\/mvbabes.com\/es\/wp-json\/wp\/v2\/product_tag?post=42197"},{"taxonomy":"giftcard-category","embeddable":true,"href":"https:\/\/mvbabes.com\/es\/wp-json\/wp\/v2\/giftcard-category?post=42197"}],"curies":[{"name":"wp","href":"https:\/\/api.w.org\/{rel}","templated":true}]}}