{"id":40726,"date":"2023-06-18T18:12:03","date_gmt":"2023-06-18T22:12:03","guid":{"rendered":"https:\/\/mvbabes.com\/product\/hure-pendant-2\/"},"modified":"2026-01-20T20:47:54","modified_gmt":"2026-01-21T00:47:54","slug":"hure-pendant-2","status":"publish","type":"product","link":"https:\/\/mvbabes.com\/es\/product\/hure-pendant-2\/","title":{"rendered":"Hur\u00e9 Teeny Charm"},"content":{"rendered":"<p><a class=\"confirm_avail2\" href=\"https:\/\/wa.me\/18093508629?text=Hi,I%20would%20like%20to%20confirm%20availability%20of%20the%20Hur\u00e9%20Pendant\u2026https:\/\/mvbabes.com\/product\/hure-pendant-2\" target=\"_blank\" rel=\"noopener\">Confirma Disponibilidad<\/a><\/p>\n<p>\t\t\t<link rel=\"stylesheet\" id=\"elementor-post-65639-css\" href=\"https:\/\/mvbabes.com\/wp-content\/uploads\/elementor\/css\/post-65639.css?ver=1775321050\" type=\"text\/css\" media=\"all\">\n\t\t\t\t\t<div data-elementor-type=\"wp-post\" data-elementor-id=\"65639\" class=\"elementor elementor-65639\" data-elementor-post-type=\"cms_block\">\n\t\t\t\t\t\t<section class=\"wd-negative-gap elementor-section elementor-top-section elementor-element elementor-element-2329e21 hurechain elementor-section-boxed elementor-section-height-default elementor-section-height-default\" data-id=\"2329e21\" data-element_type=\"section\" data-e-type=\"section\">\n\t\t\t\t\t\t<div class=\"elementor-container elementor-column-gap-default\">\n\t\t\t\t\t<div class=\"elementor-column elementor-col-100 elementor-top-column elementor-element elementor-element-12e690f\" data-id=\"12e690f\" data-element_type=\"column\" data-e-type=\"column\">\n\t\t\t<div class=\"elementor-widget-wrap elementor-element-populated\">\n\t\t\t\t\t\t<div class=\"elementor-element elementor-element-146c5cb elementor-widget elementor-widget-heading\" data-id=\"146c5cb\" data-element_type=\"widget\" data-e-type=\"widget\" data-widget_type=\"heading.default\">\n\t\t\t\t\t<h2 class=\"elementor-heading-title elementor-size-default\">Add your chain<\/h2>\t\t\t\t<\/div>\n\t\t\t\t<div class=\"elementor-element elementor-element-bde2a34 elementor-widget-divider--view-line elementor-widget elementor-widget-divider\" data-id=\"bde2a34\" data-element_type=\"widget\" data-e-type=\"widget\" data-widget_type=\"divider.default\">\n\t\t\t\t\t\t\t<div class=\"elementor-divider\">\n\t\t\t<span class=\"elementor-divider-separator\">\n\t\t\t\t\t\t<\/span>\n\t\t<\/div>\n\t\t\t\t\t\t<\/div>\n\t\t\t\t<div class=\"elementor-element elementor-element-6592249 wd-width-100 elementor-widget elementor-widget-wd_products\" data-id=\"6592249\" data-element_type=\"widget\" data-e-type=\"widget\" data-widget_type=\"wd_products.default\">\n\t\t\t\t<div class=\"elementor-widget-container\">\n\t\t\t\t\t\t\t\t\t\t<div class=\"wd-products-element\">\n\n\t\t\t\n\t\t\t\n\t\t\t\n\t\t\t\n\t\t\t<div class=\"products wd-products elements-list wd-quantity-enabled wd-grid-g\" data-paged=\"1\" data-atts=\"{&quot;speed&quot;:null,&quot;slides_per_view&quot;:null,&quot;slides_per_view_tablet&quot;:null,&quot;slides_per_view_mobile&quot;:null,&quot;wrap&quot;:null,&quot;autoplay&quot;:null,&quot;autoheight&quot;:null,&quot;hide_pagination_control&quot;:null,&quot;hide_pagination_control_tablet&quot;:null,&quot;hide_pagination_control_mobile&quot;:null,&quot;dynamic_pagination_control&quot;:null,&quot;hide_prev_next_buttons&quot;:null,&quot;carousel_arrows_position&quot;:null,&quot;hide_scrollbar&quot;:null,&quot;hide_scrollbar_tablet&quot;:null,&quot;hide_scrollbar_mobile&quot;:null,&quot;scroll_per_page&quot;:null,&quot;center_mode&quot;:null,&quot;post_type&quot;:&quot;ids&quot;,&quot;spacing&quot;:null,&quot;spacing_tablet&quot;:null,&quot;spacing_mobile&quot;:null,&quot;carousel_sync&quot;:null,&quot;sync_parent_id&quot;:null,&quot;sync_child_id&quot;:null,&quot;scroll_carousel_init&quot;:null,&quot;disable_overflow_carousel&quot;:null,&quot;include&quot;:[&quot;62241&quot;],&quot;taxonomies&quot;:null,&quot;offset&quot;:null,&quot;order&quot;:null,&quot;meta_key&quot;:null,&quot;exclude&quot;:null,&quot;shop_tools&quot;:null,&quot;ajax_recently_viewed&quot;:null,&quot;layout&quot;:&quot;list&quot;,&quot;pagination_arrows_position&quot;:null,&quot;columns&quot;:null,&quot;columns_tablet&quot;:null,&quot;columns_mobile&quot;:null,&quot;products_masonry&quot;:null,&quot;products_different_sizes&quot;:null,&quot;product_quantity&quot;:&quot;enable&quot;,&quot;product_hover&quot;:null,&quot;sale_countdown&quot;:&quot;0&quot;,&quot;stretch_product&quot;:null,&quot;stretch_product_tablet&quot;:null,&quot;stretch_product_mobile&quot;:null,&quot;stock_progress_bar&quot;:&quot;0&quot;,&quot;highlighted_products&quot;:&quot;0&quot;,&quot;products_divider&quot;:null,&quot;products_bordered_grid&quot;:&quot;0&quot;,&quot;products_bordered_grid_style&quot;:null,&quot;products_with_background&quot;:&quot;0&quot;,&quot;products_shadow&quot;:&quot;0&quot;,&quot;img_size&quot;:&quot;large&quot;,&quot;img_size_custom&quot;:null,&quot;grid_gallery&quot;:&quot;no&quot;,&quot;grid_gallery_control&quot;:null,&quot;grid_gallery_enable_arrows&quot;:null,&quot;elementor&quot;:true,&quot;force_not_ajax&quot;:&quot;no&quot;}\" data-source=\"shortcode\" data-columns=\"\" data-grid-gallery=\"\" style=\"--wd-col-lg:1;--wd-col-md:1;--wd-col-sm:1;\">\n\t\t\n\t\t\t\t\t\t\t\t<div class=\"wd-product product-list-item wd-quantity wd-col product-grid-item product add-to-wishlist-before_image type-product post-62241 status-publish instock product_cat-accessories product_cat-hure product_cat-shop product_tag-catalogo product_tag-chain-silver product_tag-for-her product_tag-under-400 product_tag-platinum-micron-plating product_tag-silver has-post-thumbnail shipping-taxable purchasable product-type-simple\" data-loop=\"1\" data-id=\"62241\">\n\t\n\t\n<div\n\tclass=\"yith-wcwl-add-to-wishlist add-to-wishlist-62241 yith-wcwl-add-to-wishlist--button_custom-style wishlist-fragment on-first-load\"\n\tdata-fragment-ref=\"62241\"\n\tdata-fragment-options=\"{&quot;base_url&quot;:&quot;&quot;,&quot;product_id&quot;:62241,&quot;parent_product_id&quot;:0,&quot;product_type&quot;:&quot;simple&quot;,&quot;is_single&quot;:false,&quot;in_default_wishlist&quot;:false,&quot;show_view&quot;:false,&quot;browse_wishlist_text&quot;:&quot;Browse Wishlist&quot;,&quot;already_in_wishslist_text&quot;:&quot;The product is already in the wishlist!&quot;,&quot;product_added_text&quot;:&quot;Product added!&quot;,&quot;available_multi_wishlist&quot;:false,&quot;disable_wishlist&quot;:false,&quot;show_count&quot;:false,&quot;ajax_loading&quot;:false,&quot;loop_position&quot;:&quot;before_image&quot;,&quot;product_image&quot;:&quot;&quot;,&quot;label_popup&quot;:&quot;Add to wishlist&quot;,&quot;show_exists&quot;:true,&quot;add_to_wishlist_modal&quot;:&quot;no&quot;,&quot;item&quot;:&quot;add_to_wishlist&quot;}\"\n>\n\t<\/div>\n\n\t<div class=\"product-wrapper\">\n\t\t<div class=\"product-element-top wd-quick-shop\">\n\t\t\t<a href=\"https:\/\/mvbabes.com\/es\/product\/hure-chain-16-silver__trashed\/\" class=\"product-image-link\" aria-label=\"Hure Chain 16&#8243; Silver\">\n\t\t\t\t<img fetchpriority=\"high\" decoding=\"async\" width=\"800\" height=\"800\" src=\"https:\/\/mvbabes.com\/wp-content\/uploads\/hure-chain-s-16-800x800.jpg\" class=\"attachment-large size-large\" alt=\"Delicate 16-inch gold chain, perfect for layering and everyday wear. Adds a sleek, sophisticated touch to any outfit.\" srcset=\"https:\/\/mvbabes.com\/wp-content\/uploads\/hure-chain-s-16-800x800.jpg 800w, https:\/\/mvbabes.com\/wp-content\/uploads\/hure-chain-s-16-100x100.jpg 100w, https:\/\/mvbabes.com\/wp-content\/uploads\/hure-chain-s-16-1000x1000.jpg 1000w, https:\/\/mvbabes.com\/wp-content\/uploads\/hure-chain-s-16-64x64.jpg 64w, https:\/\/mvbabes.com\/wp-content\/uploads\/hure-chain-s-16-300x300.jpg 300w, https:\/\/mvbabes.com\/wp-content\/uploads\/hure-chain-s-16-150x150.jpg 150w, https:\/\/mvbabes.com\/wp-content\/uploads\/hure-chain-s-16-768x768.jpg 768w, https:\/\/mvbabes.com\/wp-content\/uploads\/hure-chain-s-16-12x12.jpg 12w, https:\/\/mvbabes.com\/wp-content\/uploads\/hure-chain-s-16.jpg 1144w\" sizes=\"(max-width: 800px) 100vw, 800px\" \/>\t\t\t<\/a>\n\n\t\t\t\n\t\t\t<div class=\"wd-buttons wd-pos-r-t\">\n\t\t\t\t\t\t\t\t\t\t\t\t\t\t\t\t\t\t\t<\/div>\n\t\t<\/div>\n\n\t\t<div class=\"product-list-content wd-scroll\">\n\t\t\t<h3 class=\"wd-entities-title\" data-no-translation=\"\" data-no-auto-translation=\"\"><a href=\"https:\/\/mvbabes.com\/es\/product\/hure-chain-16-silver__trashed\/\">Hure Chain 16&#8243; Silver<\/a><\/h3>\t\t\t\t\t\t\t\t\t\t\t\t\n\t<span class=\"price\"><span class=\"woocommerce-Price-amount amount\"><bdi><span class=\"woocommerce-Price-currencySymbol\">US$<\/span>48<\/bdi><\/span><\/span>\n\t\t\t\t\t\t\t\t\t\n\t\t\t\n\t\t\t\n\t\t\t<div class=\"wd-add-btn wd-add-btn-replace\">\n\t\t\t\t\t\t\t\t\t\n<div class=\"quantity\">\n\t\n\t\t\t<input type=\"button\" value=\"-\" class=\"minus btn\" \/>\n\t\n\t<label class=\"screen-reader-text\" for=\"quantity_69d1b4d2bb103\" data-no-translation=\"\" data-trp-gettext=\"\">Hure Chain 16&quot; Silver cantidad<\/label>\n\t<input\n\t\ttype=\"number\"\n\t\t\t\tid=\"quantity_69d1b4d2bb103\"\n\t\tclass=\"input-text qty text\"\n\t\tvalue=\"1\"\n\t\taria-label=\"Cantidad de productos\"\n\t\t\t\tmin=\"1\"\n\t\tmax=\"\"\n\t\tname=\"quantity\"\n\n\t\t\t\t\tstep=\"1\"\n\t\t\tplaceholder=\"\"\n\t\t\tinputmode=\"numeric\"\n\t\t\tautocomplete=\"off\" data-no-translation-aria-label=\"\"\n\t\t\t>\n\n\t\t\t<input type=\"button\" value=\"+\" class=\"plus btn\" \/>\n\t\n\t<\/div>\n\t\t\t\t\n\t\t\t\t<a href=\"\/es\/wp-json\/wp\/v2\/product\/40726?add-to-cart=62241\" aria-describedby=\"woocommerce_loop_add_to_cart_link_describedby_62241\" data-quantity=\"1\" class=\"button product_type_simple add_to_cart_button ajax_add_to_cart add-to-cart-loop\" data-product_id=\"62241\" data-product_sku=\"MVHURE-16-S-S\" aria-label=\"A\u00f1adir al carrito: \u201cHure Chain 16&quot; Silver\u201d\" rel=\"nofollow\" data-success_message=\"\u201cHure Chain 16&quot; Silver\u201d se ha a\u00f1adido a tu carrito\" data-no-translation-aria-label=\"\" data-no-translation-data-success_message=\"\"><span data-no-translation=\"\" data-trp-gettext=\"\">A\u00f1adir al carrito<\/span><\/a>\t<span id=\"woocommerce_loop_add_to_cart_link_describedby_62241\" class=\"screen-reader-text\">\n\t\t\t<\/span>\n\t\t\t<\/div>\n\n\t\t\t\t\t<\/div>\n\t<\/div>\n<\/div>\n\t\t\n\t\t\t\t<\/div>\n\t\n\t\t\n\t\t\n\t\t\t\t\t<\/div>\n\t\t\n\t\t\t\t\t\t<\/div>\n\t\t\t\t<\/div>\n\t\t\t\t\t<\/div>\n\t\t<\/div>\n\t\t\t\t\t<\/div>\n\t\t<\/section>\n\t\t\t\t<\/div>\n\t\t<br \/>\n<span class=\"charm_only\"><strong>Chain sold seperately.<\/strong><\/span><\/p>\n<p class=\"mobile_desc\">Monica Varela Jewelry empodera al opulento en busca de piezas de arte, dise\u00f1adas con detalles vanguardistas e infundidos por una imaginaci\u00f3n evolutiva y lo abstracto. Hecho a mano con \u00e9tica por artesanos de la Rep\u00fablica Dominicana con una mezcla elevada de t\u00e9cnicas de joyer\u00eda tradicionales y materiales de origen sostenible.<\/p>","protected":false},"excerpt":{"rendered":"<p><span class=\"charm_only\"><strong>Chain sold separately.<\/strong><\/span><\/p>\n<p style=\"text-align: left;\">Monica Varela Jewelry empodera al opulento en busca de piezas de arte, dise\u00f1adas con detalles vanguardistas e infundidos por una imaginaci\u00f3n evolutiva y lo abstracto. Hecho a mano con \u00e9tica por artesanos de la Rep\u00fablica Dominicana con una mezcla elevada de t\u00e9cnicas de joyer\u00eda tradicionales y materiales de origen sostenible.<\/p>","protected":false},"featured_media":39475,"template":"","meta":{"footnotes":"","_links_to":"","_links_to_target":""},"product_brand":[],"product_cat":[662,1007],"product_tag":[953,991,987,1021,1047,1054,1056],"giftcard-category":[],"class_list":{"0":"post-40726","1":"product","2":"type-product","3":"status-publish","4":"has-post-thumbnail","6":"product_cat-hure","7":"product_cat-shop","8":"product_tag-bestsellers","9":"product_tag-for-her","10":"product_tag-under-300","11":"product_tag-under-400","12":"product_tag-hurependantsilver","13":"product_tag-platinum-micron-plating","14":"product_tag-silver","15":"pa_by-type-neckpieces","16":"pa_collection-hure","17":"pa_color-blazing-burgundy","18":"pa_color-jazzy-green","19":"pa_color-electric-blue","20":"pa_color-dote-red","21":"pa_color-thorne-black","22":"pa_letter-a","23":"pa_letter-b","24":"pa_letter-c","25":"pa_letter-d","26":"pa_letter-e","27":"pa_letter-f","28":"pa_letter-g","29":"pa_letter-h","30":"pa_letter-i","31":"pa_letter-j","32":"pa_letter-k","33":"pa_letter-l","34":"pa_letter-m","35":"pa_letter-n2","36":"pa_letter-n","37":"pa_letter-o","38":"pa_letter-p","39":"pa_letter-q","40":"pa_letter-r","41":"pa_letter-s","42":"pa_letter-t","43":"pa_letter-u","44":"pa_letter-v","45":"pa_letter-w","46":"pa_letter-x","47":"pa_letter-y","48":"pa_letter-z","49":"pa_material-925-sterling-silver","50":"pa_shop-for-babes","51":"pa_short-material-platinum-micron-plating","52":"add-to-wishlist-before_image","54":"first","55":"instock","56":"shipping-taxable","57":"purchasable","58":"product-type-variable","59":"has-default-attributes"},"_links":{"self":[{"href":"https:\/\/mvbabes.com\/es\/wp-json\/wp\/v2\/product\/40726","targetHints":{"allow":["GET"]}}],"collection":[{"href":"https:\/\/mvbabes.com\/es\/wp-json\/wp\/v2\/product"}],"about":[{"href":"https:\/\/mvbabes.com\/es\/wp-json\/wp\/v2\/types\/product"}],"version-history":[{"count":0,"href":"https:\/\/mvbabes.com\/es\/wp-json\/wp\/v2\/product\/40726\/revisions"}],"wp:featuredmedia":[{"embeddable":true,"href":"https:\/\/mvbabes.com\/es\/wp-json\/wp\/v2\/media\/39475"}],"wp:attachment":[{"href":"https:\/\/mvbabes.com\/es\/wp-json\/wp\/v2\/media?parent=40726"}],"wp:term":[{"taxonomy":"product_brand","embeddable":true,"href":"https:\/\/mvbabes.com\/es\/wp-json\/wp\/v2\/product_brand?post=40726"},{"taxonomy":"product_cat","embeddable":true,"href":"https:\/\/mvbabes.com\/es\/wp-json\/wp\/v2\/product_cat?post=40726"},{"taxonomy":"product_tag","embeddable":true,"href":"https:\/\/mvbabes.com\/es\/wp-json\/wp\/v2\/product_tag?post=40726"},{"taxonomy":"giftcard-category","embeddable":true,"href":"https:\/\/mvbabes.com\/es\/wp-json\/wp\/v2\/giftcard-category?post=40726"}],"curies":[{"name":"wp","href":"https:\/\/api.w.org\/{rel}","templated":true}]}}