{"id":37492,"date":"2022-12-29T02:00:16","date_gmt":"2022-12-29T06:00:16","guid":{"rendered":"https:\/\/mvbabes.com\/?post_type=product&#038;p=37492"},"modified":"2026-01-20T20:47:59","modified_gmt":"2026-01-21T00:47:59","slug":"trilogy-maxi-ring-2","status":"publish","type":"product","link":"https:\/\/mvbabes.com\/es\/product\/trilogy-maxi-ring-2\/","title":{"rendered":"Anillo Trilogy Maxi"},"content":{"rendered":"<p><a class=\"confirm_avail2\" href=\"https:\/\/wa.me\/18093508629?text=Hi,I%20would%20like%20to%20confirm%20availability%20of%20the%20Trilogy%20Maxi%20Ring\u2026https:\/\/mvbabes.com\/product\/trilogy-maxi-ring-2\" rel=\"noopener\" target=\"_blank\">Confirma Disponibilidad<\/a><\/p>\n<p class=\"mobile_desc\">Monica Varela Jewelry empodera al opulento en busca de piezas de arte, dise\u00f1adas con detalles vanguardistas e infundidos por una imaginaci\u00f3n evolutiva y lo abstracto. Hecho a mano con \u00e9tica por artesanos de la Rep\u00fablica Dominicana con una mezcla elevada de t\u00e9cnicas de joyer\u00eda tradicionales y materiales de origen sostenible.<\/p>","protected":false},"excerpt":{"rendered":"<p>Monica Varela Jewelry empodera al opulento en busca de piezas de arte, dise\u00f1adas con detalles vanguardistas e infundidos por una imaginaci\u00f3n evolutiva y lo abstracto. Hecho a mano con \u00e9tica por artesanos de la Rep\u00fablica Dominicana con una mezcla elevada de t\u00e9cnicas de joyer\u00eda tradicionales y materiales de origen sostenible.<\/p>","protected":false},"featured_media":37503,"template":"","meta":{"footnotes":"","_links_to":"","_links_to_target":""},"product_brand":[],"product_cat":[458,1007],"product_tag":[991,1021,1054,1056,943],"giftcard-category":[],"class_list":{"0":"post-37492","1":"product","2":"type-product","3":"status-publish","4":"has-post-thumbnail","6":"product_cat-beuo","7":"product_cat-shop","8":"product_tag-for-her","9":"product_tag-under-400","10":"product_tag-platinum-micron-plating","11":"product_tag-silver","12":"product_tag-designeredit","13":"pa_by-type-rings","14":"pa_collection-izeu","15":"pa_color-blazing-burgundy","16":"pa_color-jazzy-green","17":"pa_color-electric-blue","18":"pa_color-dote-red","19":"pa_color-thorne-black","20":"pa_material-925-sterling-silver","21":"pa_ring-size-221","22":"pa_ring-size-4-5","23":"pa_ring-size-223","24":"pa_ring-size-5-5","25":"pa_ring-size-225","26":"pa_ring-size-6-5","27":"pa_ring-size-227","28":"pa_ring-size-7-5","29":"pa_ring-size-229","30":"pa_ring-size-8-5","31":"pa_ring-size-231","32":"pa_ring-size-9-5","33":"pa_ring-size-233","34":"pa_shop-for-babes","35":"pa_short-material-platinum-micron-plating","37":"first","38":"outofstock","39":"featured","40":"shipping-taxable","41":"purchasable","42":"product-type-variable","43":"has-default-attributes","44":"add-to-wishlist-before_image"},"_links":{"self":[{"href":"https:\/\/mvbabes.com\/es\/wp-json\/wp\/v2\/product\/37492","targetHints":{"allow":["GET"]}}],"collection":[{"href":"https:\/\/mvbabes.com\/es\/wp-json\/wp\/v2\/product"}],"about":[{"href":"https:\/\/mvbabes.com\/es\/wp-json\/wp\/v2\/types\/product"}],"version-history":[{"count":0,"href":"https:\/\/mvbabes.com\/es\/wp-json\/wp\/v2\/product\/37492\/revisions"}],"wp:featuredmedia":[{"embeddable":true,"href":"https:\/\/mvbabes.com\/es\/wp-json\/wp\/v2\/media\/37503"}],"wp:attachment":[{"href":"https:\/\/mvbabes.com\/es\/wp-json\/wp\/v2\/media?parent=37492"}],"wp:term":[{"taxonomy":"product_brand","embeddable":true,"href":"https:\/\/mvbabes.com\/es\/wp-json\/wp\/v2\/product_brand?post=37492"},{"taxonomy":"product_cat","embeddable":true,"href":"https:\/\/mvbabes.com\/es\/wp-json\/wp\/v2\/product_cat?post=37492"},{"taxonomy":"product_tag","embeddable":true,"href":"https:\/\/mvbabes.com\/es\/wp-json\/wp\/v2\/product_tag?post=37492"},{"taxonomy":"giftcard-category","embeddable":true,"href":"https:\/\/mvbabes.com\/es\/wp-json\/wp\/v2\/giftcard-category?post=37492"}],"curies":[{"name":"wp","href":"https:\/\/api.w.org\/{rel}","templated":true}]}}