{"id":29076,"date":"2022-03-01T16:26:35","date_gmt":"2022-03-01T20:26:35","guid":{"rendered":"https:\/\/mvbabes.com\/?post_type=product&#038;p=29076"},"modified":"2026-01-20T20:42:17","modified_gmt":"2026-01-21T00:42:17","slug":"bud-ring","status":"publish","type":"product","link":"https:\/\/mvbabes.com\/es\/product\/bud-ring\/","title":{"rendered":"Anillo Bud"},"content":{"rendered":"","protected":false},"excerpt":{"rendered":"<p>Monica Varela Jewelry empodera al opulento en busca de piezas de arte, dise\u00f1adas con detalles vanguardistas e infundidos por una imaginaci\u00f3n evolutiva y lo abstracto. Hecho a mano con \u00e9tica por artesanos de la Rep\u00fablica Dominicana con una mezcla elevada de t\u00e9cnicas de joyer\u00eda tradicionales y materiales de origen sostenible.<\/p>","protected":false},"featured_media":37059,"template":"","meta":{"footnotes":"","_links_to":"","_links_to_target":""},"product_brand":[],"product_cat":[458,1007],"product_tag":[1053,1010,991,987,1021,1055,975],"giftcard-category":[],"class_list":{"0":"post-29076","1":"product","2":"type-product","3":"status-publish","4":"has-post-thumbnail","6":"product_cat-beuo","7":"product_cat-shop","8":"product_tag-18k-micron-plating","9":"product_tag-catalogo","10":"product_tag-for-her","11":"product_tag-under-300","12":"product_tag-under-400","13":"product_tag-gold","14":"product_tag-the-elemental-grace-set","15":"product_shipping_class-y","16":"pa_by-type-rings","17":"pa_collection-beuo","18":"pa_color-blazing-burgundy","19":"pa_color-jazzy-green","20":"pa_color-electric-blue","21":"pa_color-dote-red","22":"pa_color-thorne-black","23":"pa_material-18k-gold-micron-plating","24":"pa_ring-size-221","25":"pa_ring-size-4-5","26":"pa_ring-size-223","27":"pa_ring-size-5-5","28":"pa_ring-size-225","29":"pa_ring-size-6-5","30":"pa_ring-size-227","31":"pa_ring-size-7-5","32":"pa_ring-size-229","33":"pa_ring-size-8-5","34":"pa_ring-size-231","35":"pa_ring-size-9-5","36":"pa_ring-size-233","37":"pa_shop-for-babes","38":"pa_short-material-18k-micron-plating","40":"first","41":"instock","42":"shipping-taxable","43":"purchasable","44":"product-type-variable","45":"has-default-attributes","46":"add-to-wishlist-before_image"},"_links":{"self":[{"href":"https:\/\/mvbabes.com\/es\/wp-json\/wp\/v2\/product\/29076","targetHints":{"allow":["GET"]}}],"collection":[{"href":"https:\/\/mvbabes.com\/es\/wp-json\/wp\/v2\/product"}],"about":[{"href":"https:\/\/mvbabes.com\/es\/wp-json\/wp\/v2\/types\/product"}],"version-history":[{"count":0,"href":"https:\/\/mvbabes.com\/es\/wp-json\/wp\/v2\/product\/29076\/revisions"}],"wp:featuredmedia":[{"embeddable":true,"href":"https:\/\/mvbabes.com\/es\/wp-json\/wp\/v2\/media\/37059"}],"wp:attachment":[{"href":"https:\/\/mvbabes.com\/es\/wp-json\/wp\/v2\/media?parent=29076"}],"wp:term":[{"taxonomy":"product_brand","embeddable":true,"href":"https:\/\/mvbabes.com\/es\/wp-json\/wp\/v2\/product_brand?post=29076"},{"taxonomy":"product_cat","embeddable":true,"href":"https:\/\/mvbabes.com\/es\/wp-json\/wp\/v2\/product_cat?post=29076"},{"taxonomy":"product_tag","embeddable":true,"href":"https:\/\/mvbabes.com\/es\/wp-json\/wp\/v2\/product_tag?post=29076"},{"taxonomy":"giftcard-category","embeddable":true,"href":"https:\/\/mvbabes.com\/es\/wp-json\/wp\/v2\/giftcard-category?post=29076"}],"curies":[{"name":"wp","href":"https:\/\/api.w.org\/{rel}","templated":true}]}}