{"id":50777,"date":"2024-11-27T16:40:03","date_gmt":"2024-11-27T20:40:03","guid":{"rendered":"https:\/\/mvbabes.com\/?page_id=50777"},"modified":"2025-09-03T15:13:21","modified_gmt":"2025-09-03T19:13:21","slug":"stores","status":"publish","type":"page","link":"https:\/\/mvbabes.com\/es\/stores\/","title":{"rendered":"Tiendas"},"content":{"rendered":"<div data-elementor-type=\"wp-page\" data-elementor-id=\"50777\" class=\"elementor elementor-50777\" data-elementor-post-type=\"page\">\n\t\t\t\t\t\t<section class=\"wd-negative-gap elementor-section elementor-top-section elementor-element elementor-element-f0f1f88 elementor-section-full_width elementor-section-stretched elementor-section-height-default elementor-section-height-default\" data-id=\"f0f1f88\" data-element_type=\"section\" data-e-type=\"section\" data-settings=\"{&quot;stretch_section&quot;:&quot;section-stretched&quot;,&quot;background_background&quot;:&quot;classic&quot;}\">\n\t\t\t\t\t\t<div class=\"elementor-container elementor-column-gap-wider\">\n\t\t\t\t\t<div class=\"elementor-column elementor-col-100 elementor-top-column elementor-element elementor-element-60f521a\" data-id=\"60f521a\" data-element_type=\"column\" data-e-type=\"column\">\n\t\t\t<div class=\"elementor-widget-wrap elementor-element-populated\">\n\t\t\t\t\t\t<div class=\"elementor-element elementor-element-2bec7fc elementor-widget elementor-widget-heading\" data-id=\"2bec7fc\" data-element_type=\"widget\" data-e-type=\"widget\" data-widget_type=\"heading.default\">\n\t\t\t\t\t<h2 class=\"elementor-heading-title elementor-size-xl\">Vis\u00edtanos<\/h2>\t\t\t\t<\/div>\n\t\t\t\t\t<\/div>\n\t\t<\/div>\n\t\t\t\t\t<\/div>\n\t\t<\/section>\n\t\t\t\t<section class=\"wd-negative-gap elementor-section elementor-top-section elementor-element elementor-element-768e044 elementor-section-boxed elementor-section-height-default elementor-section-height-default\" data-id=\"768e044\" data-element_type=\"section\" data-e-type=\"section\">\n\t\t\t\t\t\t<div class=\"elementor-container elementor-column-gap-default\">\n\t\t\t\t\t<div class=\"elementor-column elementor-col-50 elementor-top-column elementor-element elementor-element-2a33ac1\" data-id=\"2a33ac1\" data-element_type=\"column\" data-e-type=\"column\">\n\t\t\t<div class=\"elementor-widget-wrap elementor-element-populated\">\n\t\t\t\t\t\t<section class=\"wd-negative-gap elementor-section elementor-inner-section elementor-element elementor-element-b5c456d elementor-section-boxed elementor-section-height-default elementor-section-height-default\" data-id=\"b5c456d\" data-element_type=\"section\" data-e-type=\"section\">\n\t\t\t\t\t\t<div class=\"elementor-container elementor-column-gap-no\">\n\t\t\t\t\t<div class=\"elementor-column elementor-col-100 elementor-inner-column elementor-element elementor-element-7f8d5cb\" data-id=\"7f8d5cb\" data-element_type=\"column\" data-e-type=\"column\" data-settings=\"{&quot;background_background&quot;:&quot;slideshow&quot;,&quot;background_slideshow_gallery&quot;:[{&quot;id&quot;:33105,&quot;url&quot;:&quot;https:\\\/\\\/mvbabes.com\\\/wp-content\\\/uploads\\\/mvshowroom-1.jpg&quot;},{&quot;id&quot;:33106,&quot;url&quot;:&quot;https:\\\/\\\/mvbabes.com\\\/wp-content\\\/uploads\\\/mvshowroom-2.jpg&quot;},{&quot;id&quot;:33107,&quot;url&quot;:&quot;https:\\\/\\\/mvbabes.com\\\/wp-content\\\/uploads\\\/mvshowroom-3.jpg&quot;},{&quot;id&quot;:33108,&quot;url&quot;:&quot;https:\\\/\\\/mvbabes.com\\\/wp-content\\\/uploads\\\/mvshowroom-4.jpg&quot;},{&quot;id&quot;:33109,&quot;url&quot;:&quot;https:\\\/\\\/mvbabes.com\\\/wp-content\\\/uploads\\\/mvshowroom-5.jpg&quot;},{&quot;id&quot;:41619,&quot;url&quot;:&quot;https:\\\/\\\/mvbabes.com\\\/wp-content\\\/uploads\\\/mvsdq.jpeg&quot;}],&quot;background_slideshow_loop&quot;:&quot;yes&quot;,&quot;background_slideshow_slide_duration&quot;:5000,&quot;background_slideshow_slide_transition&quot;:&quot;fade&quot;,&quot;background_slideshow_transition_duration&quot;:500}\">\n\t\t\t<div class=\"elementor-widget-wrap elementor-element-populated\">\n\t\t\t\t\t\t<div class=\"elementor-element elementor-element-f91855f elementor-widget elementor-widget-image\" data-id=\"f91855f\" data-element_type=\"widget\" data-e-type=\"widget\" data-widget_type=\"image.default\">\n\t\t\t\t\t\t\t\t\t\t\t\t\t\t\t<img fetchpriority=\"high\" decoding=\"async\" width=\"978\" height=\"716\" src=\"https:\/\/mvbabes.com\/wp-content\/uploads\/mvshowroom-1-1-e1750888424485.jpg\" class=\"attachment-full size-full wp-image-60772\" alt=\"Beautiful jewelry store with contemporary decor, display tables, and floral arrangements for retail shopping.\" srcset=\"https:\/\/mvbabes.com\/wp-content\/uploads\/mvshowroom-1-1-e1750888424485.jpg 978w, https:\/\/mvbabes.com\/wp-content\/uploads\/mvshowroom-1-1-e1750888424485-100x73.jpg 100w, https:\/\/mvbabes.com\/wp-content\/uploads\/mvshowroom-1-1-e1750888424485-64x47.jpg 64w, https:\/\/mvbabes.com\/wp-content\/uploads\/mvshowroom-1-1-e1750888424485-400x293.jpg 400w, https:\/\/mvbabes.com\/wp-content\/uploads\/mvshowroom-1-1-e1750888424485-768x562.jpg 768w, https:\/\/mvbabes.com\/wp-content\/uploads\/mvshowroom-1-1-e1750888424485-16x12.jpg 16w\" sizes=\"(max-width: 978px) 100vw, 978px\" \/>\t\t\t\t\t\t\t\t\t\t\t\t\t\t\t<\/div>\n\t\t\t\t\t<\/div>\n\t\t<\/div>\n\t\t\t\t\t<\/div>\n\t\t<\/section>\n\t\t\t\t<div class=\"elementor-element elementor-element-7228850 elementor-widget elementor-widget-heading\" data-id=\"7228850\" data-element_type=\"widget\" data-e-type=\"widget\" data-widget_type=\"heading.default\">\n\t\t\t\t\t<h2 class=\"elementor-heading-title elementor-size-default\">MVSPHERE <strong>Flagship Store<\/strong><\/h2>\t\t\t\t<\/div>\n\t\t\t\t<div class=\"elementor-element elementor-element-abac528 elementor-widget elementor-widget-heading\" data-id=\"abac528\" data-element_type=\"widget\" data-e-type=\"widget\" data-widget_type=\"heading.default\">\n\t\t\t\t\t<h2 class=\"elementor-heading-title elementor-size-default\">Santo Domingo, Rep\u00fablica Dominicana<\/h2>\t\t\t\t<\/div>\n\t\t\t\t<div class=\"elementor-element elementor-element-144bf53 color-scheme-inherit text-left elementor-widget elementor-widget-text-editor\" data-id=\"144bf53\" data-element_type=\"widget\" data-e-type=\"widget\" data-widget_type=\"text-editor.default\">\n\t\t\t\t\t\t\t\t\t<p><strong>Pick-Ups y citas privadas tambi\u00e9n disponibles.<\/strong><\/p><p><strong>Ll\u00e1manos, env\u00edanos un mensaje de texto o env\u00edanos un correo electr\u00f3nico para cualquier consulta.<\/strong><\/p><p><strong>Direcci\u00f3n<\/strong><br \/><a href=\"https:\/\/goo.gl\/maps\/48F6h4BdM7d85pyZ7\" target=\"_blank\" rel=\"noopener\">Edificio Progressus, Av. Abraham Lincoln,<br \/>Santo Domingo, Rep\u00fablica Dominicana<\/a><\/p><p><strong>Horario<\/strong><br \/>Lunes a Viernes, 9:00am \u2013 6:00pm<br \/>S\u00e1bados: 10:00 am \u2013 2:00 pm<\/p><p><strong>Tel\u00e9fono<\/strong><br \/><a href=\"tel:809-350-8629\">+1 (809) 350-8629<\/a><\/p><p><strong>Whatsapp<\/strong><br \/><a href=\"https:\/\/wa.link\/dzk5vu\" target=\"_blank\" rel=\"noopener\">+1 (849) 520-3113<\/a><\/p><p><strong>Email<\/strong><br \/><a href=\"mailto:Infomv@mvbabes.com\" target=\"_blank\" rel=\"noopener\">Infomv@mvbabes.com<\/a><\/p>\t\t\t\t\t\t\t\t<\/div>\n\t\t\t\t\t<\/div>\n\t\t<\/div>\n\t\t\t\t<div class=\"elementor-column elementor-col-50 elementor-top-column elementor-element elementor-element-b10c514\" data-id=\"b10c514\" data-element_type=\"column\" data-e-type=\"column\">\n\t\t\t<div class=\"elementor-widget-wrap elementor-element-populated\">\n\t\t\t\t\t\t<section class=\"wd-negative-gap elementor-section elementor-inner-section elementor-element elementor-element-9e338f5 elementor-section-boxed elementor-section-height-default elementor-section-height-default\" data-id=\"9e338f5\" data-element_type=\"section\" data-e-type=\"section\">\n\t\t\t\t\t\t<div class=\"elementor-container elementor-column-gap-no\">\n\t\t\t\t\t<div class=\"elementor-column elementor-col-100 elementor-inner-column elementor-element elementor-element-d08cf5f\" data-id=\"d08cf5f\" data-element_type=\"column\" data-e-type=\"column\" data-settings=\"{&quot;background_background&quot;:&quot;slideshow&quot;,&quot;background_slideshow_gallery&quot;:[{&quot;id&quot;:41615,&quot;url&quot;:&quot;https:\\\/\\\/mvbabes.com\\\/wp-content\\\/uploads\\\/MVPALM-3.jpg&quot;},{&quot;id&quot;:41616,&quot;url&quot;:&quot;https:\\\/\\\/mvbabes.com\\\/wp-content\\\/uploads\\\/MVPALM-1.jpg&quot;},{&quot;id&quot;:41617,&quot;url&quot;:&quot;https:\\\/\\\/mvbabes.com\\\/wp-content\\\/uploads\\\/MVPALM-2.jpg&quot;}],&quot;background_slideshow_loop&quot;:&quot;yes&quot;,&quot;background_slideshow_slide_duration&quot;:5000,&quot;background_slideshow_slide_transition&quot;:&quot;fade&quot;,&quot;background_slideshow_transition_duration&quot;:500}\">\n\t\t\t<div class=\"elementor-widget-wrap elementor-element-populated\">\n\t\t\t\t\t\t<div class=\"elementor-element elementor-element-d7364bb elementor-widget elementor-widget-image\" data-id=\"d7364bb\" data-element_type=\"widget\" data-e-type=\"widget\" data-widget_type=\"image.default\">\n\t\t\t\t\t\t\t\t\t\t\t\t\t\t\t<img decoding=\"async\" width=\"978\" height=\"716\" src=\"https:\/\/mvbabes.com\/wp-content\/uploads\/MVPALM-1-1-e1750888816298.jpg\" class=\"attachment-full size-full wp-image-60777\" alt=\"Elegant jewelry boutique display with necklaces and accessories showcased.\" srcset=\"https:\/\/mvbabes.com\/wp-content\/uploads\/MVPALM-1-1-e1750888816298.jpg 978w, https:\/\/mvbabes.com\/wp-content\/uploads\/MVPALM-1-1-e1750888816298-100x73.jpg 100w, https:\/\/mvbabes.com\/wp-content\/uploads\/MVPALM-1-1-e1750888816298-64x47.jpg 64w, https:\/\/mvbabes.com\/wp-content\/uploads\/MVPALM-1-1-e1750888816298-400x293.jpg 400w, https:\/\/mvbabes.com\/wp-content\/uploads\/MVPALM-1-1-e1750888816298-768x562.jpg 768w, https:\/\/mvbabes.com\/wp-content\/uploads\/MVPALM-1-1-e1750888816298-16x12.jpg 16w\" sizes=\"(max-width: 978px) 100vw, 978px\" \/>\t\t\t\t\t\t\t\t\t\t\t\t\t\t\t<\/div>\n\t\t\t\t\t<\/div>\n\t\t<\/div>\n\t\t\t\t\t<\/div>\n\t\t<\/section>\n\t\t\t\t<div class=\"elementor-element elementor-element-40524fd elementor-widget elementor-widget-heading\" data-id=\"40524fd\" data-element_type=\"widget\" data-e-type=\"widget\" data-widget_type=\"heading.default\">\n\t\t\t\t\t<h2 class=\"elementor-heading-title elementor-size-default\"><strong>MVPALM<\/strong><\/h2>\t\t\t\t<\/div>\n\t\t\t\t<div class=\"elementor-element elementor-element-1a94184 elementor-widget elementor-widget-heading\" data-id=\"1a94184\" data-element_type=\"widget\" data-e-type=\"widget\" data-widget_type=\"heading.default\">\n\t\t\t\t\t<h2 class=\"elementor-heading-title elementor-size-default\">Punta Cana, Rep\u00fablica Dominicana<\/h2>\t\t\t\t<\/div>\n\t\t\t\t<div class=\"elementor-element elementor-element-7ad8a04 color-scheme-inherit text-left elementor-widget elementor-widget-text-editor\" data-id=\"7ad8a04\" data-element_type=\"widget\" data-e-type=\"widget\" data-widget_type=\"text-editor.default\">\n\t\t\t\t\t\t\t\t\t<p><strong>Ll\u00e1manos, env\u00edanos un mensaje de texto o env\u00edanos un correo electr\u00f3nico para cualquier consulta.<\/strong><\/p><p><strong>Direcci\u00f3n<\/strong><br \/><a href=\"https:\/\/goo.gl\/maps\/GR91wbVnYSxgxi7t5\" target=\"_blank\" rel=\"noopener\">Galer\u00edas Comerciales Puntacana,<br \/>2da Etapa. Local No.30, Primer piso<br \/>Punta Cana, Rep\u00fablica Dominicana.<\/a><\/p><p><strong>Horario<\/strong><br \/>Lunes a S\u00e1bado, 10:00am \u2013 7:00pm<br \/>Sundays 10:00am &#8211; 4:00pm<\/p><p><strong>Tel\u00e9fono<\/strong><br \/><a href=\"tel:849-472-5541\">+1 (849) 472-5541<\/a><\/p><p><strong>Whatsapp<\/strong><br \/><a href=\"https:\/\/wa.me\/18494725541?text=Hi,%20I%20am%20interested%20in%20...\">+1 (849) 472-5541<\/a><\/p><p><strong>Email<\/strong><br \/><a href=\"mailto:Infomv@mvbabes.com\" target=\"_blank\" rel=\"noopener\">Infomv@mvbabes.com<\/a><\/p>\t\t\t\t\t\t\t\t<\/div>\n\t\t\t\t\t<\/div>\n\t\t<\/div>\n\t\t\t\t\t<\/div>\n\t\t<\/section>\n\t\t\t\t<section class=\"wd-negative-gap elementor-section elementor-top-section elementor-element elementor-element-a806707 elementor-section-full_width elementor-section-stretched elementor-section-height-default elementor-section-height-default\" data-id=\"a806707\" data-element_type=\"section\" data-e-type=\"section\" data-settings=\"{&quot;stretch_section&quot;:&quot;section-stretched&quot;,&quot;background_background&quot;:&quot;classic&quot;}\">\n\t\t\t\t\t\t<div class=\"elementor-container elementor-column-gap-wider\">\n\t\t\t\t\t<div class=\"elementor-column elementor-col-100 elementor-top-column elementor-element elementor-element-7d85451\" data-id=\"7d85451\" data-element_type=\"column\" data-e-type=\"column\">\n\t\t\t<div class=\"elementor-widget-wrap elementor-element-populated\">\n\t\t\t\t\t\t<div class=\"elementor-element elementor-element-9c4ca29 elementor-widget elementor-widget-heading\" data-id=\"9c4ca29\" data-element_type=\"widget\" data-e-type=\"widget\" data-widget_type=\"heading.default\">\n\t\t\t\t\t<h2 class=\"elementor-heading-title elementor-size-xl\">MVSTOCKISTS\n<\/h2>\t\t\t\t<\/div>\n\t\t\t\t\t<\/div>\n\t\t<\/div>\n\t\t\t\t\t<\/div>\n\t\t<\/section>\n\t\t\t\t<section class=\"wd-negative-gap elementor-section elementor-top-section elementor-element elementor-element-cedcb30 elementor-section-boxed elementor-section-height-default elementor-section-height-default\" data-id=\"cedcb30\" data-element_type=\"section\" data-e-type=\"section\">\n\t\t\t\t\t\t<div class=\"elementor-container elementor-column-gap-default\">\n\t\t\t\t\t<div class=\"elementor-column elementor-col-100 elementor-top-column elementor-element elementor-element-880ec8b\" data-id=\"880ec8b\" data-element_type=\"column\" data-e-type=\"column\">\n\t\t\t<div class=\"elementor-widget-wrap elementor-element-populated\">\n\t\t\t\t\t\t<div class=\"elementor-element elementor-element-6e563ef text-center color-scheme-inherit elementor-widget elementor-widget-text-editor\" data-id=\"6e563ef\" data-element_type=\"widget\" data-e-type=\"widget\" data-widget_type=\"text-editor.default\">\n\t\t\t\t\t\t\t\t\t<p><strong>CASA DEL CORD\u00d3N<\/strong><br \/>C. Isabel La Cat\u00f3lica 214, Zona Colonial, Santo Domingo, Rep\u00fablica Dominicana.<\/p><p><strong>CAYO LEVANTADO RESORT<\/strong><br \/>Isla Cayo Levantado, Saman\u00e1, Rep\u00fablica Dominicana.<\/p><p><strong>CASA COLONIAL BEACH &amp; SPA<\/strong><br \/>Playa Dorada Beach and Golf, Puerto Plata, Rep\u00fablica Dominicana.<\/p>\t\t\t\t\t\t\t\t<\/div>\n\t\t\t\t\t<\/div>\n\t\t<\/div>\n\t\t\t\t\t<\/div>\n\t\t<\/section>\n\t\t\t\t<\/div>","protected":false},"excerpt":{"rendered":"<p>Vis\u00edtenos Tienda insignia de MVSPHERE Santo Domingo, Rep\u00fablica Dominicana Recogida en la acera y citas privadas tambi\u00e9n disponibles. Llame, env\u00ede un mensaje de texto o correo electr\u00f3nico<\/p>","protected":false},"author":1,"featured_media":10,"parent":0,"menu_order":0,"comment_status":"closed","ping_status":"closed","template":"","meta":{"footnotes":"","_links_to":"","_links_to_target":""},"class_list":["post-50777","page","type-page","status-publish","has-post-thumbnail","hentry"],"_links":{"self":[{"href":"https:\/\/mvbabes.com\/es\/wp-json\/wp\/v2\/pages\/50777","targetHints":{"allow":["GET"]}}],"collection":[{"href":"https:\/\/mvbabes.com\/es\/wp-json\/wp\/v2\/pages"}],"about":[{"href":"https:\/\/mvbabes.com\/es\/wp-json\/wp\/v2\/types\/page"}],"author":[{"embeddable":true,"href":"https:\/\/mvbabes.com\/es\/wp-json\/wp\/v2\/users\/1"}],"replies":[{"embeddable":true,"href":"https:\/\/mvbabes.com\/es\/wp-json\/wp\/v2\/comments?post=50777"}],"version-history":[{"count":0,"href":"https:\/\/mvbabes.com\/es\/wp-json\/wp\/v2\/pages\/50777\/revisions"}],"wp:featuredmedia":[{"embeddable":true,"href":"https:\/\/mvbabes.com\/es\/wp-json\/"}],"wp:attachment":[{"href":"https:\/\/mvbabes.com\/es\/wp-json\/wp\/v2\/media?parent=50777"}],"curies":[{"name":"wp","href":"https:\/\/api.w.org\/{rel}","templated":true}]}}