{"id":2133,"date":"2019-03-06T19:49:28","date_gmt":"2019-03-06T19:49:28","guid":{"rendered":"https:\/\/mvbabes.com\/?page_id=2133"},"modified":"2023-04-13T10:43:10","modified_gmt":"2023-04-13T14:43:10","slug":"product-care","status":"publish","type":"page","link":"https:\/\/mvbabes.com\/es\/product-care\/","title":{"rendered":"Cuidado del Producto"},"content":{"rendered":"<div data-elementor-type=\"wp-page\" data-elementor-id=\"2133\" class=\"elementor elementor-2133\" data-elementor-post-type=\"page\">\n\t\t\t\t\t\t<section class=\"wd-negative-gap elementor-section elementor-top-section elementor-element elementor-element-5b69d37e elementor-section-content-middle elementor-reverse-mobile elementor-section-boxed elementor-section-height-default elementor-section-height-default\" data-id=\"5b69d37e\" data-element_type=\"section\" data-e-type=\"section\" data-settings=\"{&quot;background_background&quot;:&quot;classic&quot;}\">\n\t\t\t\t\t\t<div class=\"elementor-container elementor-column-gap-default\">\n\t\t\t\t\t<div class=\"elementor-column elementor-col-50 elementor-top-column elementor-element elementor-element-b8196ac\" data-id=\"b8196ac\" data-element_type=\"column\" data-e-type=\"column\" data-settings=\"{&quot;background_background&quot;:&quot;classic&quot;}\">\n\t\t\t<div class=\"elementor-widget-wrap elementor-element-populated\">\n\t\t\t\t\t\t<div class=\"elementor-element elementor-element-a723ea3 elementor-widget elementor-widget-spacer\" data-id=\"a723ea3\" data-element_type=\"widget\" data-e-type=\"widget\" data-widget_type=\"spacer.default\">\n\t\t\t\t\t\t\t<div class=\"elementor-spacer\">\n\t\t\t<div class=\"elementor-spacer-inner\"><\/div>\n\t\t<\/div>\n\t\t\t\t\t\t<\/div>\n\t\t\t\t\t<\/div>\n\t\t<\/div>\n\t\t\t\t<div class=\"elementor-column elementor-col-50 elementor-top-column elementor-element elementor-element-5194ca5c\" data-id=\"5194ca5c\" data-element_type=\"column\" data-e-type=\"column\">\n\t\t\t<div class=\"elementor-widget-wrap elementor-element-populated\">\n\t\t\t\t\t\t<div class=\"elementor-element elementor-element-39356f18 color-scheme-inherit text-left elementor-widget elementor-widget-text-editor\" data-id=\"39356f18\" data-element_type=\"widget\" data-e-type=\"widget\" data-widget_type=\"text-editor.default\">\n\t\t\t\t\t\t\t\t\t<p>Las joyas de M\u00f3nica Varela est\u00e1n cuidadosamente hechas a mano y conceptualmente dise\u00f1adas por artesanos en Nueva York y en la Rep\u00fablica Dominicana con una mezcla elevada de plata de ley 925 enchapada en micras en platino u oro de 18k, fibras microsc\u00f3picas y piedras semipreciosas de origen \u00fanico que solo se encuentran en nuestra madre. isla.<\/p><p>Dise\u00f1ado para mujeres y hombres exigentes que usan joyas con brillo y que las manejan con cuidado para garantizar un uso duradero. Evita rociar perfume, aplicar lociones o usar productos qu\u00edmicos alrededor de tu pieza. No te duches ni nades con joyas. Guarde las joyas en nuestro exclusivo MVPouch o en un joyero, con un acolchado de tela similar, despu\u00e9s de cada uso para mantenerlas libres de deslustre. Limpie cuando sea necesario con un pa\u00f1o de pulido. Solo las joyas 3D se pueden lavar con jab\u00f3n para lavar platos.<\/p>\t\t\t\t\t\t\t\t<\/div>\n\t\t\t\t\t<\/div>\n\t\t<\/div>\n\t\t\t\t\t<\/div>\n\t\t<\/section>\n\t\t\t\t<\/div>","protected":false},"excerpt":{"rendered":"<p>Las joyas de M\u00f3nica Varela est\u00e1n cuidadosamente hechas a mano y conceptualmente dise\u00f1adas por artesanos en Nueva York y en la Rep\u00fablica Dominicana con<\/p>","protected":false},"author":1,"featured_media":0,"parent":0,"menu_order":0,"comment_status":"closed","ping_status":"closed","template":"","meta":{"footnotes":"","_links_to":"","_links_to_target":""},"class_list":["post-2133","page","type-page","status-publish","hentry"],"_links":{"self":[{"href":"https:\/\/mvbabes.com\/es\/wp-json\/wp\/v2\/pages\/2133","targetHints":{"allow":["GET"]}}],"collection":[{"href":"https:\/\/mvbabes.com\/es\/wp-json\/wp\/v2\/pages"}],"about":[{"href":"https:\/\/mvbabes.com\/es\/wp-json\/wp\/v2\/types\/page"}],"author":[{"embeddable":true,"href":"https:\/\/mvbabes.com\/es\/wp-json\/wp\/v2\/users\/1"}],"replies":[{"embeddable":true,"href":"https:\/\/mvbabes.com\/es\/wp-json\/wp\/v2\/comments?post=2133"}],"version-history":[{"count":0,"href":"https:\/\/mvbabes.com\/es\/wp-json\/wp\/v2\/pages\/2133\/revisions"}],"wp:attachment":[{"href":"https:\/\/mvbabes.com\/es\/wp-json\/wp\/v2\/media?parent=2133"}],"curies":[{"name":"wp","href":"https:\/\/api.w.org\/{rel}","templated":true}]}}