{"id":2113,"date":"2019-03-06T19:48:31","date_gmt":"2019-03-06T19:48:31","guid":{"rendered":"https:\/\/mvbabes.com\/?page_id=2113"},"modified":"2023-04-08T12:58:00","modified_gmt":"2023-04-08T16:58:00","slug":"privacy-policy","status":"publish","type":"page","link":"https:\/\/mvbabes.com\/es\/privacy-policy\/","title":{"rendered":"Pol\u00edticas de Privacidad"},"content":{"rendered":"<div data-elementor-type=\"wp-page\" data-elementor-id=\"2113\" class=\"elementor elementor-2113\" data-elementor-post-type=\"page\">\n\t\t\t\t\t\t<section class=\"wd-negative-gap elementor-section elementor-top-section elementor-element elementor-element-2da8196 elementor-section-boxed elementor-section-height-default elementor-section-height-default\" data-id=\"2da8196\" data-element_type=\"section\" data-e-type=\"section\">\n\t\t\t\t\t\t<div class=\"elementor-container elementor-column-gap-default\">\n\t\t\t\t\t<div class=\"elementor-column elementor-col-100 elementor-top-column elementor-element elementor-element-78b0d3a8\" data-id=\"78b0d3a8\" data-element_type=\"column\" data-e-type=\"column\">\n\t\t\t<div class=\"elementor-widget-wrap elementor-element-populated\">\n\t\t\t\t\t\t<div class=\"elementor-element elementor-element-278e51e4 color-scheme-inherit text-left elementor-widget elementor-widget-text-editor\" data-id=\"278e51e4\" data-element_type=\"widget\" data-e-type=\"widget\" data-widget_type=\"text-editor.default\">\n\t\t\t\t\t\t\t\t\t<p>Estamos comprometidos a proteger su informaci\u00f3n personal y su derecho a la privacidad. Si tiene alguna pregunta o inquietud acerca de nuestra pol\u00edtica o nuestras pr\u00e1cticas con respecto a su informaci\u00f3n personal, cont\u00e1ctenos.<\/p><p>Esta Pol\u00edtica de privacidad rige nuestro sitio web (mvbabes.com) y nuestra empresa, mvbabes.com. Lea atentamente nuestra Pol\u00edtica de privacidad, ya que le ayudar\u00e1 a tomar decisiones informadas sobre c\u00f3mo compartir su informaci\u00f3n personal con nosotros.<br \/>La \u00faltima vez que actualizamos nuestra Pol\u00edtica de privacidad fue el 30 de marzo de 2023.<\/p><h3>Informaci\u00f3n que recopilamos<\/h3><p>Como visitante, puede navegar por nuestro sitio web para obtener m\u00e1s informaci\u00f3n sobre nuestra marca. No est\u00e1 obligado a proporcionarnos ninguna informaci\u00f3n personal como Visitante.<br \/>Recopilamos su informaci\u00f3n personal cuando inicia sesi\u00f3n con nosotros, cuando expresa inter\u00e9s en obtener informaci\u00f3n sobre nuestros productos, los compra, o cuando participa en actividades en nuestro sitio web o cuando se comunica con nosotros.<br \/>Usted controla la cantidad y el tipo de informaci\u00f3n que nos proporciona cuando utiliza nuestro sitio web. La informaci\u00f3n personal que recopilamos depende del contexto de su interacci\u00f3n con nosotros y el sitio web. La informaci\u00f3n personal que recopilamos puede incluir lo siguiente:<\/p><ul><li style=\"font-weight: 400;\" aria-level=\"1\"><span style=\"font-weight: 400;\">Nombre, direcci\u00f3n de correo electr\u00f3nico y datos de contacto<\/span><\/li><li style=\"font-weight: 400;\" aria-level=\"1\"><span style=\"font-weight: 400;\">Cumplea\u00f1os<\/span><\/li><li style=\"font-weight: 400;\" aria-level=\"1\"><span style=\"font-weight: 400;\">Informaci\u00f3n del pago. Si elige comprar uno de nuestros productos, recopilamos informaci\u00f3n de pago a trav\u00e9s de nuestro procesador de pagos. Nuestro procesador de pagos almacena de forma segura toda la informaci\u00f3n de pago y no tenemos acceso a su informaci\u00f3n confidencial, como el n\u00famero de tarjeta de cr\u00e9dito o el c\u00f3digo de seguridad.<\/span><\/li><\/ul><h3>Pol\u00edticas de seguridad\u00a0 para la transmisi\u00f3n de datos de tarjetas de cr\u00e9dito y d\u00e9bito<\/h3><p>La seguridad de nuestros clientes es fundamental, por ello nos comprometemos en garantiza la seguridad de: pagos en l\u00ednea, transacciones y datos personales.<br \/>A trav\u00e9s de nuestro portal NO se almacena la informaci\u00f3n de la tarjeta de cr\u00e9dito o d\u00e9bito del usuario. Utilizamos procesadores de pago de terceros (Servicios Digitales Popular, y su marca Azul, as\u00ed como Paypal), que se encargan de realizar todo el proceso.<br \/>La informaci\u00f3n del cliente, podr\u00e1 ser divulgada a terceros s\u00f3lo en las siguientes situaciones: cumplir con alg\u00fan requerimiento legal u orden judicial, revisar o completar pagos de cuentas o transferencias a causa de un problema espec\u00edfico, revisar la existencia o situaci\u00f3n de la cuenta para un tercer involucrado.<\/p><h3>Informaci\u00f3n recopilada autom\u00e1ticamente<\/h3><p>Cuando utiliza nuestro sitio web, recopilamos autom\u00e1ticamente cierta informaci\u00f3n del dispositivo mediante la interacci\u00f3n de su tel\u00e9fono m\u00f3vil o navegador web con nuestro sitio web. Dicha informaci\u00f3n generalmente se considera informaci\u00f3n no personal. Tambi\u00e9n recopilamos lo siguiente:<\/p><ul><li>Cookies: nuestro sitio web utiliza &quot;cookies&quot; para identificar las \u00e1reas de nuestro sitio web que ha visitado. Una cookie es una peque\u00f1a porci\u00f3n de datos almacenada en su dispositivo o dispositivo m\u00f3vil por su navegador web. Utilizamos cookies para personalizar el contenido que ve en nuestro sitio web. La mayor\u00eda de los navegadores web se pueden configurar para deshabilitar el uso de cookies. Sin embargo, si deshabilita las cookies, es posible que no pueda acceder a la funcionalidad de nuestro sitio web. Nunca colocamos informaci\u00f3n de identificaci\u00f3n personal en las cookies.<\/li><li>Herramientas de seguimiento de terceros: tambi\u00e9n utilizamos herramientas de seguimiento de terceros para mejorar el rendimiento y las caracter\u00edsticas de nuestro sitio web. Estas herramientas de seguimiento de terceros est\u00e1n dise\u00f1adas para recopilar solo informaci\u00f3n no personal sobre su uso de nuestro sitio web. Sin embargo, comprenda que tales herramientas son creadas y administradas por partes fuera de nuestro control. Como tal, no somos responsables de qu\u00e9 informaci\u00f3n es realmente capturada por dichos terceros o c\u00f3mo dichos terceros usan y protegen esa informaci\u00f3n.<\/li><li>Informaci\u00f3n de registro: autom\u00e1ticamente recibimos informaci\u00f3n de su navegador web o dispositivo m\u00f3vil. Esta informaci\u00f3n incluye el nombre del sitio web desde el que ingres\u00f3 a nuestro sitio web, si corresponde, as\u00ed como el nombre del sitio web al que se dirige cuando abandona nuestro sitio web. Esta informaci\u00f3n tambi\u00e9n incluye la direcci\u00f3n IP de su dispositivo\/servidor proxy que utiliza para acceder a Internet, el nombre del proveedor del sitio web de Internet, el tipo de navegador web, el tipo de dispositivo m\u00f3vil y el sistema operativo del dispositivo. Usamos toda esta informaci\u00f3n para analizar las tendencias entre nuestros usuarios para ayudar a mejorar nuestro sitio web.<\/li><\/ul><h3>C\u00f3mo y por qu\u00e9 usamos su informaci\u00f3n personal<\/h3><ul><li>Utilizamos la informaci\u00f3n que recibimos de usted de la siguiente manera:<\/li><li>Personalizaci\u00f3n de nuestro sitio web para su experiencia. Podemos utilizar la informaci\u00f3n que nos proporciona junto con cualquier informaci\u00f3n del dispositivo que recibamos para personalizar nuestro sitio web.<br \/>Para fines de adici\u00f3n de datos. Nos reservamos el derecho de recopilar y usar cualquier informaci\u00f3n no personal recopilada a partir de su uso de nuestro sitio web y agregar dichos datos para an\u00e1lisis internos que mejoren nuestro sitio web y servicio. De ninguna manera, su informaci\u00f3n de identificaci\u00f3n personal se incluye en dichas adiciones de datos.<\/li><li>Informaci\u00f3n del pedido. Usamos la informaci\u00f3n del pedido que recopilamos generalmente para cumplir con cualquier pedido realizado a trav\u00e9s del sitio web (incluido el procesamiento de su informaci\u00f3n de pago, el cronograma de env\u00edo y el env\u00edo de facturas o confirmaciones de pedidos).<\/li><li>Adem\u00e1s, utilizamos esta informaci\u00f3n de pedido para: comunicarnos con usted; examinar nuestro pedido de riesgo potencial o fraude; y, en l\u00ednea con las preferencias que ha compartido con nosotros, proporcionarle informaci\u00f3n o publicidad relacionada con nuestros productos o servicios.<\/li><\/ul><h3>Transferencia de su informaci\u00f3n personal<\/h3><p>Su informaci\u00f3n, incluida la informaci\u00f3n personal, puede transferirse y mantenerse en dispositivos ubicados fuera de su estado, provincia, pa\u00eds u otra jurisdicci\u00f3n gubernamental donde las leyes de protecci\u00f3n de datos pueden diferir de las de su jurisdicci\u00f3n.<br \/>Tomaremos todas las medidas razonablemente necesarias para garantizar que sus datos se traten de forma segura y de acuerdo con esta Pol\u00edtica de privacidad y no transferiremos su informaci\u00f3n personal a una organizaci\u00f3n o pa\u00eds a menos que existan controles adecuados establecidos, incluida la seguridad de sus datos y otros datos personales. informaci\u00f3n.<\/p><h3>Divulgaci\u00f3n de su informaci\u00f3n personal<\/h3><p>Si estamos involucrados en una fusi\u00f3n, adquisici\u00f3n o venta de activos, su informaci\u00f3n personal puede ser transferida. Le enviaremos un aviso antes de que su informaci\u00f3n personal sea transferida y est\u00e9 sujeta a una Pol\u00edtica de privacidad diferente.<br \/>En determinadas circunstancias, es posible que se nos solicite divulgar su informaci\u00f3n personal si as\u00ed lo exige la ley o en respuesta a solicitudes v\u00e1lidas de las autoridades p\u00fablicas (por ejemplo, un tribunal o una agencia gubernamental).<\/p><h3>Retenci\u00f3n de su informaci\u00f3n personal<\/h3><p>Retendremos su informaci\u00f3n personal solo durante el tiempo que sea necesario para los fines establecidos en esta Pol\u00edtica de privacidad. Retendremos y utilizaremos su informaci\u00f3n en la medida necesaria para cumplir con nuestras obligaciones legales (por ejemplo, si estamos obligados a retener sus datos para cumplir con las leyes aplicables), resolver disputas y hacer cumplir nuestros acuerdos y pol\u00edticas legales.<\/p><h3>Informaci\u00f3n sobre sus derechos de protecci\u00f3n de datos en virtud del Reglamento general de protecci\u00f3n de datos (GDPR)<\/h3><p><span style=\"font-weight: 400;\">A los fines de esta Pol\u00edtica de privacidad, somos un Controlador de datos de su informaci\u00f3n personal.<\/span><\/p><p><span style=\"font-weight: 400;\">Si usted es del Espacio Econ\u00f3mico Europeo (EEE), nuestra base legal para recopilar y utilizar su informaci\u00f3n personal, como se describe en esta Pol\u00edtica de privacidad, depende de la informaci\u00f3n que recopilamos y del contexto espec\u00edfico en el que la recopilamos. Podemos procesar su informaci\u00f3n personal porque:<\/span><\/p><ul><li style=\"font-weight: 400;\" aria-level=\"1\"><span style=\"font-weight: 400;\">Necesitamos realizar un contrato con usted, como cuando crea una Pol\u00edtica con nosotros.<\/span><\/li><li style=\"font-weight: 400;\" aria-level=\"1\"><span style=\"font-weight: 400;\">Nos has dado permiso para hacerlo.<\/span><\/li><li style=\"font-weight: 400;\" aria-level=\"1\"><span style=\"font-weight: 400;\">El procesamiento responde a nuestros intereses leg\u00edtimos y sus derechos no lo anulan.<\/span><\/li><li style=\"font-weight: 400;\" aria-level=\"1\"><span style=\"font-weight: 400;\">Para fines de procesamiento de pagos<\/span><span style=\"font-weight: 400;\"><br \/><\/span><span style=\"font-weight: 400;\">Para cumplir con la ley<\/span><\/li><\/ul><p><span style=\"font-weight: 400;\">Si es residente del Espacio Econ\u00f3mico Europeo (EEE), tiene ciertos derechos de protecci\u00f3n de datos. En determinadas circunstancias, tiene los siguientes derechos de protecci\u00f3n de datos:<\/span><\/p><ul><li style=\"font-weight: 400;\" aria-level=\"1\"><span style=\"font-weight: 400;\">El derecho a acceder, actualizar o eliminar la informaci\u00f3n personal que tenemos sobre usted.<\/span><\/li><li style=\"font-weight: 400;\" aria-level=\"1\"><span style=\"font-weight: 400;\">El derecho de rectificaci\u00f3n.<\/span><\/li><li style=\"font-weight: 400;\" aria-level=\"1\"><span style=\"font-weight: 400;\">El derecho a objetar.<\/span><\/li><li style=\"font-weight: 400;\" aria-level=\"1\"><span style=\"font-weight: 400;\">El derecho de restricci\u00f3n.<\/span><\/li><li style=\"font-weight: 400;\" aria-level=\"1\"><span style=\"font-weight: 400;\">El derecho a la portabilidad de datos.<\/span><\/li><li style=\"font-weight: 400;\" aria-level=\"1\"><span style=\"font-weight: 400;\">El derecho a retirar el consentimiento.<\/span><\/li><\/ul><p><span style=\"font-weight: 400;\">Tenga en cuenta que podemos pedirle que verifique su identidad antes de responder a tales solicitudes.<\/span><\/p><p><span style=\"font-weight: 400;\">Tiene derecho a presentar una queja ante una Autoridad de Protecci\u00f3n de Datos sobre nuestra recopilaci\u00f3n y uso de su informaci\u00f3n personal. Para obtener m\u00e1s informaci\u00f3n, comun\u00edquese con su autoridad local de protecci\u00f3n de datos en el Espacio Econ\u00f3mico Europeo (EEE).<\/span><\/p><h3>Proveedores de servicio<\/h3><p><span style=\"font-weight: 400;\">Empleamos empresas e individuos de terceros para facilitar nuestro sitio web (&quot;Proveedores de servicios&quot;), para proporcionar nuestro sitio web en nuestro nombre, para realizar servicios relacionados con el sitio web o para ayudarnos a analizar c\u00f3mo se utiliza nuestro sitio web. Estos terceros tienen acceso a su informaci\u00f3n personal solo para realizar estas tareas en nuestro nombre y est\u00e1n obligados a no divulgarla ni utilizarla para ning\u00fan otro prop\u00f3sito.<\/span><\/p><ul><li style=\"font-weight: 400;\" aria-level=\"1\"><span style=\"font-weight: 400;\">Analytics: Google Analytics es un servicio de an\u00e1lisis web ofrecido por Google que rastrea e informa el tr\u00e1fico del sitio web. Google utiliza los datos recopilados para rastrear y monitorear el uso de nuestro Servicio. Estos datos se comparten con otros servicios de Google. Google puede utilizar los datos recopilados para contextualizar y personalizar los anuncios de su propia red publicitaria. Puede optar por no permitir que su actividad en el Servicio est\u00e9 disponible para Google Analytics instalando el complemento del navegador de exclusi\u00f3n voluntaria de Google Analytics. El complemento evita que el JavaScript de Google Analytics (ga.js, analytics.js y dc.js) comparta informaci\u00f3n con Google Analytics sobre la actividad de las visitas. Para obtener m\u00e1s informaci\u00f3n sobre las pr\u00e1cticas de privacidad de Google, visite la p\u00e1gina web de T\u00e9rminos y privacidad de Google: http:\/\/www.google.com\/intl\/en\/policies\/privacy\/<\/span><\/li><li style=\"font-weight: 400;\" aria-level=\"1\"><span style=\"font-weight: 400;\">Procesadores de pagos: proporcionamos productos y\/o servicios pagos en nuestro sitio web. En ese caso, utilizamos servicios de terceros para el procesamiento de pagos (por ejemplo, procesadores de pago como PayPal y Azul). No almacenaremos ni recopilaremos los datos de su tarjeta de pago. Esa informaci\u00f3n se proporciona directamente a nuestros procesadores de pago de terceros, cuyo uso de su informaci\u00f3n personal se rige por su Pol\u00edtica de privacidad. Estos procesadores de pago se adhieren a los est\u00e1ndares establecidos por PCI-DSS administrados por el PCI Security Standards Council.<\/span><\/li><\/ul><h3>Enlaces a sitios web de terceros<\/h3><p><span style=\"font-weight: 400;\">Nuestro sitio web puede contener enlaces a otros sitios web que no est\u00e1n bajo nuestro control directo. Estos sitios web pueden tener sus propias pol\u00edticas con respecto a la privacidad. No tenemos control ni responsabilidad sobre los sitios web vinculados y proporcionamos estos enlaces \u00fanicamente para la conveniencia e informaci\u00f3n de nuestros visitantes. Usted accede a dichos sitios web vinculados bajo su propio riesgo. Estos sitios web no est\u00e1n sujetos a esta Pol\u00edtica de privacidad. Debe verificar las pol\u00edticas de privacidad, si las hay, de esos sitios web individuales para ver c\u00f3mo los operadores de esos sitios web de terceros utilizar\u00e1n su informaci\u00f3n personal. Adem\u00e1s, estos sitios web pueden contener un enlace a sitios web de nuestros afiliados. Los sitios web de nuestros afiliados no est\u00e1n sujetos a esta Pol\u00edtica de privacidad, y debe consultar sus pol\u00edticas de privacidad individuales para ver c\u00f3mo los operadores de dichos sitios web utilizar\u00e1n su informaci\u00f3n personal.<\/span><\/p><h3>Nuestra Pol\u00edtica de correo electr\u00f3nico<\/h3><p><span style=\"font-weight: 400;\">Nuestros afiliados y nosotros cumplimos plenamente con las leyes nacionales sobre SPAM. Siempre puede optar por no recibir m\u00e1s correspondencia por correo electr\u00f3nico de nosotros y \/ o nuestros afiliados. Aceptamos que no venderemos, alquilaremos ni intercambiaremos su direcci\u00f3n de correo electr\u00f3nico a ning\u00fan tercero no afiliado sin su permiso.<\/span><\/p><h3>Actualizaciones a nuestra pol\u00edtica de privacidad<\/h3><p><span style=\"font-weight: 400;\">Nos reservamos el derecho de modificar esta Pol\u00edtica de privacidad en cualquier momento. Si realizamos cambios sustanciales a esta pol\u00edtica, podemos notificarle en nuestro sitio web, mediante una publicaci\u00f3n de blog, por correo electr\u00f3nico o por cualquier m\u00e9todo que determinemos. El m\u00e9todo que elegimos queda a nuestra entera discreci\u00f3n. Tambi\u00e9n cambiaremos la fecha de &quot;\u00daltima actualizaci\u00f3n&quot; al comienzo de esta Pol\u00edtica de privacidad. Cualquier cambio que hagamos a nuestra Pol\u00edtica de privacidad entrar\u00e1 en vigencia a partir de esta fecha de \u00daltima actualizaci\u00f3n y reemplazar\u00e1 cualquier Pol\u00edtica de privacidad anterior.<\/span><span style=\"font-weight: 400;\"><br \/><\/span><\/p>\t\t\t\t\t\t\t\t<\/div>\n\t\t\t\t\t<\/div>\n\t\t<\/div>\n\t\t\t\t\t<\/div>\n\t\t<\/section>\n\t\t\t\t<\/div>","protected":false},"excerpt":{"rendered":"<p>Estamos comprometidos a proteger su informaci\u00f3n personal y su derecho a la privacidad. Si tiene alguna pregunta o inquietud<\/p>","protected":false},"author":1,"featured_media":0,"parent":0,"menu_order":0,"comment_status":"closed","ping_status":"closed","template":"","meta":{"footnotes":"","_links_to":"","_links_to_target":""},"class_list":["post-2113","page","type-page","status-publish","hentry"],"_links":{"self":[{"href":"https:\/\/mvbabes.com\/es\/wp-json\/wp\/v2\/pages\/2113","targetHints":{"allow":["GET"]}}],"collection":[{"href":"https:\/\/mvbabes.com\/es\/wp-json\/wp\/v2\/pages"}],"about":[{"href":"https:\/\/mvbabes.com\/es\/wp-json\/wp\/v2\/types\/page"}],"author":[{"embeddable":true,"href":"https:\/\/mvbabes.com\/es\/wp-json\/wp\/v2\/users\/1"}],"replies":[{"embeddable":true,"href":"https:\/\/mvbabes.com\/es\/wp-json\/wp\/v2\/comments?post=2113"}],"version-history":[{"count":0,"href":"https:\/\/mvbabes.com\/es\/wp-json\/wp\/v2\/pages\/2113\/revisions"}],"wp:attachment":[{"href":"https:\/\/mvbabes.com\/es\/wp-json\/wp\/v2\/media?parent=2113"}],"curies":[{"name":"wp","href":"https:\/\/api.w.org\/{rel}","templated":true}]}}