{"id":2103,"date":"2019-03-06T19:48:13","date_gmt":"2019-03-06T19:48:13","guid":{"rendered":"https:\/\/mvbabes.com\/?page_id=2103"},"modified":"2024-12-16T20:54:52","modified_gmt":"2024-12-17T00:54:52","slug":"terms-and-conditions","status":"publish","type":"page","link":"https:\/\/mvbabes.com\/es\/terms-and-conditions\/","title":{"rendered":"T\u00e9rminos y Condiciones"},"content":{"rendered":"<div data-elementor-type=\"wp-page\" data-elementor-id=\"2103\" class=\"elementor elementor-2103\" data-elementor-post-type=\"page\">\n\t\t\t\t\t\t<section class=\"wd-negative-gap elementor-section elementor-top-section elementor-element elementor-element-bb1d4da elementor-section-boxed elementor-section-height-default elementor-section-height-default\" data-id=\"bb1d4da\" data-element_type=\"section\" data-e-type=\"section\">\n\t\t\t\t\t\t<div class=\"elementor-container elementor-column-gap-default\">\n\t\t\t\t\t<div class=\"elementor-column elementor-col-100 elementor-top-column elementor-element elementor-element-2bfdb58\" data-id=\"2bfdb58\" data-element_type=\"column\" data-e-type=\"column\">\n\t\t\t<div class=\"elementor-widget-wrap elementor-element-populated\">\n\t\t\t\t\t\t<div class=\"elementor-element elementor-element-dbf42ae color-scheme-inherit text-left elementor-widget elementor-widget-text-editor\" data-id=\"dbf42ae\" data-element_type=\"widget\" data-e-type=\"widget\" id=\"terms\" data-widget_type=\"text-editor.default\">\n\t\t\t\t\t\t\t\t\t<p class=\"p1\"><span class=\"s1\"><b>T\u00c9RMINOS Y CONDICIONES <\/b><\/span><\/p>\n<p class=\"p2\">Bienvenido a la <b>M\u00d3NICA VARELA<\/b> sitio web.<\/p>\n<p class=\"p2\">Los siguientes T\u00e9rminos y Condiciones de Venta (\u201cT\u00e9rminos y Condiciones\u201d) se aplican a la oferta y venta de productos a trav\u00e9s de este sitio web (\u201cel Sitio\u201d). Usted reconoce y acepta que estos T\u00e9rminos y Condiciones, junto con nuestra pol\u00edtica de privacidad, constituyen el acuerdo completo y exclusivo entre nosotros con respecto a su uso del Sitio, y reemplazan y rigen todas las propuestas, acuerdos u otras comunicaciones anteriores.<\/p>\n<p class=\"p2\">Estos T\u00e9rminos y Condiciones se rigen por la legislaci\u00f3n de la Rep\u00fablica Dominicana, espec\u00edficamente por la Ley No. 385-05 para la Protecci\u00f3n de los Derechos del Consumidor o Usuario, y todas las leyes y normas complementarias.<\/p>\n<p class=\"p2\">Al acceder o utilizar el Sitio, usted reconoce que ha le\u00eddo, comprendido y aceptado, sin limitaciones, estos T\u00e9rminos y Condiciones y que est\u00e1 sujeto a sus disposiciones. SI NO ACEPTA LOS T\u00c9RMINOS Y CONDICIONES, NO PODR\u00c1 UTILIZAR NUESTRO SITIO.<\/p>\n<p class=\"p3\"><b>DISPOSICIONES GENERALES<\/b><\/p>\n<p class=\"p4\">El contenido de este sitio web es \u00fanicamente para su informaci\u00f3n general y uso personal no comercial.<\/p>\n<p class=\"p2\">Para adquirir productos en el Sitio, los clientes deben: (a) tener al menos 18 a\u00f1os de edad o, si son menores de edad, estar debidamente autorizados por su tutor legal, (b) ser consumidores, entendi\u00e9ndose por tales personas las personas naturales o jur\u00eddicas, p\u00fablicas o privadas, que adquieran, consuman, usen o disfruten \u00fanicamente para fines personales, (c) registrarse en el Sitio; y (d) contar con una tarjeta de cr\u00e9dito vigente.<\/p>\n<p class=\"p5\">Ni <b>M\u00d3NICA VARELA,<\/b> Ni ning\u00fan tercero ofrece garant\u00eda alguna, expresa o impl\u00edcita, en cuanto a la exactitud, puntualidad, rendimiento, integridad o idoneidad de la informaci\u00f3n, los productos y los materiales que se encuentran u ofrecen en este sitio web para un fin determinado. Usted reconoce que dicha informaci\u00f3n y dichos materiales pueden contener imprecisiones o errores y excluimos expresamente la responsabilidad por dichas imprecisiones o errores en la m\u00e1xima medida permitida por la ley.<\/p>\n<p class=\"p2\">El uso de cualquier informaci\u00f3n o material en este sitio web es bajo su propio riesgo, por lo que no seremos responsables. Ser\u00e1 su responsabilidad asegurarse de que cualquier producto, servicio o informaci\u00f3n disponible a trav\u00e9s de este sitio web cumpla con sus requisitos espec\u00edficos.<\/p>\n<p class=\"p2\"><b>PRODUCTOS<\/b><\/p>\n<p class=\"p2\">Los productos descritos en el sitio se ofrecen de conformidad con las disposiciones contenidas en los art\u00edculos 33, 34, 45 y 46 de la Ley 385-05.<\/p>\n<p class=\"p2\">Los productos ofrecidos son exclusivamente para uso personal y\/o profesional. Se proh\u00edbe a los clientes cualquier compra con el fin de integrar los productos en un proceso de producci\u00f3n, transformaci\u00f3n, reventa o servicios a terceros. Tenga en cuenta que mantendremos un registro de las compras que realice a trav\u00e9s del sitio. Nos reservamos el derecho, con o sin previo aviso, de cancelar o reducir la cantidad de productos a entregar al cliente cuando, a nuestra entera discreci\u00f3n, esto constituya un incumplimiento de estos T\u00e9rminos y Condiciones.<\/p>\n<p class=\"p2\"><b>PRECIOS<\/b><\/p>\n<p class=\"p2\">Todos los precios indicados para los productos disponibles a trav\u00e9s del Sitio incluyen los impuestos correspondientes y est\u00e1n expresados en d\u00f3lares estadounidenses. Los gastos de env\u00edo internacional correr\u00e1n a cargo del cliente y se sumar\u00e1n al precio de los productos. \u00c9stos se indican por separado en el formulario de pedido.<\/p>\n<p class=\"p2\"><b>REALIZACI\u00d3N DE PEDIDOS <\/b><\/p>\n<p class=\"p2\">Para realizar un pedido, el cliente debe seguir las instrucciones que aparecen en el sitio. El cliente siempre puede cambiar o eliminar productos del carrito de compras o cancelar todo el pedido durante el proceso de pago antes de realizarlo.<\/p>\n<p class=\"p2\">Antes de realizar el pago, aparecer\u00e1 una notificaci\u00f3n en pantalla que redirigir\u00e1 al cliente al chat de WhatsApp de la tienda. Aqu\u00ed ser\u00e1 contactado por un representante de la tienda para informarle sobre la disponibilidad del art\u00edculo. Si el art\u00edculo se encuentra en stock, el tiempo de procesamiento del pedido ser\u00e1 de 24 horas. Sin embargo, si el art\u00edculo no se encuentra en stock, el cliente tiene la opci\u00f3n de solicitar que se le haga el pedido, lo que demorar\u00e1 aproximadamente de 3 a 4 semanas.<\/p>\n<p class=\"p2\">Tras la confirmaci\u00f3n de la disponibilidad, el cliente volver\u00e1 a la p\u00e1gina de \u201ccheckout\u201d para realizar el pago o modificar el pedido.<\/p>\n<p class=\"p2\">Al realizar un pedido, el cliente reconoce y declara haber le\u00eddo todas las instrucciones dadas durante el proceso de pago.<\/p>\n<p class=\"p2\">Una vez realizado el pedido, <span class=\"s2\">El cliente recibir\u00e1 un correo electr\u00f3nico de confirmaci\u00f3n.<\/span> recepci\u00f3n del pedido. Si esta confirmaci\u00f3n no llega en las 24 horas siguientes a la realizaci\u00f3n del pedido, el cliente podr\u00e1 ponerse en contacto con nosotros para solicitar asistencia llamando al<span class=\"Apple-converted-space\">\u00a0 <a href=\"tel:809-350-8629\">+1 809-350-8629<\/a><\/span>.<\/p>\n<p class=\"p2\">Si el cliente tiene alguna pregunta o inquietud al realizar un pedido o si desea realizar alguna consulta sobre un pedido anterior, puede contactarnos por tel\u00e9fono al <span class=\"Apple-converted-space\">\u00a0 <a href=\"tel:809-350-8629\">+1 809-350-8629<\/a><\/span>\u00a0o por correo electr\u00f3nico a la siguiente direcci\u00f3n: <a href=\"mailto:infomv@mvbabes.com\" target=\"_blank\" rel=\"noopener\"><span class=\"s2\">infomv@mvbabes.com<\/span><\/a>Para un servicio m\u00e1s r\u00e1pido, se recomienda a los clientes tener disponible su n\u00famero de pedido.<\/p>\n<p class=\"p7\">Los productos se cargar\u00e1n al cliente en el momento de la compra.<\/p>\n<p class=\"p7\"><b>OPCIONES DE PAGO<\/b><\/p>\n<p class=\"p7\">El cliente podr\u00e1 pagar los productos a trav\u00e9s de PayPal, transferencia bancaria o tarjeta de cr\u00e9dito, acept\u00e1ndose las siguientes modalidades:<\/p>\n\n<ul class=\"ul1\">\n \t<li class=\"li8\"><span class=\"s4\">Visa<\/span><\/li>\n \t<li class=\"li8\"><span class=\"s4\">tarjeta MasterCard<\/span><\/li>\n \t<li class=\"li8\"><span class=\"s4\">tarjeta American Express<\/span><\/li>\n<\/ul>\n<p class=\"p7\">Asimismo, todos los titulares de tarjetas de cr\u00e9dito estar\u00e1n sujetos a las validaciones y autorizaciones que realice el emisor de la tarjeta. Si el emisor de la tarjeta niega la transacci\u00f3n, o por cualquier motivo no autoriza la transacci\u00f3n, ya sea antes o despu\u00e9s de que se realice el pago, no seremos responsables por ning\u00fan retraso o falta de entrega.<\/p>\n<p class=\"p7\"><b>INFORMACI\u00d3N DEL PEDIDO<\/b><\/p>\n<p class=\"p10\">Los pedidos se procesar\u00e1n de lunes a viernes, excluyendo los d\u00edas festivos no laborables en Rep\u00fablica Dominicana, a saber:<\/p>\n\n<ul class=\"ul1\">\n \t<li class=\"li8\"><span class=\"s5\">D\u00eda de A\u00f1o Nuevo<\/span><\/li>\n \t<li class=\"li8\"><span class=\"s5\">D\u00eda de la Epifan\u00eda<\/span><\/li>\n \t<li class=\"li8\"><span class=\"s5\">D\u00eda de la Virgen de la Altagracia<\/span><\/li>\n \t<li class=\"li8\"><span class=\"s5\">D\u00eda del Padre Fundador Juan Pablo Duarte<\/span><\/li>\n \t<li class=\"li8\"><span class=\"s5\">D\u00eda de la Independencia Nacional<\/span><\/li>\n \t<li class=\"li8\"><span class=\"s5\">Semana Santa<\/span><\/li>\n \t<li class=\"li8\"><span class=\"s5\">D\u00eda laboral<\/span><\/li>\n \t<li class=\"li8\"><span class=\"s5\">Jueves de Corpus Christi<\/span><\/li>\n \t<li class=\"li8\"><span class=\"s5\">D\u00eda de la Restauraci\u00f3n<\/span><\/li>\n \t<li class=\"li8\"><span class=\"s5\">D\u00eda de la Virgen de las Mercedes<\/span><\/li>\n \t<li class=\"li8\"><span class=\"s5\">D\u00eda de la Constituci\u00f3n<\/span><\/li>\n \t<li class=\"li8\"><span class=\"s5\">Nochebuena (d\u00eda laborable hasta el mediod\u00eda)<\/span><\/li>\n \t<li class=\"li8\"><span class=\"s5\">D\u00eda de Navidad<\/span><\/li>\n \t<li class=\"li11\"><span class=\"s5\">Nochevieja<\/span><\/li>\n<\/ul>\n<p class=\"p7\">Esta lista es enunciativa, pero no limitativa, pues incluye tambi\u00e9n otros d\u00edas feriados o no laborables declarados por el Estado dominicano, los cuales pueden variar.<\/p>\n<p class=\"p7\">Todos los pedidos realizados fuera de este horario se procesar\u00e1n el siguiente d\u00eda h\u00e1bil. Los pedidos tardar\u00e1n un tiempo estimado de entrega.<span class=\"s2\"> 24 a 48 <\/span>horas para ser procesado.<\/p>\n<p class=\"p7\">En el caso de piezas preordenadas, agotadas o personalizadas, que se fabrican bajo pedido, el tiempo estimado de procesamiento es de 2 a 3 semanas. Tenga en cuenta que no podemos garantizar el stock de todos los art\u00edculos. Si necesita algo para una fecha espec\u00edfica o con urgencia, comun\u00edquese primero con nosotros por tel\u00e9fono. <span class=\"Apple-converted-space\">\u00a0 <a href=\"tel:809-350-8629\">+1 809-350-8629<\/a><\/span> o por correo electr\u00f3nico a la siguiente direcci\u00f3n:<a href=\"mailto:infomv@mvbabes.com\" target=\"_blank\" rel=\"noopener\"><span class=\"s2\"> infomv@mvbabes.com<\/span><\/a>.<\/p>\n<p class=\"p7\"><b>INFORMACI\u00d3N DE ENV\u00cdO Y ENTREGA<\/b><\/p>\n<p class=\"p7\">Las entregas nacionales se realizar\u00e1n en d\u00edas laborables a partir de <span class=\"s2\">De 8:00 am a 5:00 pm<\/span>Los productos se entregar\u00e1n en un plazo de <span class=\"s2\">m\u00e1ximo de 7 d\u00edas<\/span> a cualquier parte del pa\u00eds, luego de procesado el pedido.<\/p>\n<p class=\"p7\">Las entregas en Santo Domingo se realizar\u00e1n directamente en la direcci\u00f3n indicada por el cliente. Para entregas nacionales se utilizar\u00e1 un proveedor de servicios externo, por lo que el cliente deber\u00e1 recoger su pedido en la agencia o establecimiento del proveedor. Toda la informaci\u00f3n relativa al proveedor de servicios y su ubicaci\u00f3n se le facilitar\u00e1 al cliente tras realizar la compra.<\/p>\n<p class=\"p12\">Para todos los pedidos enviados fuera de la Rep\u00fablica Dominicana, se utilizar\u00e1 un proveedor de servicios de env\u00edo externo. Los env\u00edos se realizan exclusivamente los d\u00edas mi\u00e9rcoles y el tiempo de entrega variar\u00e1 seg\u00fan la fecha en que se realice el pedido. Los gastos de env\u00edo internacional correr\u00e1n a cargo del cliente y se a\u00f1adir\u00e1n al precio final de la compra durante el pago. Adem\u00e1s, el cliente ser\u00e1 responsable de los impuestos, derechos de aduana o tasas aplicables que pueda imponer el pa\u00eds de destino.<\/p>\n<p class=\"p13\">Los pedidos internacionales superiores a USD 500,00 tendr\u00e1n env\u00edo gratuito.<\/p>\n<p class=\"p2\">Para cualquier otra informaci\u00f3n respecto al estado de su pedido o env\u00edo, el cliente deber\u00e1 contactarnos por tel\u00e9fono al <span class=\"Apple-converted-space\">\u00a0<a href=\"tel:809-350-8629\">+1 809-350-8629<\/a><\/span>\u00a0o por correo electr\u00f3nico a la siguiente direcci\u00f3n: <a href=\"mailto:infomv@mvbabes.com\" target=\"_blank\" rel=\"noopener\"><span class=\"s2\">infomv@mvbabes.com<\/span><\/a><span class=\"s2\">.<\/span><\/p>\n<p class=\"p7\">Para recoger el pedido en tienda, el cliente podr\u00e1 acudir desde <span class=\"s2\">De lunes a viernes<\/span> de <span class=\"s2\">De 8:00 am a 5:00 pm<\/span>. Las recogidas est\u00e1n disponibles \u00fanicamente en la tienda principal, ubicada en la Avenida Abraham Lincoln, Edificio Progressus, Santo Domingo, Distrito Nacional, Rep\u00fablica Dominicana.<\/p>\n<p class=\"p7\"><b>SEGURIDAD<\/b><\/p>\n<p class=\"p12\">Para mayor seguridad, solicitamos una firma al momento de la entrega de los pedidos. Si decide no solicitarla, incl\u00fayala en la secci\u00f3n de comentarios de su pedido y tenga en cuenta que no seremos responsables de los art\u00edculos perdidos.<\/p>\n<p class=\"p7\"><b>CANCELACIONES<\/b><\/p>\n<p class=\"p7\">El sistema puede cancelar autom\u00e1ticamente un pedido por uno o m\u00e1s de los siguientes motivos:<\/p>\n\n<ul class=\"ul1\">\n \t<li class=\"li5\"><span class=\"s4\">Art\u00edculos no disponibles;<\/span><\/li>\n \t<li class=\"li5\"><span class=\"s4\">Incapacidad para procesar la informaci\u00f3n de pago;<\/span><\/li>\n \t<li class=\"li5\"><span class=\"s4\">Imposibilidad de entrega en la direcci\u00f3n proporcionada;<\/span><\/li>\n \t<li class=\"li5\"><span class=\"s4\">Orden duplicada;<\/span><\/li>\n \t<li class=\"li14\"><span class=\"s4\">Cancelaci\u00f3n a petici\u00f3n del cliente.<\/span><\/li>\n<\/ul>\n<p class=\"p7\">Si se cancela un pedido, el cliente recibir\u00e1 un correo electr\u00f3nico explicando los motivos de la cancelaci\u00f3n. No se le cobrar\u00e1 al cliente por los pedidos cancelados. El cliente tiene la posibilidad de realizar un nuevo pedido despu\u00e9s de una cancelaci\u00f3n.<\/p>\n<p class=\"p7\"><b>CUIDADO Y MANTENIMIENTO DE LOS ARTICULOS<\/b><\/p>\n<p class=\"p7\"><b>\u2026<\/b><\/p>\n<p class=\"p7\"><b>POL\u00cdTICA DE DEVOLUCIONES<\/b><\/p>\n<p class=\"p7\">Los art\u00edculos vendidos a trav\u00e9s de este sitio pueden <b>NO<\/b> ser devuelto o cambiado.<\/p>\n<p class=\"p12\">Se permiten cambios de mercanc\u00eda nueva, sin uso y sin modificaciones, acompa\u00f1ada del comprobante de compra, dentro de los 15 d\u00edas siguientes a la fecha de compra. La mercanc\u00eda debe conservar todas las etiquetas originales y estar en su embalaje original. Se emitir\u00e1n exclusivamente notas de cr\u00e9dito, las cuales tendr\u00e1n una vigencia de 30 d\u00edas.<\/p>\n<p class=\"p12\">Para pedidos internacionales, estos se consideran <b>VENTA FINAL<\/b> una vez enviados y por lo tanto no son elegibles para cambio.<\/p>\n<p class=\"p7\">En el caso de que el cliente reciba un art\u00edculo enviado con cualquier tipo de da\u00f1o, deber\u00e1 ponerse en contacto con nosotros inmediatamente por correo electr\u00f3nico a la siguiente direcci\u00f3n: <span class=\"Apple-converted-space\">\u00a0<\/span>\u00a0<a href=\"mailto:infomv@mvbabes.com\" target=\"_blank\" rel=\"noopener\"><span class=\"s2\">infomv@mvbabes.com<\/span><\/a>. Se solicitar\u00e1 al cliente que facilite una fotograf\u00eda de la pieza da\u00f1ada para que podamos realizar una evaluaci\u00f3n adecuada del caso. Esta comunicaci\u00f3n deber\u00e1 realizarse en un plazo m\u00e1ximo de 24 horas desde la recepci\u00f3n del pedido. Cualquier reclamaci\u00f3n realizada fuera de este plazo no ser\u00e1 considerada v\u00e1lida.<\/p>\n<p class=\"p15\">En caso de que se confirme que el art\u00edculo ha sufrido alg\u00fan da\u00f1o, procederemos a reenviarlo al cliente. Asimismo, si el producto se extrav\u00eda durante el proceso de env\u00edo, nos comprometemos a reenviarlo al cliente.<\/p>\n<p class=\"p7\">En caso de que el cliente tenga alguna otra queja sobre el pedido, deber\u00e1 ponerse en contacto con nosotros por tel\u00e9fono al<span class=\"Apple-converted-space\">\u00a0<a href=\"tel:809-350-8629\">+1 809-350-8629<\/a><\/span>\u00a0o por correo electr\u00f3nico a la siguiente direcci\u00f3n: <a href=\"mailto:infomv@mvbabes.com\" target=\"_blank\" rel=\"noopener\"><span class=\"s2\">infomv@mvbabes.com<\/span><\/a>, para que puedan ser atendidos. Atenderemos la reclamaci\u00f3n del cliente y ofreceremos una soluci\u00f3n adecuada a su caso, respetando siempre la legislaci\u00f3n vigente y las condiciones de esta cl\u00e1usula.<\/p>\n<p class=\"p7\"><b>OFERTAS Y PROMOCIONES<\/b><\/p>\n<p class=\"p7\">Todas las ofertas y promociones publicadas en el sitio est\u00e1n sujetas a sus propios t\u00e9rminos y condiciones. La participaci\u00f3n del cliente en una promoci\u00f3n implica la aceptaci\u00f3n plena de sus t\u00e9rminos y condiciones.<\/p>\n<p class=\"p7\"><b>PROPIEDAD INTELECTUAL<\/b><\/p>\n<p class=\"p5\">Este sitio web contiene material que es de nuestra propiedad o que nos ha sido cedido bajo licencia. Este material incluye, entre otros, el dise\u00f1o, la disposici\u00f3n, el aspecto, la apariencia y los gr\u00e1ficos. El material que compone este sitio web est\u00e1 protegido por derechos de autor, que son de nuestra propiedad exclusiva. Se proh\u00edbe la reproducci\u00f3n de este material y de cualquier dise\u00f1o incluido en \u00e9l.<\/p>\n<p class=\"p16\">Todas las marcas comerciales reproducidas en este sitio web son propiedad del operador o est\u00e1n autorizadas a utilizarlas y no pueden utilizarse ni reproducirse. El uso no autorizado de este sitio web puede dar lugar a una demanda por da\u00f1os y perjuicios o medidas cautelares y\/o constituir un delito penal.<\/p>\n<p class=\"p10\">\u2014\u2013<\/p>\n<p class=\"p7\">El uso que usted haga de este sitio web y cualquier disputa que surja de dicho uso est\u00e1 sujeto a las leyes de la Rep\u00fablica Dominicana. Los tribunales de la ciudad de Santo Domingo tendr\u00e1n jurisdicci\u00f3n exclusiva sobre cualquier disputa.<\/p>\n<p class=\"p8\">Si tiene alguna pregunta sobre nuestros T\u00e9rminos y Condiciones, comun\u00edquese con nosotros por tel\u00e9fono al<span class=\"Apple-converted-space\">\u00a0\u00a0<a href=\"tel:809-350-8629\">+1 809-350-8629<\/a>\u00a0o por correo electr\u00f3nico a la siguiente direcci\u00f3n: <a href=\"mailto:infomv@mvbabes.com\" target=\"_blank\" rel=\"noopener\"><span class=\"s2\">infomv@mvbabes.com<\/span><\/a><\/span><span class=\"s2\">.<\/span><\/p>\n<p class=\"p18\"><b>M\u00d3NICA VARELA<\/b><\/p>\n<p class=\"p18\">Santo Domingo, Rep\u00fablica Dominicana<\/p>\n<p class=\"p22\"><\/p>\t\t\t\t\t\t\t\t<\/div>\n\t\t\t\t\t<\/div>\n\t\t<\/div>\n\t\t\t\t\t<\/div>\n\t\t<\/section>\n\t\t\t\t<\/div>","protected":false},"excerpt":{"rendered":"<p>T\u00c9RMINOS Y CONDICIONES Welcome to the M\u00d3NICA VARELA website. The following Terms and Conditions of Sale (\u201cTerms and Conditions\u201d) apply<\/p>","protected":false},"author":1,"featured_media":0,"parent":0,"menu_order":0,"comment_status":"closed","ping_status":"closed","template":"","meta":{"footnotes":"","_links_to":"","_links_to_target":""},"class_list":["post-2103","page","type-page","status-publish","hentry"],"_links":{"self":[{"href":"https:\/\/mvbabes.com\/es\/wp-json\/wp\/v2\/pages\/2103","targetHints":{"allow":["GET"]}}],"collection":[{"href":"https:\/\/mvbabes.com\/es\/wp-json\/wp\/v2\/pages"}],"about":[{"href":"https:\/\/mvbabes.com\/es\/wp-json\/wp\/v2\/types\/page"}],"author":[{"embeddable":true,"href":"https:\/\/mvbabes.com\/es\/wp-json\/wp\/v2\/users\/1"}],"replies":[{"embeddable":true,"href":"https:\/\/mvbabes.com\/es\/wp-json\/wp\/v2\/comments?post=2103"}],"version-history":[{"count":0,"href":"https:\/\/mvbabes.com\/es\/wp-json\/wp\/v2\/pages\/2103\/revisions"}],"wp:attachment":[{"href":"https:\/\/mvbabes.com\/es\/wp-json\/wp\/v2\/media?parent=2103"}],"curies":[{"name":"wp","href":"https:\/\/api.w.org\/{rel}","templated":true}]}}